{"id":129,"date":"2016-03-22T14:36:14","date_gmt":"2016-03-22T13:36:14","guid":{"rendered":"https:\/\/arcora.de\/de\/arcora\/?page_id=129"},"modified":"2019-02-05T12:22:15","modified_gmt":"2019-02-05T11:22:15","slug":"kompetenz","status":"publish","type":"page","link":"https:\/\/arcora.de\/de\/kompetenz\/","title":{"rendered":"Kompetenz"},"content":{"rendered":"<div class=\"wpb-content-wrapper\">[vc_row][vc_column][vc_column_text]\n<h2>Immer offen f\u00fcr Innovationen!<\/h2>\n[\/vc_column_text][vc_empty_space][\/vc_column][\/vc_row][vc_row full_width=&#8220;stretch_row&#8220; full_height=&#8220;yes&#8220; equal_height=&#8220;yes&#8220; content_placement=&#8220;middle&#8220; parallax=&#8220;content-moving&#8220; parallax_image=&#8220;2017&#8243; king_bg_repeat=&#8220;no-repeat&#8220; king_row_type=&#8220;container_full&#8220; king_padding_top=&#8220;50&#8243;][vc_column][vc_row_inner][vc_column_inner width=&#8220;1\/2&#8243; css=&#8220;.vc_custom_1467104986461{margin-left: 20px !important;background-color: #fcfcfc !important;background-position: center !important;background-repeat: no-repeat !important;background-size: contain !important;border-radius: 5px !important;}&#8220;][vc_column_text css=&#8220;.vc_custom_1478173548521{margin-top: 10px !important;margin-right: 20px !important;margin-bottom: 20px !important;margin-left: 20px !important;}&#8220;]Wir entwickeln Dank unserem Know How, das \u00fcber die Jahre angeeignete Fachwissen und durch st\u00e4ndige Zusammenarbeit mit unseren Kunden, die uns weltweit Jahr f\u00fcr Jahr mit Lob und Tadel zur Seite stehen und uns unterst\u00fctzen, stetig neue Produkte f\u00fcr jeglichen professionellen Reinigungsbedarf.<\/p>\n<p>Ihre Erfahrungen als Kunde flie\u00dfen in unsere Produkte ein!<\/p>\n<p>Das Ergebnis: kontinuierliche Entwicklung erstaunlicher Innovationen, umweltfreundlicher Produkte mit hoher Effizienz und Qualit\u00e4t zu fairen Preisen zu Ihrem Vorteil und zum Wohle unserer Umwelt.<\/p>\n<p>Wir stellen stets sicher, dass wir Ihnen f\u00fcr jeden Bereich der professionellen Reinigung ma\u00dfgeschneiderte Produkte anbieten k\u00f6nnen.<\/p>\n<p>Mit unserer Firmenphilosophie werden wir auch weiterhin fr\u00fchzeitig und dynamisch neuen Anforderungen und Qualit\u00e4tsanspr\u00fcchen auf dem Markt gerecht werden. Immer mehr Kunden und zukunftsorientierte Unternehmen arbeiten daher mit unseren Produkten. Besonders in Europa d\u00fcrfen wir auf langj\u00e4hrige Gesch\u00e4ftsbeziehungen zu unseren Kunden zur\u00fcckblicken.[\/vc_column_text][\/vc_column_inner][vc_column_inner width=&#8220;1\/2&#8243;][\/vc_column_inner][\/vc_row_inner][\/vc_column][\/vc_row]\n<\/div>","protected":false},"excerpt":{"rendered":"<p>[vc_row][vc_column][vc_column_text] Immer offen f\u00fcr Innovationen! [\/vc_column_text][vc_empty_space][\/vc_column][\/vc_row][vc_row full_width=&#8220;stretch_row&#8220; full_height=&#8220;yes&#8220; equal_height=&#8220;yes&#8220; content_placement=&#8220;middle&#8220; parallax=&#8220;content-moving&#8220; parallax_image=&#8220;2017&#8243; king_bg_repeat=&#8220;no-repeat&#8220; king_row_type=&#8220;container_full&#8220; king_padding_top=&#8220;50&#8243;][vc_column][vc_row_inner][vc_column_inner width=&#8220;1\/2&#8243; css=&#8220;.vc_custom_1467104986461{margin-left: 20px !important;background-color: #fcfcfc !important;background-position: center !important;background-repeat: no-repeat !important;background-size: contain !important;border-radius: 5px !important;}&#8220;][vc_column_text css=&#8220;.vc_custom_1478173548521{margin-top: 10px !important;margin-right: 20px !important;margin-bottom: 20px !important;margin-left: 20px !important;}&#8220;]Wir entwickeln Dank unserem Know How, das \u00fcber die Jahre angeeignete Fachwissen und durch st\u00e4ndige Zusammenarbeit mit unseren<\/p>\n","protected":false},"author":13,"featured_media":0,"parent":0,"menu_order":0,"comment_status":"closed","ping_status":"closed","template":"","meta":{"footnotes":""},"class_list":["post-129","page","type-page","status-publish","hentry","prodpage-classic"],"_links":{"self":[{"href":"https:\/\/arcora.de\/de\/wp-json\/wp\/v2\/pages\/129","targetHints":{"allow":["GET"]}}],"collection":[{"href":"https:\/\/arcora.de\/de\/wp-json\/wp\/v2\/pages"}],"about":[{"href":"https:\/\/arcora.de\/de\/wp-json\/wp\/v2\/types\/page"}],"author":[{"embeddable":true,"href":"https:\/\/arcora.de\/de\/wp-json\/wp\/v2\/users\/13"}],"replies":[{"embeddable":true,"href":"https:\/\/arcora.de\/de\/wp-json\/wp\/v2\/comments?post=129"}],"version-history":[{"count":0,"href":"https:\/\/arcora.de\/de\/wp-json\/wp\/v2\/pages\/129\/revisions"}],"wp:attachment":[{"href":"https:\/\/arcora.de\/de\/wp-json\/wp\/v2\/media?parent=129"}],"curies":[{"name":"wp","href":"https:\/\/api.w.org\/{rel}","templated":true}]}}