{"id":1961,"date":"2016-06-21T16:09:11","date_gmt":"2016-06-21T14:09:11","guid":{"rendered":"https:\/\/arcora.de\/de\/arcora\/?page_id=1961"},"modified":"2022-06-08T13:56:32","modified_gmt":"2022-06-08T11:56:32","slug":"standort","status":"publish","type":"page","link":"https:\/\/arcora.de\/de\/standort\/","title":{"rendered":"Standorte International"},"content":{"rendered":"<div class=\"wpb-content-wrapper\">[vc_row][vc_column][vc_column_text]Die ARCORA GROUP ist derzeit in folgenden L\u00e4ndern vertreten und das Wachstum setzt sich fort.[\/vc_column_text][\/vc_column][\/vc_row][vc_row][vc_column width=&#8220;1\/6&#8243;][vc_column_text]Deutschland<br \/>\nPolen<br \/>\nTschechische Republik<br \/>\n\u00d6sterreich<br \/>\nUngarn<br \/>\nRum\u00e4nien<br \/>\nBulgarien<br \/>\nSerbien<br \/>\nKroatien<br \/>\nAlbanien<br \/>\nD\u00e4nemark<br \/>\nKosovo<br \/>\nSlovenien[\/vc_column_text][\/vc_column][vc_column width=&#8220;2\/3&#8243; css=&#8220;.vc_custom_1552574139882{margin-left: -20px !important;}&#8220;][vc_single_image image=&#8220;6459&#8243; img_size=&#8220;900&#8243; style=&#8220;vc_box_rounded&#8220;][\/vc_column][vc_column width=&#8220;1\/6&#8243;][vc_column_text]T\u00fcrkei<br \/>\nItalien<br \/>\nSpanien<br \/>\nSchweiz<br \/>\nLuxemburg<br \/>\nNorwegen<br \/>\nNiederlande<br \/>\nIndien<br \/>\nUAE<br \/>\nSingapur<br \/>\nMazedonien<br \/>\nLitauen[\/vc_column_text][\/vc_column][\/vc_row][vc_row][vc_column][vc_column_text]<span title=\"\">Wenn Sie mit einem unserer internationalen Partner in Kontakt treten m\u00f6chten, teilen Sie uns dies bitte mit und wir werden Ihnen die Kontaktinformationen zur Verf\u00fcgung stellen.<\/span>[\/vc_column_text][\/vc_column][\/vc_row]\n<\/div>","protected":false},"excerpt":{"rendered":"<p>[vc_row][vc_column][vc_column_text]Die ARCORA GROUP ist derzeit in folgenden L\u00e4ndern vertreten und das Wachstum setzt sich fort.[\/vc_column_text][\/vc_column][\/vc_row][vc_row][vc_column width=&#8220;1\/6&#8243;][vc_column_text]Deutschland Polen Tschechische Republik \u00d6sterreich Ungarn Rum\u00e4nien Bulgarien Serbien Kroatien Albanien D\u00e4nemark Kosovo Slovenien[\/vc_column_text][\/vc_column][vc_column width=&#8220;2\/3&#8243; css=&#8220;.vc_custom_1552574139882{margin-left: -20px !important;}&#8220;][vc_single_image image=&#8220;6459&#8243; img_size=&#8220;900&#8243; style=&#8220;vc_box_rounded&#8220;][\/vc_column][vc_column width=&#8220;1\/6&#8243;][vc_column_text]T\u00fcrkei Italien Spanien Schweiz Luxemburg Norwegen Niederlande Indien UAE Singapur Mazedonien Litauen[\/vc_column_text][\/vc_column][\/vc_row][vc_row][vc_column][vc_column_text]Wenn Sie mit einem unserer internationalen Partner in<\/p>\n","protected":false},"author":13,"featured_media":0,"parent":0,"menu_order":0,"comment_status":"closed","ping_status":"closed","template":"","meta":{"footnotes":""},"class_list":["post-1961","page","type-page","status-publish","hentry","prodpage-classic"],"_links":{"self":[{"href":"https:\/\/arcora.de\/de\/wp-json\/wp\/v2\/pages\/1961","targetHints":{"allow":["GET"]}}],"collection":[{"href":"https:\/\/arcora.de\/de\/wp-json\/wp\/v2\/pages"}],"about":[{"href":"https:\/\/arcora.de\/de\/wp-json\/wp\/v2\/types\/page"}],"author":[{"embeddable":true,"href":"https:\/\/arcora.de\/de\/wp-json\/wp\/v2\/users\/13"}],"replies":[{"embeddable":true,"href":"https:\/\/arcora.de\/de\/wp-json\/wp\/v2\/comments?post=1961"}],"version-history":[{"count":0,"href":"https:\/\/arcora.de\/de\/wp-json\/wp\/v2\/pages\/1961\/revisions"}],"wp:attachment":[{"href":"https:\/\/arcora.de\/de\/wp-json\/wp\/v2\/media?parent=1961"}],"curies":[{"name":"wp","href":"https:\/\/api.w.org\/{rel}","templated":true}]}}