{"id":1995,"date":"2016-06-28T09:21:50","date_gmt":"2016-06-28T07:21:50","guid":{"rendered":"https:\/\/arcora.de\/de\/arcora\/?page_id=1995"},"modified":"2019-02-05T13:21:15","modified_gmt":"2019-02-05T12:21:15","slug":"zeiel","status":"publish","type":"page","link":"https:\/\/arcora.de\/de\/zeiel\/","title":{"rendered":"Ziele"},"content":{"rendered":"<div class=\"wpb-content-wrapper\">[vc_row][vc_column][vc_column_text]Die ARCORA GROUP ist davon \u00fcberzeugt, dass \u00f6konomische Ziele sich heutzutage mit \u00f6kologischen Mitteln erreichen lassen. In der Unternehmensphilosophie ist dies bereits seit Jahren fester Bestandteil.<\/p>\n<p>Genauso wie die Qualit\u00e4tssicherung, die Wirtschaftlichkeit und die Sicherheit der Produkte, z\u00e4hlt auch der<br \/>\nbetriebliche Umweltschutz zu den erkl\u00e4rten Unternehmenszielen der ARCORA GROUP. Und wie bei jedem<br \/>\nunserer Ziele ist eine kontinuierliche Verbesserung oberste Priorit\u00e4t.<\/p>\n<p>Selbsterkl\u00e4rtes Ziel ist au\u00dferdem auch die Verantwortung gegen\u00fcber unseren Mitarbeitern, sowie ein schonender Umgang mit den nat\u00fcrlichen Ressourcen.[\/vc_column_text][\/vc_column][\/vc_row][vc_row content_placement=&#8220;top&#8220; parallax=&#8220;content-moving&#8220; parallax_image=&#8220;1996&#8243; parallax_speed_bg=&#8220;4&#8243; king_bg_repeat=&#8220;center&#8220; king_row_type=&#8220;parallax&#8220; king_padding_top=&#8220;100%&#8220;][vc_column css=&#8220;.vc_custom_1468777840649{margin-top: 100px !important;margin-bottom: 100px !important;}&#8220;][vc_column_text][\/vc_column_text][\/vc_column][\/vc_row][vc_row][vc_column][vc_column_text]Qualit\u00e4t, Qualit\u00e4tsmanagement, Umweltmanagement, Integriertes Managementsystem &#8211; wichtige Schl\u00fcsselbegriffe f\u00fcr k\u00fcnftige Markterfolge. Daher haben wir ein Managementsystem aufgebaut, welches sowohl Umwelt- als auch Qualit\u00e4tsmanagement beinhaltet. Wer langfristig sowohl am europ\u00e4ischen Markt als auch weltweit bestehen will, hat sich an neuen, internationalen Standards zu orientieren.<\/p>\n<p>\u201eDen Blick nach vorn zu richten ist eine der wichtigsten Aufgaben unserer Zeit. Verbunden mit dem Gesp\u00fcr, die komplexen Anforderungen des Marktes zu erkennen und ihnen auch gerecht zu werden. Dies gelingt durch die Verkn\u00fcpfung leistungsstarker Parameter zu einer ganzheitlichen Strategie.\u201c &#8211; Sami Memili, CEO[\/vc_column_text][\/vc_column][\/vc_row]\n<\/div>","protected":false},"excerpt":{"rendered":"<p>[vc_row][vc_column][vc_column_text]Die ARCORA GROUP ist davon \u00fcberzeugt, dass \u00f6konomische Ziele sich heutzutage mit \u00f6kologischen Mitteln erreichen lassen. In der Unternehmensphilosophie ist dies bereits seit Jahren fester Bestandteil. Genauso wie die Qualit\u00e4tssicherung, die Wirtschaftlichkeit und die Sicherheit der Produkte, z\u00e4hlt auch der betriebliche Umweltschutz zu den erkl\u00e4rten Unternehmenszielen der ARCORA GROUP. Und wie bei jedem unserer Ziele<\/p>\n","protected":false},"author":13,"featured_media":0,"parent":0,"menu_order":0,"comment_status":"closed","ping_status":"closed","template":"","meta":{"footnotes":""},"class_list":["post-1995","page","type-page","status-publish","hentry","prodpage-classic"],"_links":{"self":[{"href":"https:\/\/arcora.de\/de\/wp-json\/wp\/v2\/pages\/1995","targetHints":{"allow":["GET"]}}],"collection":[{"href":"https:\/\/arcora.de\/de\/wp-json\/wp\/v2\/pages"}],"about":[{"href":"https:\/\/arcora.de\/de\/wp-json\/wp\/v2\/types\/page"}],"author":[{"embeddable":true,"href":"https:\/\/arcora.de\/de\/wp-json\/wp\/v2\/users\/13"}],"replies":[{"embeddable":true,"href":"https:\/\/arcora.de\/de\/wp-json\/wp\/v2\/comments?post=1995"}],"version-history":[{"count":0,"href":"https:\/\/arcora.de\/de\/wp-json\/wp\/v2\/pages\/1995\/revisions"}],"wp:attachment":[{"href":"https:\/\/arcora.de\/de\/wp-json\/wp\/v2\/media?parent=1995"}],"curies":[{"name":"wp","href":"https:\/\/api.w.org\/{rel}","templated":true}]}}