{"id":2192,"date":"2016-07-17T20:20:33","date_gmt":"2016-07-17T18:20:33","guid":{"rendered":"https:\/\/arcora.de\/de\/arcora\/?page_id=2192"},"modified":"2022-07-04T17:23:59","modified_gmt":"2022-07-04T15:23:59","slug":"impressum","status":"publish","type":"page","link":"https:\/\/arcora.de\/de\/impressum\/","title":{"rendered":"Impressum"},"content":{"rendered":"<div class=\"wpb-content-wrapper\">[vc_row][vc_column][vc_column_text]\n<h2>Impressum-Generator<\/h2>\n<p>Allgemeine Informationen<br \/>\nRechtliche Informationen<br \/>\nImpressum<\/p>\n<p><strong>ARCORA INTERNATIONAL GmbH<\/strong><br \/>\nMarsstr. 9<br \/>\n85609 Aschheim<\/p>\n<p>Telefon: +498914332930<br \/>\nFax: +4989143329329<br \/>\nE-Mail: info[a]arcora.de<\/p>\n<p>Gesch\u00e4ftsf\u00fchrer: Sami Memili<\/p>\n<p><strong>Registereintrag:<\/strong><br \/>\nEingetragen im Handelsregister<br \/>\nBeim Registergericht: Amtsgericht M\u00fcnchen<br \/>\nUnter der Registernummer: HRB 160055<br \/>\nDUNS-Nummer: 551098598<\/p>\n<p>Umsatzsteuer-Identifikationsnummer gem\u00e4\u00df \u00a727a Umsatzsteuergesetz: DE 814564893<br \/>\nWirtschaftsidentikifationsnummer gem\u00e4\u00df \u00a7139 c Abgabeordnung:<\/p>\n<p>Dieses Impressum wurde erstellt durch <a href=\"https:\/\/www.datenschutzexperte.de\">www.datenschutzexperte.de<\/a>[\/vc_column_text][\/vc_column][\/vc_row]\n<\/div>","protected":false},"excerpt":{"rendered":"<p>[vc_row][vc_column][vc_column_text] Impressum-Generator Allgemeine Informationen Rechtliche Informationen Impressum ARCORA INTERNATIONAL GmbH Marsstr. 9 85609 Aschheim Telefon: +498914332930 Fax: +4989143329329 E-Mail: info[a]arcora.de Gesch\u00e4ftsf\u00fchrer: Sami Memili Registereintrag: Eingetragen im Handelsregister Beim Registergericht: Amtsgericht M\u00fcnchen Unter der Registernummer: HRB 160055 DUNS-Nummer: 551098598 Umsatzsteuer-Identifikationsnummer gem\u00e4\u00df \u00a727a Umsatzsteuergesetz: DE 814564893 Wirtschaftsidentikifationsnummer gem\u00e4\u00df \u00a7139 c Abgabeordnung: Dieses Impressum wurde erstellt durch www.datenschutzexperte.de[\/vc_column_text][\/vc_column][\/vc_row]<\/p>\n","protected":false},"author":13,"featured_media":0,"parent":0,"menu_order":0,"comment_status":"closed","ping_status":"closed","template":"","meta":{"footnotes":""},"class_list":["post-2192","page","type-page","status-publish","hentry","prodpage-classic"],"_links":{"self":[{"href":"https:\/\/arcora.de\/de\/wp-json\/wp\/v2\/pages\/2192","targetHints":{"allow":["GET"]}}],"collection":[{"href":"https:\/\/arcora.de\/de\/wp-json\/wp\/v2\/pages"}],"about":[{"href":"https:\/\/arcora.de\/de\/wp-json\/wp\/v2\/types\/page"}],"author":[{"embeddable":true,"href":"https:\/\/arcora.de\/de\/wp-json\/wp\/v2\/users\/13"}],"replies":[{"embeddable":true,"href":"https:\/\/arcora.de\/de\/wp-json\/wp\/v2\/comments?post=2192"}],"version-history":[{"count":0,"href":"https:\/\/arcora.de\/de\/wp-json\/wp\/v2\/pages\/2192\/revisions"}],"wp:attachment":[{"href":"https:\/\/arcora.de\/de\/wp-json\/wp\/v2\/media?parent=2192"}],"curies":[{"name":"wp","href":"https:\/\/api.w.org\/{rel}","templated":true}]}}