{"id":2451,"date":"2016-08-02T17:59:02","date_gmt":"2016-08-02T15:59:02","guid":{"rendered":"https:\/\/arcora.de\/de\/arcora\/?page_id=2451"},"modified":"2019-02-21T18:42:38","modified_gmt":"2019-02-21T17:42:38","slug":"jobs-karriere","status":"publish","type":"page","link":"https:\/\/arcora.de\/de\/jobs-karriere\/","title":{"rendered":"Jobs &#038; Karriere"},"content":{"rendered":"<div class=\"wpb-content-wrapper\">[vc_row][vc_column][vc_single_image image=&#8220;2796&#8243; img_size=&#8220;1000&#8243;][vc_column_text]<strong>TRAINEEPROGRAMM:<\/strong><br \/>\nWenn Sie Ihr Studium beendet haben oder kurz vor dem Abschluss stehen, k\u00f6nnen Sie bei uns Ihre ersten Berufserfahrungen sammeln. Sie erhalten Einblicke in die verschiedenen Abteilungen, Trainings &amp; Workshops, F\u00f6rderung Ihrer St\u00e4rken und vieles mehr. Dies nat\u00fcrlich alles in bester Teamarbeit.<br \/>\nBewerben Sie sich bei uns als Trainee f\u00fcr:<\/p>\n<ul>\n<li>Sales<\/li>\n<li>Finance<\/li>\n<li>Logistics<\/li>\n<li>Manufacturing<\/li>\n<li>Human Resources<\/li>\n<li>Research &amp; Developement<\/li>\n<\/ul>\n<p>Selbstverst\u00e4ndlich besteht die M\u00f6glichkeit auf eine \u00dcbernahme in unser Unternehmen nach Beendigung Ihres Trainee Programms.<br \/>\nUnser gesamtes Team freut sich auf eine Zusammenarbeit mit Ihnen.<\/p>\n<p><strong>F\u00dcR STUDENTEN \/ WERKSTUDENTEN:<\/strong><br \/>\nWenn Sie sich parallel zu Ihrem Studium Erfahrungen in der Praxis aneignen m\u00f6chten, sind Sie bei uns in den besten H\u00e4nden. Wir bieten Ihnen verantwortungsvolle Arbeitsbereiche in denen Sie Ihre F\u00e4higkeiten, Ihr Wissen und Ihr Engagement unter Beweis stellen k\u00f6nnen und stehen Ihnen stets mit Rat und Tat zur Seite.<\/p>\n<p><strong>PRAKTIKANTEN:<\/strong><br \/>\nSie m\u00f6chten neben der Schule in den Ferien in die Praxis schnuppern?<br \/>\nDas h\u00f6ren wir gerne, denn f\u00fcr uns sind Sie nicht &#8222;nur&#8220; ein Praktikant, sondern ein potenzieller Mitarbeiter. Bei uns k\u00f6nnen Sie auch verantwortungsvolle Arbeiten \u00fcbernehmen und so Ihr K\u00f6nnen unter Beweis stellen.<\/p>\n<p><strong>STELLENANGEBOTE:<\/strong><br \/>\nEine Mitarbeit in unserem Unternehmen muss man erleben, denn bei uns wird <strong>TEAMARBEIT<\/strong> und <strong>GUTES ARBEITSKLIMA<\/strong> gro\u00df geschrieben.[\/vc_column_text][\/vc_column][\/vc_row][vc_row][vc_column][vc_column_text]Wir bieten Ihnen die M\u00f6glichkeit, Ihre Zukunft bei uns zu gestalten. Unser Antrieb sind Innovationen, die die Lebensqualit\u00e4t und den Lebensraum der Menschen verbessern. Eine Mitarbeit in unserem Unternehmen muss man erleben, denn bei uns werden <strong>TEAMARBEIT<\/strong> und <strong>GUTES ARBEITSKLIMA<\/strong> gro\u00df geschrieben.<\/p>\n<p>Werden Sie ein Teil der ARCORA\u00a0INTERNATIONAL GmbH. Unser gesamtes Team freut sich auf eine Zusammenarbeit mit Ihnen.<\/p>\n<p>Wir bilden aus!<\/p>\n<p><img loading=\"lazy\" decoding=\"async\" class=\"alignnone size-medium wp-image-6190\" src=\"https:\/\/arcora.de\/de\/wp-content\/uploads\/2019\/02\/IHK-Ausbildungsbetrieb-300x204.jpg\" alt=\"\" width=\"300\" height=\"204\" srcset=\"https:\/\/arcora.de\/de\/wp-content\/uploads\/2019\/02\/IHK-Ausbildungsbetrieb-300x204.jpg 300w, https:\/\/arcora.de\/de\/wp-content\/uploads\/2019\/02\/IHK-Ausbildungsbetrieb-275x187.jpg 275w, https:\/\/arcora.de\/de\/wp-content\/uploads\/2019\/02\/IHK-Ausbildungsbetrieb.jpg 540w\" sizes=\"auto, (max-width: 300px) 100vw, 300px\" \/><\/p>\n<p>&nbsp;<\/p>\n<p>Die ARCORA INTERNATIONAL ist\u00a0seit 1994\u00a0IHK Ausbildungsbetrieb[\/vc_column_text][\/vc_column][\/vc_row]\n<\/div>","protected":false},"excerpt":{"rendered":"<p>[vc_row][vc_column][vc_single_image image=&#8220;2796&#8243; img_size=&#8220;1000&#8243;][vc_column_text]TRAINEEPROGRAMM: Wenn Sie Ihr Studium beendet haben oder kurz vor dem Abschluss stehen, k\u00f6nnen Sie bei uns Ihre ersten Berufserfahrungen sammeln. Sie erhalten Einblicke in die verschiedenen Abteilungen, Trainings &amp; Workshops, F\u00f6rderung Ihrer St\u00e4rken und vieles mehr. Dies nat\u00fcrlich alles in bester Teamarbeit. Bewerben Sie sich bei uns als Trainee f\u00fcr: Sales Finance<\/p>\n","protected":false},"author":13,"featured_media":0,"parent":0,"menu_order":0,"comment_status":"closed","ping_status":"closed","template":"","meta":{"footnotes":""},"class_list":["post-2451","page","type-page","status-publish","hentry","prodpage-classic"],"_links":{"self":[{"href":"https:\/\/arcora.de\/de\/wp-json\/wp\/v2\/pages\/2451","targetHints":{"allow":["GET"]}}],"collection":[{"href":"https:\/\/arcora.de\/de\/wp-json\/wp\/v2\/pages"}],"about":[{"href":"https:\/\/arcora.de\/de\/wp-json\/wp\/v2\/types\/page"}],"author":[{"embeddable":true,"href":"https:\/\/arcora.de\/de\/wp-json\/wp\/v2\/users\/13"}],"replies":[{"embeddable":true,"href":"https:\/\/arcora.de\/de\/wp-json\/wp\/v2\/comments?post=2451"}],"version-history":[{"count":0,"href":"https:\/\/arcora.de\/de\/wp-json\/wp\/v2\/pages\/2451\/revisions"}],"wp:attachment":[{"href":"https:\/\/arcora.de\/de\/wp-json\/wp\/v2\/media?parent=2451"}],"curies":[{"name":"wp","href":"https:\/\/api.w.org\/{rel}","templated":true}]}}