{"id":2769,"date":"2016-11-09T13:58:18","date_gmt":"2016-11-09T12:58:18","guid":{"rendered":"https:\/\/arcora.de\/de\/arcora\/?page_id=2769"},"modified":"2024-01-11T11:09:54","modified_gmt":"2024-01-11T10:09:54","slug":"presse","status":"publish","type":"page","link":"https:\/\/arcora.de\/de\/presse\/","title":{"rendered":"Presse"},"content":{"rendered":"<div class=\"wpb-content-wrapper\">[vc_row][vc_column width=&#8220;1\/4&#8243;][vc_single_image image=&#8220;14249&#8243; img_size=&#8220;200&#215;300&#8243; style=&#8220;vc_box_border&#8220; onclick=&#8220;custom_link&#8220; img_link_target=&#8220;_blank&#8220; link=&#8220;https:\/\/www.rationell-reinigen.de\/gallery\/cms-2023-die-trends-aus-berlin-teil-2-275083\/&#8220;][\/vc_column][vc_column width=&#8220;3\/4&#8243;][vc_column_text]\n<h3>CMS 2023: DIE TRENDS AUS BERLIN<\/h3>\n[\/vc_column_text][vc_separator css=&#8220;.vc_custom_1478697964836{margin-top: -30px !important;}&#8220;][vc_column_text]<strong>CMS 2023\u00a0<\/strong><\/p>\n<p>Arcora: Bei der Ecoblack Technology von Arcora werden Recycling-Materialien von alten, leeren Batteriegeh\u00e4usen zu robustem und langlebigem Kunststoff verarbeitet. Dabei wird eine gro\u00dfe Menge an CO2 eingespart. Sami Memili und Isabell Huonker (Bild) pr\u00e4sentierten die zur Ecoblack-Serie geh\u00f6renden Produkte wie Doppelfahreimer, Servicew\u00e4gen und ein Staubsauger.<\/p>\n<p><a href=\"https:\/\/www.rationell-reinigen.de\/gallery\/cms-2023-die-trends-aus-berlin-teil-2-275083\/\">mehr..<\/a>[\/vc_column_text][\/vc_column][\/vc_row][vc_row][vc_column width=&#8220;1\/4&#8243;][vc_single_image image=&#8220;13629&#8243; img_size=&#8220;200&#215;300&#8243; style=&#8220;vc_box_border&#8220; onclick=&#8220;custom_link&#8220; img_link_target=&#8220;_blank&#8220; link=&#8220;https:\/\/arcora.de\/de\/wp-content\/uploads\/2023\/04\/PhoenixPreis_2022_Praemierte_Vorbilder.pdf&#8220;][\/vc_column][vc_column width=&#8220;3\/4&#8243;][vc_column_text]\n<h3>Ph\u00f6nixPreis 2022<\/h3>\n[\/vc_column_text][vc_separator css=&#8220;.vc_custom_1478697964836{margin-top: -30px !important;}&#8220;][vc_column_text]<strong>Begehrte Troph\u00e4e &#8211; Ph\u00f6nixPreis<\/strong><\/p>\n<p>Der Ph\u00f6nixPreis ehrt Migrantenunternehmen, die mit ihrer wirtschaftlichen Leistung und ihrem interkulturellen Engagement den Standort M\u00fcnchen bereichern. Welche Herausforderungen dabei zu meistern sind, berichten hier stellvertretend drei der Preistr\u00e4ger.<\/p>\n<p><a href=\"https:\/\/arcora.de\/de\/wp-content\/uploads\/2023\/04\/PhoenixPreis_2022_Praemierte_Vorbilder.pdf\">mehr..<\/a>[\/vc_column_text][\/vc_column][\/vc_row][vc_row][vc_column width=&#8220;1\/4&#8243;][vc_single_image image=&#8220;12561&#8243; img_size=&#8220;200&#215;300&#8243; style=&#8220;vc_box_border&#8220; onclick=&#8220;custom_link&#8220; img_link_target=&#8220;_blank&#8220; link=&#8220;https:\/\/arcora.de\/de\/wp-content\/uploads\/2022\/05\/flashawards.pdf&#8220;][\/vc_column][vc_column width=&#8220;3\/4&#8243;][vc_column_text]\n<h3>Gewinner des Amsterdam Innovation Awards 2022 in der Kategorie Workforce &amp; Ergonomics<\/h3>\n[\/vc_column_text][vc_separator css=&#8220;.vc_custom_1478697964836{margin-top: -30px !important;}&#8220;][vc_column_text]Reinigungs Markt Heft 4 \/ 2022<\/p>\n<p><strong>REINIGUNGS MARKT \/ Flash News<\/strong><\/p>\n<p><strong>Arbeitskr\u00e4fte &amp; Ergonomie<br \/>\n<\/strong>Kategoriegewinner: Pu-Pad Light von Arcora<br \/>\nDie Reinigung von Fu\u00dfb\u00f6den ist eine der zeitaufw\u00e4ndigsten Aufgaben des Reinigungspersonals und bei der Reinigung verschiedener Oberfl\u00e4chen m\u00fcssen h\u00e4ufig die Pads gewechselt werden. Manchmal ist die Reinigungskraft unsicher, welches Pad sich am besten eignet, und es kann zu Fehlern kommen. Das Pu-Pad Light beseitigt diese Ungewissheit und hat den ergonomischen Vorteil, dass sich die Reinigungskraft nicht st\u00e4ndig b\u00fccken muss, um die Pads zu wechseln.<\/p>\n<p><a href=\"https:\/\/arcora.de\/de\/wp-content\/uploads\/2022\/05\/flashawards.pdf\">mehr..<\/a>[\/vc_column_text][\/vc_column][\/vc_row][vc_row][vc_column width=&#8220;1\/4&#8243;][vc_single_image image=&#8220;12149&#8243; img_size=&#8220;200&#215;300&#8243; style=&#8220;vc_box_border&#8220; onclick=&#8220;custom_link&#8220; img_link_target=&#8220;_blank&#8220; link=&#8220;https:\/\/arcora.de\/de\/wp-content\/uploads\/2022\/02\/TP_Arcora_NEU.pdf&#8220;][\/vc_column][vc_column width=&#8220;3\/4&#8243;][vc_column_text]\n<h3>SOZIAL DENKEN, VERANTWORTUNGSVOLL HANDELN<\/h3>\n[\/vc_column_text][vc_separator css=&#8220;.vc_custom_1478697964836{margin-top: -30px !important;}&#8220;][vc_column_text]Reinigungs Markt Heft 1 \/ 2022<\/p>\n<p><strong>REINIGUNGS MARKT \/ Top Partner<\/strong><\/p>\n<p>Nachhaltigkeit ist fest in der ARCORA Unternehmensphilosophie verankert und die Verantwortung gegen\u00fcber Menschen, Umwelt und Gesellschaft von gro\u00dfer Bedeutung. Bei all unseren Produkten und Prozessen achten wir stets darauf neben den \u00f6konomischen, vor allem die sozialen und \u00f6kologischen<br \/>\nAspekte nicht au\u00dfer Acht zu lassen und immer zukunftsorientiert zu handeln.<\/p>\n<p><a href=\"https:\/\/arcora.de\/de\/wp-content\/uploads\/2022\/02\/TP_Arcora_NEU.pdf\">mehr..<\/a>[\/vc_column_text][\/vc_column][\/vc_row][vc_row][vc_column width=&#8220;1\/4&#8243;][vc_single_image image=&#8220;9394&#8243; img_size=&#8220;200&#215;300&#8243; style=&#8220;vc_box_border&#8220; onclick=&#8220;custom_link&#8220; img_link_target=&#8220;_blank&#8220; link=&#8220;https:\/\/arcora.de\/de\/wp-content\/uploads\/2020\/02\/Arcora_Nachhaltigkeit_v2-NEUU.pdf&#8220;][\/vc_column][vc_column width=&#8220;3\/4&#8243;][vc_column_text]\n<h3>ARCORA EASY CLEAN- WELTPREMIEREN<\/h3>\n[\/vc_column_text][vc_separator css=&#8220;.vc_custom_1478697964836{margin-top: -30px !important;}&#8220;][vc_column_text]Reinigungs Markt Heft 8 \/ 2019<\/p>\n<p><strong>REINIGUNGS MARKT \/ Nachhaltigkeit<\/strong><\/p>\n<p>Nachhaltigkeit \u2013 Ein Thema, das immer mehr an Bedeutung gewinnt und fest in der ARCORA\u00ae Unternehmensphilosophie verankert ist. Im Rahmen der Anforderungen der ISO 14001, nach der ARORA\u00ae zertifiziert ist, ist es ein grundlegendes Ziel, als Hersteller von innovativen und umweltfreundlichen Produkten, die Umwelt zu sch\u00fctzen.<\/p>\n<p><a class=\"link\" href=\"https:\/\/arcora.de\/de\/wp-content\/uploads\/2020\/02\/Arcora_Nachhaltigkeit_v2-NEUU.pdf\" target=\"_blank\" rel=\"noopener noreferrer\">mehr..<\/a>[\/vc_column_text][\/vc_column][\/vc_row][vc_row][vc_column width=&#8220;1\/4&#8243;][vc_single_image image=&#8220;8979&#8243; img_size=&#8220;200&#215;300&#8243; style=&#8220;vc_box_border&#8220; onclick=&#8220;custom_link&#8220; img_link_target=&#8220;_blank&#8220; link=&#8220;https:\/\/arcora.de\/de\/wp-content\/uploads\/2019\/12\/Presse2019-1.jpg&#8220;][\/vc_column][vc_column width=&#8220;3\/4&#8243;][vc_column_text]\n<h3>\u201eEasy Clean\u201c-Konzept f\u00fcr die leichte und einfache Reinigung<\/h3>\n[\/vc_column_text][vc_separator css=&#8220;.vc_custom_1478697964836{margin-top: -30px !important;}&#8220;][vc_column_text]Neu in der REINIGUNGS MARKT-Mediathek: ARCORA live von der CMS 2019 | Reinigungs Markt Flash News Nr. 110 | 18. Dezember 2019<\/p>\n<p><strong>REINIGUNGS MARKT \/ \u201eEasy Clean\u201c-Konzept f\u00fcr die leichte und einfache Reinigung<\/strong><\/p>\n<p>Durch die Entwicklung und Kombination von innovativen Systemen und Produkten wird ein verbessertes Reinigungsergebnis mit weniger Aufwand und ergonomischen Vorteilen f\u00fcr Mitarbeiter in der Reinigung erzielt.[\/vc_column_text][vc_column_text]\n<a class=\"link\" href=\"https:\/\/arcora.de\/de\/wp-content\/uploads\/2019\/12\/Presse2019-1.jpg\" target=\"_blank\" rel=\"noopener noreferrer\">mehr..<\/a>[\/vc_column_text][vc_row_inner][vc_column_inner width=&#8220;1\/3&#8243;][vc_video link=&#8220;https:\/\/youtu.be\/gsR3C3nW9Ds&#8220;][\/vc_column_inner][vc_column_inner width=&#8220;1\/3&#8243;][\/vc_column_inner][vc_column_inner width=&#8220;1\/3&#8243;][\/vc_column_inner][\/vc_row_inner][vc_separator css=&#8220;.vc_custom_1478697964836{margin-top: -30px !important;}&#8220;][\/vc_column][\/vc_row][vc_row][vc_column width=&#8220;1\/4&#8243;][vc_single_image image=&#8220;9003&#8243; img_size=&#8220;200&#215;300&#8243; style=&#8220;vc_box_border&#8220; onclick=&#8220;custom_link&#8220; img_link_target=&#8220;_blank&#8220; link=&#8220;https:\/\/arcora.de\/de\/wp-content\/uploads\/2020\/01\/Top-Partner-Februar-2019.pdf&#8220;][\/vc_column][vc_column width=&#8220;3\/4&#8243;][vc_column_text]\n<h3>Innovationen und Weltneuheiten bei der ARCORA GROUP<\/h3>\n[\/vc_column_text][vc_separator css=&#8220;.vc_custom_1478697964836{margin-top: -30px !important;}&#8220;][vc_column_text]Reinigungs Markt Heft 1 \/ 2019<\/p>\n<p><strong>REINIGUNGS MARKT \/ Toppartner<\/strong><\/p>\n<p>Seit \u00fcber 27 Jahren ist die ARCORA GROUP Ansprechpartner f\u00fcr alle Themen rund um Sauberkeit und Hygiene.<\/p>\n<p><a class=\"link\" href=\"https:\/\/arcora.de\/de\/wp-content\/uploads\/2020\/01\/Top-Partner-Februar-2019.pdf\" target=\"_blank\" rel=\"noopener noreferrer\">mehr..<\/a>[\/vc_column_text][\/vc_column][\/vc_row][vc_row][vc_column width=&#8220;1\/4&#8243;][vc_single_image image=&#8220;5089&#8243; img_size=&#8220;200&#215;300&#8243; style=&#8220;vc_box_border&#8220; onclick=&#8220;custom_link&#8220; img_link_target=&#8220;_blank&#8220; link=&#8220;https:\/\/arcora.de\/de\/wp-content\/uploads\/2018\/02\/Arcora_top_Partner3.pdf&#8220;][\/vc_column][vc_column width=&#8220;3\/4&#8243;][vc_column_text]\n<h3>ERWEITERUNG DER PRODUKTIONSKAPAZIT\u00c4T<\/h3>\n[\/vc_column_text][vc_separator css=&#8220;.vc_custom_1478697964836{margin-top: -30px !important;}&#8220;][vc_column_text]Reinigungs Markt Heft 2\u00a0\/ 2018<\/p>\n<p><strong>REINIGUNGS MARKT \/ ERWEITERUNG DER PRODUKTIONSKAPAZIT\u00c4T<\/strong><\/p>\n<p>Zum 15.10.2017 hat die ARCORA GROUP einen weiteren Produktionsstandort in Mazedonien \u00fcbernommen.<br \/>\nNeben der Produktion von Cash &amp; Carry Produkten werden auch\u00a0Bodenreinigungs- und Polierpads sowie Microfasert\u00fccher f\u00fcr den\u00a0professionellen Bereich hergestellt.<\/p>\n<p><a class=\"link\" href=\"https:\/\/arcora.de\/de\/wp-content\/uploads\/2018\/02\/Arcora_top_Partner3.pdf\" target=\"_blank\" rel=\"noopener noreferrer\">mehr..<\/a>[\/vc_column_text][\/vc_column][\/vc_row][vc_row][vc_column width=&#8220;1\/4&#8243;][vc_single_image image=&#8220;5087&#8243; img_size=&#8220;200&#215;300&#8243; style=&#8220;vc_box_border&#8220; onclick=&#8220;custom_link&#8220; img_link_target=&#8220;_blank&#8220; link=&#8220;https:\/\/arcora.de\/de\/wp-content\/uploads\/2018\/02\/Arcora_top_Partner2.5.pdf&#8220;][\/vc_column][vc_column width=&#8220;3\/4&#8243;][vc_column_text]\n<h3>25 JAHRE ARCORA<\/h3>\n[\/vc_column_text][vc_separator css=&#8220;.vc_custom_1478697964836{margin-top: -30px !important;}&#8220;][vc_column_text]Reinigungs Markt Heft 2\u00a0\/ 2017<\/p>\n<p><strong>REINIGUNGS MARKT \/ 25 JAHRE ARCORA<\/strong><\/p>\n<p>Ein Ereignis, dass es zu feiern gilt!\u00a0Die Bedeutung der ARCORA\u00ae Unternehmensgruppe als Hersteller\u00a0und Lieferant f\u00fcr Produkte und L\u00f6sungen in der Reinigungs-\u00a0und Hygienetechnik ist in den letzten 25 Jahren enorm\u00a0gewachsen!<\/p>\n<p><a class=\"link\" href=\"https:\/\/arcora.de\/de\/wp-content\/uploads\/2018\/02\/Arcora_top_Partner3.pdf\" target=\"_blank\" rel=\"noopener noreferrer\">mehr..<\/a>[\/vc_column_text][\/vc_column][\/vc_row][vc_row][vc_column width=&#8220;1\/4&#8243;][vc_single_image image=&#8220;3269&#8243; img_size=&#8220;200&#215;300&#8243; style=&#8220;vc_box_border&#8220; onclick=&#8220;custom_link&#8220; img_link_target=&#8220;_blank&#8220; link=&#8220;https:\/\/arcora.de\/de\/wp-content\/uploads\/2016\/12\/Arcora_Nachhaltigkeit.pdf&#8220;][\/vc_column][vc_column width=&#8220;3\/4&#8243;][vc_column_text]\n<h3>\u201eDer Umwelt zuliebe!\u201c<\/h3>\n[\/vc_column_text][vc_separator css=&#8220;.vc_custom_1478697964836{margin-top: -30px !important;}&#8220;][vc_column_text]Reinigungs Markt Heft 5\u00a0\/ 2016<\/p>\n<p><strong>REINIGUNGS MARKT \/\u00a0Nachhaltigkeit<\/strong><\/p>\n<p>Umweltschutz als Unternehmensziel &#8211; eine Strategie, die sich nicht widerspricht. Wir sind davon \u00fcberzeugt, dass \u00f6konomische Ziele sich heutzutage mit \u00f6kologischen Mitteln erreichen lassen und nicht erst, wenn der Gesetzgeber dies erzwingt!<\/p>\n<p><a class=\"link\" href=\"https:\/\/arcora.de\/de\/wp-content\/uploads\/2016\/12\/Arcora_Nachhaltigkeit.pdf\" target=\"_blank\" rel=\"noopener noreferrer\">mehr..<\/a>[\/vc_column_text][\/vc_column][\/vc_row][vc_row][vc_column width=&#8220;1\/4&#8243;][vc_single_image image=&#8220;2774&#8243; img_size=&#8220;200&#215;300&#8243; style=&#8220;vc_box_border&#8220; onclick=&#8220;custom_link&#8220; img_link_target=&#8220;_blank&#8220; link=&#8220;https:\/\/arcora.de\/de\/wp-content\/uploads\/2016\/11\/rmtp2014.pdf&#8220;][\/vc_column][vc_column width=&#8220;3\/4&#8243;][vc_column_text]\n<h3>Auf internationaler \u00dcberholspur<\/h3>\n[\/vc_column_text][vc_separator css=&#8220;.vc_custom_1478697964836{margin-top: -30px !important;}&#8220;][vc_column_text]Reinigungs Markt Heft 1 \/ 2014<\/p>\n<p><strong>REINIGUNGS MARKT \/ Toppartner<\/strong><\/p>\n<p>Mit innovativen und patentierten Produkten auf dem internationalen Vormarsch, macht die Arcora Group auf den namhaftesten Messen weltweit auf sich aufmerksam.<\/p>\n<p><a class=\"link\" href=\"https:\/\/arcora.de\/de\/wp-content\/uploads\/2016\/11\/rmtp2014.pdf\" target=\"_blank\" rel=\"noopener noreferrer\">mehr..<\/a>[\/vc_column_text][\/vc_column][\/vc_row][vc_row][vc_column width=&#8220;1\/4&#8243;][vc_single_image image=&#8220;2790&#8243; img_size=&#8220;200&#215;300&#8243; style=&#8220;vc_box_border&#8220; onclick=&#8220;custom_link&#8220; img_link_target=&#8220;_blank&#8220; link=&#8220;https:\/\/arcora.de\/de\/wp-content\/uploads\/2016\/11\/rmar2013.pdf&#8220;][\/vc_column][vc_column width=&#8220;3\/4&#8243;][vc_column_text]\n<h3>Beeindruckende Fertigungstiefe<\/h3>\n[\/vc_column_text][vc_separator css=&#8220;.vc_custom_1478697964836{margin-top: -30px !important;}&#8220;][vc_column_text]\n<p class=\"pad\">Reinigungs Markt Heft 5 \/ 2013<\/p>\n<p><strong>REINIGUNGS MARKT zu Besuch in Istanbul bei Arcora<\/strong><\/p>\n<p>Arcora International GmbH ist einer der langj\u00e4hrigen Gesch\u00e4ftspartner unseres Verlages mit internationaler Aufstellung, deshalb nahmen\u00a0mein Sohn Daniel und ich gerne die Einladung an einmal die t\u00fcrkischen Produktionsst\u00e4tten der Firma kennenzulernen.<\/p>\n<p><a class=\"link\" href=\"https:\/\/arcora.de\/de\/wp-content\/uploads\/2016\/11\/rmar2013.pdf\" target=\"_blank\" rel=\"noopener noreferrer\">mehr..<\/a>[\/vc_column_text][\/vc_column][\/vc_row]\n<\/div>","protected":false},"excerpt":{"rendered":"<p>[vc_row][vc_column width=&#8220;1\/4&#8243;][vc_single_image image=&#8220;14249&#8243; img_size=&#8220;200&#215;300&#8243; style=&#8220;vc_box_border&#8220; onclick=&#8220;custom_link&#8220; img_link_target=&#8220;_blank&#8220; link=&#8220;https:\/\/www.rationell-reinigen.de\/gallery\/cms-2023-die-trends-aus-berlin-teil-2-275083\/&#8220;][\/vc_column][vc_column width=&#8220;3\/4&#8243;][vc_column_text] CMS 2023: DIE TRENDS AUS BERLIN [\/vc_column_text][vc_separator css=&#8220;.vc_custom_1478697964836{margin-top: -30px !important;}&#8220;][vc_column_text]CMS 2023\u00a0 Arcora: Bei der Ecoblack Technology von Arcora werden Recycling-Materialien von alten, leeren Batteriegeh\u00e4usen zu robustem und langlebigem Kunststoff verarbeitet. Dabei wird eine gro\u00dfe Menge an CO2 eingespart. Sami Memili und Isabell Huonker (Bild) pr\u00e4sentierten die<\/p>\n","protected":false},"author":13,"featured_media":0,"parent":0,"menu_order":0,"comment_status":"closed","ping_status":"closed","template":"","meta":{"footnotes":""},"class_list":["post-2769","page","type-page","status-publish","hentry","prodpage-classic"],"_links":{"self":[{"href":"https:\/\/arcora.de\/de\/wp-json\/wp\/v2\/pages\/2769","targetHints":{"allow":["GET"]}}],"collection":[{"href":"https:\/\/arcora.de\/de\/wp-json\/wp\/v2\/pages"}],"about":[{"href":"https:\/\/arcora.de\/de\/wp-json\/wp\/v2\/types\/page"}],"author":[{"embeddable":true,"href":"https:\/\/arcora.de\/de\/wp-json\/wp\/v2\/users\/13"}],"replies":[{"embeddable":true,"href":"https:\/\/arcora.de\/de\/wp-json\/wp\/v2\/comments?post=2769"}],"version-history":[{"count":0,"href":"https:\/\/arcora.de\/de\/wp-json\/wp\/v2\/pages\/2769\/revisions"}],"wp:attachment":[{"href":"https:\/\/arcora.de\/de\/wp-json\/wp\/v2\/media?parent=2769"}],"curies":[{"name":"wp","href":"https:\/\/api.w.org\/{rel}","templated":true}]}}