{"id":2806,"date":"2016-11-09T16:26:41","date_gmt":"2016-11-09T15:26:41","guid":{"rendered":"https:\/\/arcora.de\/de\/arcora\/?page_id=2806"},"modified":"2022-12-05T13:31:12","modified_gmt":"2022-12-05T12:31:12","slug":"unternehmen","status":"publish","type":"page","link":"https:\/\/arcora.de\/de\/unternehmen\/","title":{"rendered":"Unternehmen"},"content":{"rendered":"<div class=\"wpb-content-wrapper\">[vc_row][vc_column][vc_column_text]Die ARCORA\u00ae GROUP hat sich in den 30 Jahren als Hersteller f\u00fcr Produkte in der Reinigungs- und Hygienetechnik einen internationalen Namen erarbeitet. Mit 5 eigenen Werken und \u00fcber 1.400 Produkten mit 98 eigenen Patenten ist ARCORA\u00ae Anbieter von Komplettl\u00f6sungen rund um Sauberkeit und Hygiene. Dass \u201eAlles aus einer Hand und das direkt vom Hersteller\u201c angeboten wird, hebt das Unternehmen hervor. Mit der kontinuierlichen Entwicklung neuer Produkte f\u00fcr jeglichen professionellen Reinigungsbedarf mit dem Fokus auf Umweltfreundlichkeit, hoher Effizienz und Qualit\u00e4t, sowie Anwenderfreundlichkeit, bietet die ARCORA\u00ae GROUP ein vielf\u00e4ltiges Produktportfolio an.<\/p>\n<p>Unser Erfolgskonzept sind Produkte, die sich durch hohe Haltbarkeit und Zuverl\u00e4ssigkeit, ein besonderes Ma\u00df an Funktionalit\u00e4t, Ausstattung, Innovation und Technik sowie zeitgem\u00e4\u00dfer Ergonomie und zeitlosem Design auszeichnen.<\/p>\n<p>ARCORA\u00ae bietet ma\u00dfgeschneiderte Produktl\u00f6sungen f\u00fcr den Einsatz in Branchen wie z.B. Gesundheitswesen, Geb\u00e4udereinigung, \u00f6ffentliche Einrichtungen, Gastronomie, Hotelwesen und Industrie an. Das Produktsortiment reicht von Reinigungs- und Pflegemittel \u00fcber Reinigungstextilien, Zubeh\u00f6r, Pads, Maschinen und Reinigungsw\u00e4gen bis hin zu Hygieneschutz und Berufsbekleidung.<\/p>\n<p>Weltweit k\u00fcmmern sich insgesamt 370 Mitarbeiter um die einzelnen Fachbereiche ihrer Segmente. Durch die Spezialisierung unserer einzelnen Produktschienen kann unser Fachpersonal kontinuierlich innovative Produkte entwickeln. Hierdurch ist h\u00f6chstes Know-how in allen Bereichen sichergestellt.<\/p>\n<p>Durch st\u00e4ndige Kommunikation und Zusammenarbeit mit unseren Kunden sind wir stets \u00fcber die Wirksamkeit unserer Produkte in der Praxis informiert.<\/p>\n<p>Die jeweiligen Erfahrungen und Informationen f\u00fchren zu steten Verbesserungen und Erweiterungen unseres Produktsortiments, um auch neuen Anforderungen gerecht zu werden.<\/p>\n<p>Bei uns k\u00f6nnen Sie sich darauf verlassen dass wir stets f\u00fcr Neuerungen und Verbesserungen offen sind, nur so k\u00f6nnen wir unser Ziel weiter verfolgen und uns die Spitzenpositionen auf dem internationalen Markt erarbeiten.<\/p>\n<p>Die ARCORA Group ist seit 1992 eine feste Gr\u00f6\u00dfe auf dem internationalen Reinigungsmarkt und hat sich beachtliche Marktanteile erobert. Erfolg best\u00e4tigt unser Konzept aus einer Hand jeglichen Bedarf an Reinigungsprodukten zu decken.<\/p>\n<p><span style=\"color: #00458e;\"><strong><em><img loading=\"lazy\" decoding=\"async\" class=\"alignleft wp-image-2807 size-full\" src=\"https:\/\/arcora.de\/de\/wp-content\/uploads\/2016\/11\/memili.png\" alt=\"memili\" width=\"199\" height=\"151\" \/>&#8222;Wer die Bed\u00fcrfnisse seiner Kunden fr\u00fchzeitig erkennt und auch konsequent danach handelt, erh\u00e4lt sich so den notwendigen Erfolg&#8220;<\/em><\/strong><\/span><\/p>\n<p>ARCORA<sup>\u00ae<\/sup> INTERNATIONAL<\/p>\n<p>Sami MEMILI<br \/>\nCEO \/ PRESIDENT[\/vc_column_text][\/vc_column][\/vc_row]\n<\/div>","protected":false},"excerpt":{"rendered":"<p>[vc_row][vc_column][vc_column_text]Die ARCORA\u00ae GROUP hat sich in den 30 Jahren als Hersteller f\u00fcr Produkte in der Reinigungs- und Hygienetechnik einen internationalen Namen erarbeitet. Mit 5 eigenen Werken und \u00fcber 1.400 Produkten mit 98 eigenen Patenten ist ARCORA\u00ae Anbieter von Komplettl\u00f6sungen rund um Sauberkeit und Hygiene. Dass \u201eAlles aus einer Hand und das direkt vom Hersteller\u201c angeboten<\/p>\n","protected":false},"author":13,"featured_media":0,"parent":0,"menu_order":0,"comment_status":"closed","ping_status":"closed","template":"","meta":{"footnotes":""},"class_list":["post-2806","page","type-page","status-publish","hentry","prodpage-classic"],"_links":{"self":[{"href":"https:\/\/arcora.de\/de\/wp-json\/wp\/v2\/pages\/2806","targetHints":{"allow":["GET"]}}],"collection":[{"href":"https:\/\/arcora.de\/de\/wp-json\/wp\/v2\/pages"}],"about":[{"href":"https:\/\/arcora.de\/de\/wp-json\/wp\/v2\/types\/page"}],"author":[{"embeddable":true,"href":"https:\/\/arcora.de\/de\/wp-json\/wp\/v2\/users\/13"}],"replies":[{"embeddable":true,"href":"https:\/\/arcora.de\/de\/wp-json\/wp\/v2\/comments?post=2806"}],"version-history":[{"count":0,"href":"https:\/\/arcora.de\/de\/wp-json\/wp\/v2\/pages\/2806\/revisions"}],"wp:attachment":[{"href":"https:\/\/arcora.de\/de\/wp-json\/wp\/v2\/media?parent=2806"}],"curies":[{"name":"wp","href":"https:\/\/api.w.org\/{rel}","templated":true}]}}