{"id":2891,"date":"2016-11-16T19:06:52","date_gmt":"2016-11-16T18:06:52","guid":{"rendered":"https:\/\/arcora.de\/de\/arcora\/?page_id=2891"},"modified":"2025-01-14T15:24:15","modified_gmt":"2025-01-14T14:24:15","slug":"produkte2","status":"publish","type":"page","link":"https:\/\/arcora.de\/de\/produkte2\/","title":{"rendered":"Produkte"},"content":{"rendered":"<div class=\"wpb-content-wrapper\">[vc_row][vc_column width=&#8220;1\/4&#8243;][vc_custom_heading text=&#8220;Reinigungs- und Pflegemittel&#8220; font_container=&#8220;tag:h5|font_size:16|text_align:left&#8220; google_fonts=&#8220;font_family:Open%20Sans%3A300%2C300italic%2Cregular%2Citalic%2C600%2C600italic%2C700%2C700italic%2C800%2C800italic|font_style:700%20bold%20regular%3A700%3Anormal&#8220;][vc_single_image image=&#8220;14693&#8243; img_size=&#8220;466&#215;200&#8243; style=&#8220;vc_box_rounded&#8220; onclick=&#8220;custom_link&#8220; link=&#8220;https:\/\/arcora.de\/de\/reinigungs-und-pflegemittel\/&#8220;][vc_column_text]<a href=\"https:\/\/arcora.de\/de\/produkt-kategorie\/reinigungsundpflegemittel\/grundreiniger\/\">GRUNDREINIGER<\/a><br \/>\n<a href=\"https:\/\/arcora.de\/de\/produkt-kategorie\/reinigungsundpflegemittel\/bodenbeschichtungen\/\">BODENBESCHICHTUNGEN<\/a><br \/>\n<a href=\"https:\/\/arcora.de\/de\/produkt-kategorie\/reinigungsundpflegemittel\/holzbodenbeschichtungssysteme\/\">HOLZBODEN BESCHICHTUNGSSYSTEME<\/a><br \/>\n<a href=\"https:\/\/arcora.de\/de\/produkt-kategorie\/reinigungsundpflegemittel\/unterhaltspflegeholzboeden\/\">UNTERHALTSPFLEGE F\u00dcR HOLZB\u00d6DEN<\/a><br \/>\n<a href=\"https:\/\/arcora.de\/de\/produkt-kategorie\/reinigungsundpflegemittel\/unterhaltspflegeholzboeden\/\">RESTORER \/ ZWISCHENREINIGER<\/a><br \/>\n<a href=\"https:\/\/arcora.de\/de\/produkt-kategorie\/reinigungsundpflegemittel\/bodenintensivreiniger\/\">BODEN-INTENSIVREINIGER<\/a><br \/>\n<a href=\"https:\/\/arcora.de\/de\/produkt-kategorie\/reinigungsundpflegemittel\/unterhaltspflegeholzboeden\/\">UNTERHALTSREINIGER<\/a><br \/>\n<a href=\"https:\/\/arcora.de\/de\/produkt-kategorie\/reinigungsundpflegemittel\/wischpflege\/\">WISCHPFLEGE<\/a><br \/>\n<a href=\"https:\/\/arcora.de\/de\/produkt-kategorie\/reinigungsundpflegemittel\/sanitaerreiniger\/\">SANIT\u00c4RREINIGER<\/a><br \/>\n<a href=\"https:\/\/arcora.de\/de\/produkt-kategorie\/reinigungsundpflegemittel\/raumduft\/\">RAUMDUFT<\/a><br \/>\n<a href=\"https:\/\/arcora.de\/de\/produkt-kategorie\/reinigungsundpflegemittel\/teppichreinigungsprodukte\/\">TEPPICHREINIGUNGSPRODUKTE<\/a><br \/>\n<a href=\"https:\/\/arcora.de\/de\/produkt-kategorie\/reinigungsundpflegemittel\/desinfektion\/\">DESINFEKTION<\/a><br \/>\n<a href=\"https:\/\/arcora.de\/de\/produkt-kategorie\/reinigungsundpflegemittel\/textilhygieneundpraeparation\/\">TEXTILHYGIENE UND PR\u00c4PARATION<\/a><br \/>\n<a href=\"https:\/\/arcora.de\/de\/produkt-kategorie\/reinigungsundpflegemittel\/kuechenhygiene\/\">K\u00dcCHENHYGIENE<\/a><br \/>\n<a href=\"https:\/\/arcora.de\/de\/produkt-kategorie\/reinigungsundpflegemittel\/hautschutz\/\">HAUTSCHUTZ<\/a><br \/>\n<a href=\"https:\/\/arcora.de\/de\/produkt-kategorie\/reinigungsundpflegemittel\/geschirrreiniger\/\">GESCHIRREINIGER<\/a><br \/>\n<a href=\"https:\/\/arcora.de\/de\/produkt-kategorie\/reinigungsundpflegemittel\/adsbasicline\/\">ADS BASIC-LINE<\/a><br \/>\n<a href=\"https:\/\/arcora.de\/de\/produkt-kategorie\/reinigungsundpflegemittel\/fassaden-und-spezialreiniger\/\">FASSADEN- UND SPEZIALREINIGER<\/a><br \/>\n<a href=\"https:\/\/arcora.de\/de\/produkt-kategorie\/reinigungsundpflegemittel\/zubehoer\/\">ZUBEH\u00d6R<\/a>[\/vc_column_text][\/vc_column][vc_column width=&#8220;1\/4&#8243;][vc_custom_heading text=&#8220;Reinigungstextilien&#8220; font_container=&#8220;tag:h5|font_size:16|text_align:left&#8220; google_fonts=&#8220;font_family:Open%20Sans%3A300%2C300italic%2Cregular%2Citalic%2C600%2C600italic%2C700%2C700italic%2C800%2C800italic|font_style:700%20bold%20regular%3A700%3Anormal&#8220;][vc_single_image image=&#8220;14695&#8243; img_size=&#8220;466&#215;200&#8243; style=&#8220;vc_box_rounded&#8220; onclick=&#8220;custom_link&#8220; link=&#8220;https:\/\/arcora.de\/de\/profi-reinigungssysteme\/&#8220;][vc_column_text]<a href=\"https:\/\/arcora.de\/de\/produkt-kategorie\/reinigungstextilien\/baumwoll-und-mischgarnmopp\/\">BAUMWOLL- UND MISCHGARNMOPP<\/a><br \/>\n<a href=\"https:\/\/arcora.de\/de\/produkt-kategorie\/reinigungstextilien\/doppelmopp\/\">DOPPELMOPP<\/a><br \/>\n<a href=\"https:\/\/arcora.de\/de\/produkt-kategorie\/reinigungstextilien\/feuchtwischmopp\/\">FEUCHTWISCHMOPP<\/a><br \/>\n<a href=\"https:\/\/arcora.de\/de\/produkt-kategorie\/reinigungstextilien\/acrylic-trockenmopp\/\">ACRYLIC TROCKENMOPP<\/a><br \/>\n<a href=\"https:\/\/arcora.de\/de\/produkt-kategorie\/reinigungstextilien\/nasswischmopp\/\">NASSWISCHMOPP<\/a><br \/>\n<a href=\"https:\/\/arcora.de\/de\/produkt-kategorie\/reinigungstextilien\/flachpressmopp\/\">FLACHPRESSMOPP<\/a><br \/>\n<a href=\"https:\/\/arcora.de\/de\/produkt-kategorie\/reinigungstextilien\/microfasermopp\/\">MICROFASERMOPP<\/a><br \/>\n<a href=\"https:\/\/arcora.de\/de\/produkt-kategorie\/reinigungstextilien\/taschen-und-laschen-mopp\/\">TASCHEN- UND LASCHEN MOPP<\/a><br \/>\n<a href=\"https:\/\/arcora.de\/de\/produkt-kategorie\/reinigungstextilien\/beschichtungsmopp\/\">BESCHICHTUNGSMOPP<\/a><br \/>\n<a href=\"https:\/\/arcora.de\/de\/produkt-kategorie\/reinigungstextilien\/wachser-bezug\/\">WACHSER BEZUG<\/a><br \/>\n<a href=\"https:\/\/arcora.de\/de\/produkt-kategorie\/reinigungstextilien\/ultra-klett-mopp\/\">ULTRA KLETT MOPP<\/a><br \/>\n<a href=\"https:\/\/arcora.de\/de\/produkt-kategorie\/reinigungstextilien\/microfasertuecher\/\">MICROFASERT\u00dcCHER<\/a><br \/>\n<a href=\"https:\/\/arcora.de\/de\/produkt-kategorie\/reinigungstextilien\/geschirrtuecher\/\">GESCHIRRT\u00dcCHER<\/a><br \/>\n<a href=\"https:\/\/arcora.de\/de\/produkt-kategorie\/reinigungstextilien\/universaltuch\/\">UNIVERSALTUCH<\/a><br \/>\n<a href=\"https:\/\/arcora.de\/de\/produkt-kategorie\/reinigungstextilien\/lochleder-reinigungstuch\/\">LOCHLEDER REINIGUNGSTUCH<\/a><br \/>\n<a href=\"https:\/\/arcora.de\/de\/produkt-kategorie\/reinigungstextilien\/kupferprodukte\/\">KUPFERPRODUKTE<\/a><br \/>\n<a href=\"https:\/\/arcora.de\/de\/produkt-kategorie\/reinigungstextilien\/schwaemme\/\">SCHW\u00c4MME<\/a><br \/>\n<a href=\"https:\/\/arcora.de\/de\/produkt-kategorie\/reinigungstextilien\/topfreiniger\/\">TOPFREINIGER<\/a><br \/>\n<a href=\"https:\/\/arcora.de\/de\/produkt-kategorie\/reinigungstextilien\/einweg-vliestuch\/\">EINWEG VLIESTUCH<\/a>[\/vc_column_text][\/vc_column][vc_column width=&#8220;1\/4&#8243;][vc_custom_heading text=&#8220;Reinigungssysteme und Zubeh\u00f6r&#8220; font_container=&#8220;tag:h5|font_size:16|text_align:left&#8220; google_fonts=&#8220;font_family:Open%20Sans%3A300%2C300italic%2Cregular%2Citalic%2C600%2C600italic%2C700%2C700italic%2C800%2C800italic|font_style:700%20bold%20regular%3A700%3Anormal&#8220;][vc_single_image image=&#8220;14699&#8243; img_size=&#8220;466&#215;200&#8243; style=&#8220;vc_box_rounded&#8220; onclick=&#8220;custom_link&#8220; link=&#8220;https:\/\/arcora.de\/de\/reinigungswaegen-und-zubehoer\/&#8220;][vc_column_text]<a href=\"https:\/\/arcora.de\/de\/produkt-kategorie\/reinigungswaegen-und-zubehoer\/servicewagen\/\">SERVICEWAGEN<\/a><br \/>\n<a href=\"https:\/\/arcora.de\/de\/produkt-kategorie\/reinigungswaegen-und-zubehoer\/einfachfahreimer\/\">EINFACHFAHREIMER<\/a><br \/>\n<a href=\"https:\/\/arcora.de\/de\/produkt-kategorie\/reinigungswaegen-und-zubehoer\/doppelfahreimer\/\">DOPPELFAHREIMER<\/a><br \/>\n<a href=\"https:\/\/arcora.de\/de\/produkt-kategorie\/reinigungswaegen-und-zubehoer\/ecomop-kunststoffpresse\/\">KUNSTSTOFFPRESSE<\/a><br \/>\n<a href=\"https:\/\/arcora.de\/de\/produkt-kategorie\/reinigungssysteme-und-zubehoer\/warnschilder\/\">WARNSCHILDER<\/a><br \/>\n<a href=\"https:\/\/arcora.de\/de\/produkt-kategorie\/reinigungssysteme-und-zubehoer\/aluminium-und-teleskopstiele\/\">ALUMINIUM- UND TELESKOPSTIELE\u00a0<\/a><br \/>\n<a href=\"https:\/\/arcora.de\/de\/produkt-kategorie\/reinigungssysteme-und-zubehoer\/mopp-klapphalter\/\">MOPP KLAPPHALTER<\/a><br \/>\n<a href=\"https:\/\/arcora.de\/de\/produkt-kategorie\/reinigungssysteme-und-zubehoer\/wischmopphalter\">WISCHMOPPHALTER\u00a0\u00a0<\/a><br \/>\n<a href=\"https:\/\/arcora.de\/de\/produkt-kategorie\/reinigungssysteme-und-zubehoer\/mopp-klapphalter-laschen-system\/\">MOPP KLAPPHALTER LASCHEN SYSTEM<\/a><br \/>\n<a href=\"https:\/\/arcora.de\/de\/produkt-kategorie\/reinigungssysteme-und-zubehoer\/feucht-und-acrylic-wischmopphalter\/\">FEUCHT- UND ACRYLIC-WISCHMOPPHALTER<\/a><br \/>\n<a href=\"https:\/\/arcora.de\/de\/produkt-kategorie\/reinigungssysteme-und-zubehoer\/nasswischmopphalter\/\">NASSWISCHMOPPHALTER<\/a><br \/>\n<a href=\"https:\/\/arcora.de\/de\/produkt-kategorie\/reinigungssysteme-und-zubehoer\/ultra-velcron-klettmopphalter\/\">ULTRA VELCRON KLETTMOPPHALTER<\/a><br \/>\n<a href=\"https:\/\/arcora.de\/de\/produkt-kategorie\/reinigungssysteme-und-zubehoer\/ultra-trapezwischer\/\">ULTRA TRAPEZWISCHER<\/a><br \/>\n<a href=\"https:\/\/arcora.de\/de\/produkt-kategorie\/reinigungssysteme-und-zubehoer\/handpadhalter\/\">HANDPADHALTER<\/a><br \/>\n<a href=\"https:\/\/arcora.de\/de\/produkt-kategorie\/reinigungssysteme-und-zubehoer\/kehrsets\/\">KEHRSETS<\/a><br \/>\n<a href=\"https:\/\/arcora.de\/de\/produkt-kategorie\/reinigungswaegen-und-zubehoer\/tools-holder\/\">TOOLS HOLDER<\/a><br \/>\n<a href=\"https:\/\/arcora.de\/de\/produkt-kategorie\/reinigungswaegen-und-zubehoer\/bora-traeger\/\">TR\u00c4GER<\/a><br \/>\n<a href=\"https:\/\/arcora.de\/de\/produkt-kategorie\/reinigungswaegen-und-zubehoer\/premium-line-entsorgungssack\/\">PREMIUM-LINE ENTSORGUNGSSACK<\/a><br \/>\n<a href=\"https:\/\/arcora.de\/de\/produkt\/muellsaecke\/\">M\u00dcLLS\u00c4CKE<\/a>[\/vc_column_text][\/vc_column][vc_column width=&#8220;1\/4&#8243;][vc_custom_heading text=&#8220;Sanit\u00e4r-Hygiene-Technik&#8220; font_container=&#8220;tag:h5|font_size:16|text_align:left&#8220; google_fonts=&#8220;font_family:Open%20Sans%3A300%2C300italic%2Cregular%2Citalic%2C600%2C600italic%2C700%2C700italic%2C800%2C800italic|font_style:700%20bold%20regular%3A700%3Anormal&#8220;][vc_single_image image=&#8220;14719&#8243; img_size=&#8220;466&#215;200&#8243; style=&#8220;vc_box_rounded&#8220; onclick=&#8220;custom_link&#8220; link=&#8220;https:\/\/arcora.de\/de\/arsan-sanitaer-hygiene-technik\/&#8220;][vc_column_text]<a href=\"https:\/\/arcora.de\/de\/produkt-kategorie\/sanitaer-hygiene-technik\/sanitaer-duft-einlagen\/\">SANIT\u00c4R DUFT EINLAGEN<\/a><br \/>\n<a href=\"https:\/\/arcora.de\/de\/produkt-kategorie\/sanitaer-hygiene-technik\/centerfeed-spender\/\">CENTERFEED SPENDER<\/a><br \/>\n<a href=\"https:\/\/arcora.de\/de\/produkt-kategorie\/sanitaer-hygiene-technik\/falthandtuchspender-interfold\/\">FALTHANDTUCHSPENDER INTERFOLD<\/a><br \/>\n<a href=\"https:\/\/arcora.de\/de\/produkt-kategorie\/sanitaer-hygiene-technik\/jumbo-toilettenpapierspender\/\">JUMBO TOILETTENPAPIERSPENDER<\/a><br \/>\n<a href=\"https:\/\/arcora.de\/de\/produkt-kategorie\/sanitaer-hygiene-technik\/seifenspender\/\">SEIFENSPENDER<\/a>[\/vc_column_text][\/vc_column][\/vc_row][vc_row][vc_column width=&#8220;1\/4&#8243;][vc_custom_heading text=&#8220;Reinigungs- und Polierpads&#8220; font_container=&#8220;tag:h5|font_size:16|text_align:left&#8220; google_fonts=&#8220;font_family:Open%20Sans%3A300%2C300italic%2Cregular%2Citalic%2C600%2C600italic%2C700%2C700italic%2C800%2C800italic|font_style:700%20bold%20regular%3A700%3Anormal&#8220;][vc_single_image image=&#8220;14701&#8243; img_size=&#8220;466&#215;200&#8243; style=&#8220;vc_box_rounded&#8220; onclick=&#8220;custom_link&#8220; link=&#8220;https:\/\/arcora.de\/de\/reinigungs-und-polierpads\/&#8220;][vc_column_text]<a href=\"https:\/\/arcora.de\/de\/produkt-kategorie\/reinigungsundpolierpads\/spezial-performance-pads\/\">SPEZIAL PERFORMANCE PADS<\/a><br \/>\n<a href=\"https:\/\/arcora.de\/de\/produkt-kategorie\/reinigungsundpolierpads\/superpads\/\">SUPERPADS<\/a><br \/>\n<a href=\"https:\/\/arcora.de\/de\/produkt-kategorie\/reinigungsundpolierpads\/gitterleinen-pads\/\">GITTERLEINEN PADS<\/a><br \/>\n<a href=\"https:\/\/arcora.de\/de\/produkt-kategorie\/reinigungsundpolierpads\/handpaddick\/\">HANDPAD-DICK<\/a><br \/>\n<a href=\"https:\/\/arcora.de\/de\/produkt-kategorie\/reinigungsundpolierpads\/rollenware-handpad\/\">ROLLENWARE HANDPAD<\/a><br \/>\n<a href=\"https:\/\/arcora.de\/de\/produkt-kategorie\/reinigungsundpolierpads\/ultrahighspeedpads\/\">ULTRA-HIGH-SPEED PADS<\/a><br \/>\n<a href=\"https:\/\/arcora.de\/de\/produkt-kategorie\/reinigungsundpolierpads\/pu-pad-systeme\/\">PU-PAD SYSTEME<\/a><br \/>\n<a href=\"https:\/\/arcora.de\/de\/produkt-kategorie\/reinigungsundpolierpads\/melaminsysteme\/\">MELAMIN-SYSTEME<\/a><br \/>\n<a href=\"https:\/\/arcora.de\/de\/produkt-kategorie\/reinigungsundpolierpads\/sunshinepads\/\">SUNSHINE REINIGUNGS- UND POLIERPADS<\/a><br \/>\n<a href=\"https:\/\/arcora.de\/de\/produkt-kategorie\/reinigungsundpolierpads\/rundpads-aus-microfaser\/\">RUNDPADS AUS MICROFASER UND BONNETPAD<\/a><br \/>\n<a href=\"https:\/\/arcora.de\/de\/produkt-kategorie\/reinigungsundpolierpads\/handpads-aus-microfaser\/\">HANDPADS AUS MICROFASER<\/a>[\/vc_column_text][\/vc_column][vc_column width=&#8220;1\/4&#8243;][vc_custom_heading text=&#8220;Reinigungsmaschinen&#8220; font_container=&#8220;tag:h5|font_size:16|text_align:left&#8220; google_fonts=&#8220;font_family:Open%20Sans%3A300%2C300italic%2Cregular%2Citalic%2C600%2C600italic%2C700%2C700italic%2C800%2C800italic|font_style:700%20bold%20regular%3A700%3Anormal&#8220;][vc_single_image image=&#8220;14703&#8243; img_size=&#8220;466&#215;200&#8243; style=&#8220;vc_box_rounded&#8220; onclick=&#8220;custom_link&#8220; link=&#8220;https:\/\/arcora.de\/de\/reinigungsmaschinen\/&#8220;][vc_column_text]<a href=\"https:\/\/arcora.de\/de\/produkt-kategorie\/reinigungsmaschinen-und-zubehuer\/trockensauger\/\">TROCKENSAUGER<\/a><br \/>\n<a href=\"https:\/\/arcora.de\/de\/produkt-kategorie\/reinigungsmaschinen-und-zubehuer\/nass-und-trockensauger\/\">NASS- UND TROCKENSAUGER<\/a><br \/>\n<a href=\"https:\/\/arcora.de\/de\/produkt-kategorie\/reinigungsmaschinen-und-zubehuer\/einscheibenmaschine\/\">EINSCHEIBENMASCHINE<\/a><br \/>\n<a href=\"https:\/\/arcora.de\/de\/produkt-kategorie\/reinigungsmaschinen-und-zubehuer\/walzenbuerstmaschine\/\">WALZENB\u00dcRSTMASCHINE<\/a><br \/>\n<a href=\"https:\/\/arcora.de\/de\/produkt-kategorie\/reinigungsmaschinen-und-zubehuer\/spruehextraktionsmaschinen\/\">SPR\u00dcHEXTRAKTIONSMASCHINEN<\/a><br \/>\n<a href=\"https:\/\/arcora.de\/de\/produkt-kategorie\/reinigungsmaschinen-und-zubehuer\/spruehextraktionsgeraete\/\">SPR\u00dcHEXTRAKTIONSGER\u00c4TE<\/a><br \/>\n<a href=\"https:\/\/arcora.de\/de\/produkt-kategorie\/reinigungsmaschinen-und-zubehuer\/sprueh-saug-maschine\/\">SPR\u00dcH-SAUG-MASCHINE<\/a><br \/>\n<a href=\"https:\/\/arcora.de\/de\/scheuersaugmaschinen\/\">SCHEUERSAUGMASCHINEN<\/a><br \/>\n<a href=\"https:\/\/arcora.de\/de\/produkt-kategorie\/reinigungsmaschinen-und-zubehuer\/hochdruckreiniger\/\">HOCHDRUCKREINIGER<\/a>[\/vc_column_text][\/vc_column][vc_column width=&#8220;1\/4&#8243;][vc_custom_heading text=&#8220;Berufsbekleidung und Textilien&#8220; font_container=&#8220;tag:h5|font_size:16|text_align:left&#8220; google_fonts=&#8220;font_family:Open%20Sans%3A300%2C300italic%2Cregular%2Citalic%2C600%2C600italic%2C700%2C700italic%2C800%2C800italic|font_style:700%20bold%20regular%3A700%3Anormal&#8220;][vc_single_image image=&#8220;12739&#8243; img_size=&#8220;466&#215;200&#8243; style=&#8220;vc_box_rounded&#8220; onclick=&#8220;custom_link&#8220; link=&#8220;https:\/\/arcora.de\/de\/reinigungsmaschinen\/&#8220;][vc_column_text]<a href=\"#\">DRY TOUCH BEKLEIDUNGEN<\/a><br \/>\n<a href=\"https:\/\/arcora.de\/de\/produkt-kategorie\/softshell-bekleidungen\/\">SOFTSHELL BEKLEIDUNGEN<\/a><br \/>\n<a href=\"https:\/\/arcora.de\/de\/produkt-kategorie\/t-shirts-und-poloshirts\/\">T \u2013 SHIRTS UND POLOSHIRTS<\/a><br \/>\n<a href=\"#\">SWEATSHIRTS UND HOODIES<\/a><br \/>\n<a href=\"https:\/\/arcora.de\/de\/produkt-kategorie\/fleecepullover-und-fleecejacken\/\">FLEECEPULLOVER UND FLEECEJACKEN<\/a><br \/>\n<a href=\"#\">DAMEN \u00dcBERWURFKITTEL UND ARBEITSKITTEL<\/a><br \/>\n<a href=\"#\">HERREN ARBEITSKITTEL<\/a><br \/>\n<a href=\"#\">WESTEN UND BODYWARMER<\/a><br \/>\n<a href=\"https:\/\/arcora.de\/de\/produkt\/artex-softshell-winterjacke-deluxe\/\">JACKEN UND BLOUSON<\/a><br \/>\n<a href=\"#\">BUNDHOSEN F\u00dcR DAMEN UND HERREN<\/a><br \/>\n<a href=\"#\">LATZHOSEN UND RALLYEKOMBI<\/a><br \/>\n<a href=\"#\">HERREN HEMDEN UND DAMEN BLUSEN<\/a><br \/>\n<a href=\"#\">KRANKENHAUSBEKLEIDUNG<\/a><br \/>\n<a href=\"#\">ARBEITBEKLEIDUNG F\u00dcR HORECA<\/a><br \/>\n<a href=\"#\">PERS\u00d6NLICHE SCHUTZAUSR\u00dcSTUNG (PSA)<\/a><br \/>\n<a href=\"#\">H\u00dcFTGURT \/ ARBEITSTASCHE<\/a><br \/>\n<a href=\"#\">KRAWATTEN UND CAPS<\/a>[\/vc_column_text][\/vc_column][vc_column width=&#8220;1\/4&#8243;][\/vc_column][\/vc_row]\n<\/div>","protected":false},"excerpt":{"rendered":"<p>[vc_row][vc_column width=&#8220;1\/4&#8243;][vc_custom_heading text=&#8220;Reinigungs- und Pflegemittel&#8220; font_container=&#8220;tag:h5|font_size:16|text_align:left&#8220; google_fonts=&#8220;font_family:Open%20Sans%3A300%2C300italic%2Cregular%2Citalic%2C600%2C600italic%2C700%2C700italic%2C800%2C800italic|font_style:700%20bold%20regular%3A700%3Anormal&#8220;][vc_single_image image=&#8220;14693&#8243; img_size=&#8220;466&#215;200&#8243; style=&#8220;vc_box_rounded&#8220; onclick=&#8220;custom_link&#8220; link=&#8220;https:\/\/arcora.de\/de\/reinigungs-und-pflegemittel\/&#8220;][vc_column_text]GRUNDREINIGER BODENBESCHICHTUNGEN HOLZBODEN BESCHICHTUNGSSYSTEME UNTERHALTSPFLEGE F\u00dcR HOLZB\u00d6DEN RESTORER \/ ZWISCHENREINIGER BODEN-INTENSIVREINIGER UNTERHALTSREINIGER WISCHPFLEGE SANIT\u00c4RREINIGER RAUMDUFT TEPPICHREINIGUNGSPRODUKTE DESINFEKTION TEXTILHYGIENE UND PR\u00c4PARATION K\u00dcCHENHYGIENE HAUTSCHUTZ GESCHIRREINIGER ADS BASIC-LINE FASSADEN- UND SPEZIALREINIGER ZUBEH\u00d6R[\/vc_column_text][\/vc_column][vc_column width=&#8220;1\/4&#8243;][vc_custom_heading text=&#8220;Reinigungstextilien&#8220; font_container=&#8220;tag:h5|font_size:16|text_align:left&#8220; google_fonts=&#8220;font_family:Open%20Sans%3A300%2C300italic%2Cregular%2Citalic%2C600%2C600italic%2C700%2C700italic%2C800%2C800italic|font_style:700%20bold%20regular%3A700%3Anormal&#8220;][vc_single_image image=&#8220;14695&#8243; img_size=&#8220;466&#215;200&#8243; style=&#8220;vc_box_rounded&#8220; onclick=&#8220;custom_link&#8220; link=&#8220;https:\/\/arcora.de\/de\/profi-reinigungssysteme\/&#8220;][vc_column_text]BAUMWOLL- UND MISCHGARNMOPP DOPPELMOPP FEUCHTWISCHMOPP ACRYLIC TROCKENMOPP<\/p>\n","protected":false},"author":13,"featured_media":0,"parent":0,"menu_order":0,"comment_status":"closed","ping_status":"closed","template":"","meta":{"footnotes":""},"class_list":["post-2891","page","type-page","status-publish","hentry","prodpage-classic"],"_links":{"self":[{"href":"https:\/\/arcora.de\/de\/wp-json\/wp\/v2\/pages\/2891","targetHints":{"allow":["GET"]}}],"collection":[{"href":"https:\/\/arcora.de\/de\/wp-json\/wp\/v2\/pages"}],"about":[{"href":"https:\/\/arcora.de\/de\/wp-json\/wp\/v2\/types\/page"}],"author":[{"embeddable":true,"href":"https:\/\/arcora.de\/de\/wp-json\/wp\/v2\/users\/13"}],"replies":[{"embeddable":true,"href":"https:\/\/arcora.de\/de\/wp-json\/wp\/v2\/comments?post=2891"}],"version-history":[{"count":0,"href":"https:\/\/arcora.de\/de\/wp-json\/wp\/v2\/pages\/2891\/revisions"}],"wp:attachment":[{"href":"https:\/\/arcora.de\/de\/wp-json\/wp\/v2\/media?parent=2891"}],"curies":[{"name":"wp","href":"https:\/\/api.w.org\/{rel}","templated":true}]}}