{"id":3574,"date":"2016-12-28T16:55:00","date_gmt":"2016-12-28T15:55:00","guid":{"rendered":"https:\/\/arcora.de\/de\/?page_id=3574"},"modified":"2024-06-11T09:26:25","modified_gmt":"2024-06-11T07:26:25","slug":"wir-suchen","status":"publish","type":"page","link":"https:\/\/arcora.de\/de\/wir-suchen\/","title":{"rendered":"Stellenangebote"},"content":{"rendered":"<div class=\"wpb-content-wrapper\">[vc_row full_width=&#8220;stretch_row&#8220; equal_height=&#8220;yes&#8220; bg_type=&#8220;image&#8220; parallax_style=&#8220;vcpb-default&#8220; bg_image_new=&#8220;id^6986|url^https:\/\/arcora.de\/de\/wp-content\/uploads\/2019\/04\/job3.jpg|caption^null|alt^null|title^job3|description^null&#8220; bg_image_repeat=&#8220;no-repeat&#8220; bg_image_size=&#8220;initial&#8220; bg_img_attach=&#8220;fixed&#8220;][vc_column width=&#8220;5\/6&#8243;][vc_column_text]<strong>ARCORA GROUP<\/strong> geh\u00f6rt mit ihren weltweit ca. 330 Mitarbeitern zu den f\u00fchrenden Herstellern f\u00fcr \u201eprofessionelle Reinigungssysteme\u201c. Wir vertreiben national und international Reinigungsmittel und Zubeh\u00f6r &#8211; alles aus einer Hand.<\/p>\n<p>Mitarbeiter finden bei uns einen sicheren Arbeitsplatz mit unbefristeten Vollzeitarbeitsvertrag.<br \/>\nFreuen Sie sich auf ein eher famili\u00e4res Miteinander in einem jungen Team, denn Mitarbeiter sind bei uns nicht nur eine Nummer.[\/vc_column_text]<div id=\"advanced-tabs-desc-wrap-9958\" class=\"ult_tabs \" style=\" \" data-tabsstyle=\"style1\"\n data-titlebg=\"#e7ecea\" data-titlecolor=\"#74777b\" data-fullheight=\"off\"\n data-titlehoverbg=\"#4f90d1\" data-titlehovercolor=\"#ffffff\"\n data-rotatetabs=\"0\" data-responsivemode=\"Both\" data-animation=\"Slide\"\ndata-activetitle=\"#ffffff\" data-activeicon=\"\" data-activebg=\"#4f90d1\"  data-respmode=\"Tabs\" data-respwidth=\"400\" data-scroll = \"on\" data-activeindex=\"1\"><ul id=advanced-tabs-wrap-9047 class=\"ult_tabmenu style1 \" style=\"\"><li class=\"ult_tab_li   \" data-iconcolor=\"#74777b\" data-iconhover=\"#ffffff\" style=\"background-color:#e7ecea;border-color:transparent;border-width:0px;border-style:solid;border-top-left-radius:8px;\">\n\t\t\t\t\t<a href=\"#1531923884738-4-0\" id=\"1531923884738-4-0\" style=\"color:#74777b;;  \" class=\"ult_a \">\n\t\t\t\t\t   <span class=\"ult_tab_main  Both \">\n\t\t\t\t\t    <span class=\"ult_tab_section\">\n\t\t\t\t\t  \t\t<span  data-ultimate-target='#advanced-tabs-wrap-9047 .ult-span-text'  data-responsive-json-new='{\"font-size\":\"desktop:15px;\",\"line-height\":\"\"}'  class=\"ult-span-text ult-responsive\" style=\"\">Verkauf<\/span>\n\t\t\t\t\t\t   \t<span class=\"aio-icon none ult_tab_iconright\" style=\"color:#74777b;font-size:15px;\">\n\t\t\t\t\t\t   \t<i class=\"   ult_tab_icon\"  ><\/i>\n\t\t\t\t\t\t   <\/span>\n\t\t\t\t\t\t<\/span>\n\t\t\t\t\t   <\/span>\n\n\t\t\t\t\t<\/a>\n\t\t\t\t\t<\/li><li class=\"ult_tab_li   \" data-iconcolor=\"#74777b\" data-iconhover=\"#ffffff\" style=\"background-color:#e7ecea;border-color:transparent;border-width:0px;border-style:solid;\">\n\t\t\t\t\t<a href=\"#1540306118241-6-1\" id=\"1540306118241-6-1\" style=\"color:#74777b;;  \" class=\"ult_a \">\n\t\t\t\t\t   <span class=\"ult_tab_main  Both \">\n\t\t\t\t\t    <span class=\"ult_tab_section\">\n\t\t\t\t\t  \t\t<span  data-ultimate-target='#advanced-tabs-wrap-9047 .ult-span-text'  data-responsive-json-new='{\"font-size\":\"desktop:15px;\",\"line-height\":\"\"}'  class=\"ult-span-text ult-responsive\" style=\"\">Logistik<\/span>\n\t\t\t\t\t\t   \t<span class=\"aio-icon none ult_tab_iconright\" style=\"color:#74777b;font-size:15px;\">\n\t\t\t\t\t\t   \t<i class=\"   ult_tab_icon\"  ><\/i>\n\t\t\t\t\t\t   <\/span>\n\t\t\t\t\t\t<\/span>\n\t\t\t\t\t   <\/span>\n\n\t\t\t\t\t<\/a>\n\t\t\t\t\t<\/li><li class=\"ult_tab_li   \" data-iconcolor=\"#74777b\" data-iconhover=\"#ffffff\" style=\"background-color:#e7ecea;border-color:transparent;border-width:0px;border-style:solid;border-top-right-radius:8px;\">\n\t\t\t\t\t<a href=\"#1649768169823-4-3\" id=\"1649768169823-4-3\" style=\"color:#74777b;;  \" class=\"ult_a \">\n\t\t\t\t\t   <span class=\"ult_tab_main  Both \">\n\t\t\t\t\t    <span class=\"ult_tab_section\">\n\t\t\t\t\t  \t\t<span  data-ultimate-target='#advanced-tabs-wrap-9047 .ult-span-text'  data-responsive-json-new='{\"font-size\":\"desktop:15px;\",\"line-height\":\"\"}'  class=\"ult-span-text ult-responsive\" style=\"\">Ausbildung<\/span>\n\t\t\t\t\t\t   \t<span class=\"aio-icon none ult_tab_iconright\" style=\"color:#74777b;font-size:15px;\">\n\t\t\t\t\t\t   \t<i class=\"   ult_tab_icon\"  ><\/i>\n\t\t\t\t\t\t   <\/span>\n\t\t\t\t\t\t<\/span>\n\t\t\t\t\t   <\/span>\n\n\t\t\t\t\t<\/a>\n\t\t\t\t\t<\/li><\/ul><div  data-ultimate-target='#advanced-tabs-desc-wrap-9958 .ult_tabcontent .ult_tab_min_contain  p'  data-responsive-json-new='{\"font-size\":\"\",\"line-height\":\"\"}' class=\"ult_tabcontent ult-responsive style1\" style=\"color:#74777b;\"><div class=\"ult_tab_min_contain \" >\n\t\t\t<div  class=\"ult_tabitemname\"  >\n\t\t\t\t[vc_custom_heading text=&#8220;Verkaufsberater (m\/w\/d) im Ladengesch\u00e4ft in Vollzeit&#8220; google_fonts=&#8220;font_family:Ubuntu%3A300%2C300italic%2Cregular%2Citalic%2C500%2C500italic%2C700%2C700italic|font_style:400%20regular%3A400%3Anormal&#8220;][vc_column_text]Wir suchen ab sofort f\u00fcr unseren Standort M\u00fcnchen (Dachauerstr. 103-105, 80335 M\u00fcnchen) eine\/n<\/p>\n<ul>\n<li><strong>Verkaufsberater (m\/w\/d) im Ladengesch\u00e4ft in Vollzeit<\/strong><\/li>\n<\/ul>\n<p><strong>Ihre Aufgaben:<\/strong><\/p>\n<ul>\n<li>Verkauf von Reinigungsprodukten<\/li>\n<li>Fachlich kompetente Beratung unserer Kunden<\/li>\n<li>Durchf\u00fchrung von Bestellungen und verkaufsf\u00f6rdernden Ma\u00dfnahmen<\/li>\n<li>Disposition<\/li>\n<li>Versand von Waren<\/li>\n<li>Kundenpflege<\/li>\n<li>Reklamationsbearbeitung<\/li>\n<\/ul>\n<p><strong>Ihr Profil:<\/strong><\/p>\n<ul>\n<li>Eine abgeschlossene kaufm\u00e4nnische Ausbildung oder eine vergleichbare Qualifikation erw\u00fcnscht<\/li>\n<li>Berufserfahrung idealerweise aus dem Gro\u00df- oder Einzelhandel<\/li>\n<li>Belastbarkeit, Flexibilit\u00e4t und Zuverl\u00e4ssigkeit<\/li>\n<li>Kundenorientierung<\/li>\n<li>Team- und Kommunikationsf\u00e4higkeit<\/li>\n<li>Freude am Umgang mit Menschen<\/li>\n<li>Nachhaltiges und unternehmerisches Handeln sowie eine hohe Kunden- und Serviceorientierung<\/li>\n<li>Eigenverantwortlichkeit und Engagement<\/li>\n<\/ul>\n<p><strong>Wir bieten:<\/strong><\/p>\n<ul>\n<li>ein dynamisches und teamorientiertes Umfeld<\/li>\n<li>abwechslungsreiche T\u00e4tigkeiten<\/li>\n<li>Einen sicheren Arbeitsplatz und eine langfristige Perspektive mit Entwicklungsm\u00f6glichkeiten<\/li>\n<li>eine optimale Verkehrsanbindung in zentraler Lage in M\u00fcnchen<\/li>\n<li>Einen respektvollen Umgang untereinander und die M\u00f6glichkeit, Ihre Meinung einzubringen<\/li>\n<\/ul>\n<p>Haben wir Ihr Interesse geweckt? Dann senden Sie uns Ihre vollst\u00e4ndigen Bewerbungsunterlagen mit m\u00f6glichem <strong>Eintrittstermin<\/strong> und <strong>Gehaltsvorstellung <\/strong><\/p>\n<p><strong><u>nur per E-Mail<\/u><\/strong> an:<\/p>\n<p>Herrn Deniz G\u00dcLER, <strong>ARCORA Handels GmbH<\/strong>, Dachauerstra\u00dfe 103-105, 80335 M\u00fcnchen<br \/>\nTel.: 089 \/ 14 33 29 3 \u2013 0, E-Mail: <a href=\"mailto:bewerbung@arcora.de\">bewerbung@arcora.de<\/a>, Web: <a href=\"http:\/\/arcorahandel.de\">www.arcorahandel.de<\/a>[\/vc_column_text]\n\t\t\t<\/div>\n\t\t\t<div  class=\"ult_tabitemname\"  >\n\t\t\t\t[vc_custom_heading text=&#8220;Fachkraft f\u00fcr Lagerlogistik (m\/w\/d)&#8220; google_fonts=&#8220;font_family:Ubuntu%3A300%2C300italic%2Cregular%2Citalic%2C500%2C500italic%2C700%2C700italic|font_style:400%20regular%3A400%3Anormal&#8220;][vc_column_text]Wir suchen ab sofort f\u00fcr unseren Standort Aschheim eine<\/p>\n<p><strong>Fachkraft f\u00fcr Lagerlogistik (m\/w\/d)<\/strong><\/p>\n<p><strong>Ihre Aufgaben:<\/strong><\/p>\n<ul>\n<li>Kommissionieren von Kundenauftr\u00e4gen<\/li>\n<li>Bereitstellung der Lieferscheine im Warenwirtschaftsprogramm (Landwehr L3)<\/li>\n<li>Verpackung und Versand von Ausgangssendungen<\/li>\n<li>Warenannahme<\/li>\n<li>Ein- und Auslagern der Ware<\/li>\n<li>Bestandspflege und Kontrolle<\/li>\n<li>Anmeldung der Waren f\u00fcr die Speditionsfirmen<\/li>\n<li>Kennzeichnung von Gefahrgut beim Warenversand<\/li>\n<li>Mitarbeit bei Inventuraufnahmen<\/li>\n<li>Aufnahme von Retourwaren<\/li>\n<\/ul>\n<p><strong>Ihr Profil:<\/strong><\/p>\n<ul>\n<li>Eine abgeschlossene Ausbildung in einem und einige Jahre Berufserfahrung<\/li>\n<li>Sie bringen EDV-Grundkenntnisse und Erfahrungen im Umgang mit einem Warenwirtschaftssystem mit<\/li>\n<li>Selbstst\u00e4ndige und systematische Arbeitsweise und Ordnungssinn<\/li>\n<li>Sie sind flexibel, teamf\u00e4hig und k\u00f6rperlich fit<\/li>\n<li>Verantwortungsbewusstsein, Zuverl\u00e4ssigkeit und Gr\u00fcndlichkeit<\/li>\n<li>Sie besitzen gute Deutschkenntnisse in Wort und Schrift<\/li>\n<li>Sie sind im Besitz der Fahrerlaubnis Kl. B (alt: FS 3), von Vorteil auch C1 und eines g\u00fcltigen Staplerscheins<\/li>\n<\/ul>\n<p><em>Wir bieten eine leistungsgerechte Bezahlung, Mitarbeit in einem innovativen Team, gezielte Einarbeitung in Ihre Aufgaben und interessante Entwicklungsm\u00f6glichkeiten.<\/em><\/p>\n<p><em>Wir freuen uns auf Ihre aussagekr\u00e4ftige Bewerbung, nur per E-Mail, mit Angabe des m\u00f6glichen Eintrittsdatums und Ihrer Gehaltsvorstellungen zu H\u00e4nden Herrn Deniz G\u00fcler.<\/em><\/p>\n<p><em>ARCORA International GmbH <\/em><br \/>\n<em>Marsstra\u00dfe 9 <\/em><br \/>\n<em>E-Mail: <a href=\"mailto: bewerbung@arcora.de\">bewerbung@arcora.de<\/a><\/em><br \/>\n<em>85609 Aschheim bei M\u00fcnchen<\/em><br \/>\n<em>Web: <\/em><a href=\"http:\/\/www.arcora.de\">www.arcora-group.com<\/a>[\/vc_column_text]\n\t\t\t<\/div>\n\t\t\t<div  class=\"ult_tabitemname\"  >\n\t\t\t\t[vc_custom_heading text=&#8220;2 x Auszubildende (m\/w\/d) in Kaufmann\/-frau f\u00fcr Gro\u00df- und Au\u00dfenhandelsmanagement<br \/>\n1 x Auszubildende (m\/w\/d) in Fachkraft f\u00fcr Lagerlogistik&#8220; google_fonts=&#8220;font_family:Ubuntu%3A300%2C300italic%2Cregular%2Citalic%2C500%2C500italic%2C700%2C700italic|font_style:400%20regular%3A400%3Anormal&#8220;][vc_column_text]<strong>Wir suchen:<\/strong><\/p>\n<p>F\u00fcr unseren <strong>Standort Aschheim<\/strong><\/p>\n<p>2 x Auszubildende (m\/w\/d) in Kaufmann\/-frau f\u00fcr Gro\u00df- und Au\u00dfenhandelsmanagement<br \/>\n1 x Auszubildende (m\/w\/d) in Fachkraft f\u00fcr Lagerlogistik<\/p>\n<p>F\u00fcr unseren <strong>Standort M\u00fcnchen<\/strong><\/p>\n<p>2 x Auszubildende (m\/w\/d) in Kaufmann\/-frau f\u00fcr Gro\u00df- und Au\u00dfenhandelsmanagement<\/p>\n<p><strong>Voraussetzungen:<\/strong><\/p>\n<p>\u25cf Qualifizierender Hauptschulabschluss oder h\u00f6herwertiger Abschluss<br \/>\n\u25cf MS-Office Kenntnisse<br \/>\n\u25cf eine weitere Fremdsprache neben Englisch w\u00fcnschenswert<br \/>\n\u25cf absolviertes Praktikum gerne gesehen<br \/>\n\u25cf Teamf\u00e4higkeit<br \/>\n\u25cf Leistungsbereitschaft<br \/>\n\u25cf Lernbereitschaft und Engagement<br \/>\n\u25cf Aussagef\u00e4hige Zeugnisse<\/p>\n<p>Wir bieten eine leistungsgerechte Bezahlung, Mitarbeit in einem innovativen Team, gezielte Einarbeitung in Ihre Aufgaben und interessante Entwicklungsm\u00f6glichkeiten.<\/p>\n<p>Haben wir Ihr Interesse geweckt? Dann senden Sie uns Ihre vollst\u00e4ndigen Bewerbungsunterlagen (Lebenslauf mit vorhandenen Zeugnissen) <strong>nur per E-Mail<\/strong> <strong>an: bewerbung@arcora.de<\/strong><\/p>\n<p><em>ARCORA International GmbH\u00a0 \u00a0 \u00a0 \u00a0 \u00a0 \u00a0 \u00a0\u00a0<\/em><br \/>\n<em>Marsstra\u00dfe 9\u00a0 \u00a0 \u00a0 \u00a0 \u00a0 \u00a0 \u00a0 \u00a0 \u00a0 \u00a0 \u00a0 \u00a0 \u00a0 \u00a0<\/em><br \/>\n<em>85609 Aschheim bei M\u00fcnchen<br \/>\n<\/em><em>www.arcora-group.com\u00a0 \u00a0 \u00a0 \u00a0 \u00a0\u00a0<\/em><\/p>\n<p><em>ARCORA Handels GmbH<\/em><br \/>\n<em>Dachauer Str. 103-105-109<br \/>\n80335\u00a0 M\u00fcnchen<br \/>\n<\/em>[\/vc_column_text]\n\t\t\t<\/div><\/div><\/div><\/div><div class=\"ult_acord advanced-tabs-desc-wrap-9958\">\n   <div class=\"ult-tabto-accordion \" style=\"width:;\"\n    data-titlecolor=\"#74777b\"  data-titlebg=\"#e7ecea\"\n     data-titlehoverbg=\"#4f90d1\" data-titlehovercolor=\"#ffffff\" data-animation=\"Slide\"\n     data-activetitle=\"#ffffff\" data-activeicon=\"\" data-activebg=\"#4f90d1\" data-scroll = \"on\" data-activeindex=\"1\" >\n     <dl><dt class=\"\">\n        \t<a class=\"ult-tabto-actitle withBorder ult_a\" id=\"1531923884738-4-0\" style=\"color:#74777b;;background-color:#e7ecea;border-bottom-color:transparent;border-bottom-width:0px;border-bottom-style:solid;\" href=\"#1531923884738-4-0\">\n        \t\t<i class=\"accordion-icon\"><\/i>\n        \t\t\t<span class=\"ult_tab_main ult_ac_mainBoth\">\n\t\t\t\t\t   <span  data-ultimate-target='#advanced-tabs-wrap-9047 .ult-span-text'  data-responsive-json-new='{\"font-size\":\"desktop:15px;\",\"line-height\":\"\"}'  class=\"ult-span-text ult_acordian-text ult-responsive\" style=\";color:inherit \" >Verkauf<\/span>\n\t\t\t\t\t<\/span>\n\t\t\t\t\t   <div class=\"aio-icon none \" style=\"color:#74777b;font-size:15px;\" data-iconcolor=\"#74777b\" data-iconhover=\"#ffffff\">\n\t\t\t\t\t   <i class=\"    ult_tab_icon\"  ><\/i>\n\t\t\t\t\t   <\/div>\n\t\t\t\t\t<\/a><\/dt>\n            \t\t<dd class=\"ult-tabto-accordionItem ult-tabto-accolapsed\">\n\t\t\t            <div class=\"ult-tabto-acontent\" style=\"color:#74777b;\">\n\t\t\t               [vc_custom_heading text=&#8220;Verkaufsberater (m\/w\/d) im Ladengesch\u00e4ft in Vollzeit&#8220; google_fonts=&#8220;font_family:Ubuntu%3A300%2C300italic%2Cregular%2Citalic%2C500%2C500italic%2C700%2C700italic|font_style:400%20regular%3A400%3Anormal&#8220;][vc_column_text]Wir suchen ab sofort f\u00fcr unseren Standort M\u00fcnchen (Dachauerstr. 103-105, 80335 M\u00fcnchen) eine\/n<\/p>\n<ul>\n<li><strong>Verkaufsberater (m\/w\/d) im Ladengesch\u00e4ft in Vollzeit<\/strong><\/li>\n<\/ul>\n<p><strong>Ihre Aufgaben:<\/strong><\/p>\n<ul>\n<li>Verkauf von Reinigungsprodukten<\/li>\n<li>Fachlich kompetente Beratung unserer Kunden<\/li>\n<li>Durchf\u00fchrung von Bestellungen und verkaufsf\u00f6rdernden Ma\u00dfnahmen<\/li>\n<li>Disposition<\/li>\n<li>Versand von Waren<\/li>\n<li>Kundenpflege<\/li>\n<li>Reklamationsbearbeitung<\/li>\n<\/ul>\n<p><strong>Ihr Profil:<\/strong><\/p>\n<ul>\n<li>Eine abgeschlossene kaufm\u00e4nnische Ausbildung oder eine vergleichbare Qualifikation erw\u00fcnscht<\/li>\n<li>Berufserfahrung idealerweise aus dem Gro\u00df- oder Einzelhandel<\/li>\n<li>Belastbarkeit, Flexibilit\u00e4t und Zuverl\u00e4ssigkeit<\/li>\n<li>Kundenorientierung<\/li>\n<li>Team- und Kommunikationsf\u00e4higkeit<\/li>\n<li>Freude am Umgang mit Menschen<\/li>\n<li>Nachhaltiges und unternehmerisches Handeln sowie eine hohe Kunden- und Serviceorientierung<\/li>\n<li>Eigenverantwortlichkeit und Engagement<\/li>\n<\/ul>\n<p><strong>Wir bieten:<\/strong><\/p>\n<ul>\n<li>ein dynamisches und teamorientiertes Umfeld<\/li>\n<li>abwechslungsreiche T\u00e4tigkeiten<\/li>\n<li>Einen sicheren Arbeitsplatz und eine langfristige Perspektive mit Entwicklungsm\u00f6glichkeiten<\/li>\n<li>eine optimale Verkehrsanbindung in zentraler Lage in M\u00fcnchen<\/li>\n<li>Einen respektvollen Umgang untereinander und die M\u00f6glichkeit, Ihre Meinung einzubringen<\/li>\n<\/ul>\n<p>Haben wir Ihr Interesse geweckt? Dann senden Sie uns Ihre vollst\u00e4ndigen Bewerbungsunterlagen mit m\u00f6glichem <strong>Eintrittstermin<\/strong> und <strong>Gehaltsvorstellung <\/strong><\/p>\n<p><strong><u>nur per E-Mail<\/u><\/strong> an:<\/p>\n<p>Herrn Deniz G\u00dcLER, <strong>ARCORA Handels GmbH<\/strong>, Dachauerstra\u00dfe 103-105, 80335 M\u00fcnchen<br \/>\nTel.: 089 \/ 14 33 29 3 \u2013 0, E-Mail: <a href=\"mailto:bewerbung@arcora.de\">bewerbung@arcora.de<\/a>, Web: <a href=\"http:\/\/arcorahandel.de\">www.arcorahandel.de<\/a>[\/vc_column_text]\n\t\t\t            <\/div>\n        \t<\/dd><dt class=\"\">\n        \t<a class=\"ult-tabto-actitle withBorder ult_a\" id=\"1540306118241-6-1\" style=\"color:#74777b;;background-color:#e7ecea;border-bottom-color:transparent;border-bottom-width:0px;border-bottom-style:solid;border-bottom-color:transparent;border-bottom-width:0px;border-bottom-style:solid;\" href=\"#1540306118241-6-1\">\n        \t\t<i class=\"accordion-icon\"><\/i>\n        \t\t\t<span class=\"ult_tab_main ult_ac_mainBoth\">\n\t\t\t\t\t   <span  data-ultimate-target='#advanced-tabs-wrap-9047 .ult-span-text'  data-responsive-json-new='{\"font-size\":\"desktop:15px;\",\"line-height\":\"\"}'  class=\"ult-span-text ult_acordian-text ult-responsive\" style=\";color:inherit \" >Logistik<\/span>\n\t\t\t\t\t<\/span>\n\t\t\t\t\t   <div class=\"aio-icon none \" style=\"color:#74777b;font-size:15px;\" data-iconcolor=\"#74777b\" data-iconhover=\"#ffffff\">\n\t\t\t\t\t   <i class=\"    ult_tab_icon\"  ><\/i>\n\t\t\t\t\t   <\/div>\n\t\t\t\t\t<\/a><\/dt>\n            \t\t<dd class=\"ult-tabto-accordionItem ult-tabto-accolapsed\">\n\t\t\t            <div class=\"ult-tabto-acontent\" style=\"color:#74777b;\">\n\t\t\t               [vc_custom_heading text=&#8220;Fachkraft f\u00fcr Lagerlogistik (m\/w\/d)&#8220; google_fonts=&#8220;font_family:Ubuntu%3A300%2C300italic%2Cregular%2Citalic%2C500%2C500italic%2C700%2C700italic|font_style:400%20regular%3A400%3Anormal&#8220;][vc_column_text]Wir suchen ab sofort f\u00fcr unseren Standort Aschheim eine<\/p>\n<p><strong>Fachkraft f\u00fcr Lagerlogistik (m\/w\/d)<\/strong><\/p>\n<p><strong>Ihre Aufgaben:<\/strong><\/p>\n<ul>\n<li>Kommissionieren von Kundenauftr\u00e4gen<\/li>\n<li>Bereitstellung der Lieferscheine im Warenwirtschaftsprogramm (Landwehr L3)<\/li>\n<li>Verpackung und Versand von Ausgangssendungen<\/li>\n<li>Warenannahme<\/li>\n<li>Ein- und Auslagern der Ware<\/li>\n<li>Bestandspflege und Kontrolle<\/li>\n<li>Anmeldung der Waren f\u00fcr die Speditionsfirmen<\/li>\n<li>Kennzeichnung von Gefahrgut beim Warenversand<\/li>\n<li>Mitarbeit bei Inventuraufnahmen<\/li>\n<li>Aufnahme von Retourwaren<\/li>\n<\/ul>\n<p><strong>Ihr Profil:<\/strong><\/p>\n<ul>\n<li>Eine abgeschlossene Ausbildung in einem und einige Jahre Berufserfahrung<\/li>\n<li>Sie bringen EDV-Grundkenntnisse und Erfahrungen im Umgang mit einem Warenwirtschaftssystem mit<\/li>\n<li>Selbstst\u00e4ndige und systematische Arbeitsweise und Ordnungssinn<\/li>\n<li>Sie sind flexibel, teamf\u00e4hig und k\u00f6rperlich fit<\/li>\n<li>Verantwortungsbewusstsein, Zuverl\u00e4ssigkeit und Gr\u00fcndlichkeit<\/li>\n<li>Sie besitzen gute Deutschkenntnisse in Wort und Schrift<\/li>\n<li>Sie sind im Besitz der Fahrerlaubnis Kl. B (alt: FS 3), von Vorteil auch C1 und eines g\u00fcltigen Staplerscheins<\/li>\n<\/ul>\n<p><em>Wir bieten eine leistungsgerechte Bezahlung, Mitarbeit in einem innovativen Team, gezielte Einarbeitung in Ihre Aufgaben und interessante Entwicklungsm\u00f6glichkeiten.<\/em><\/p>\n<p><em>Wir freuen uns auf Ihre aussagekr\u00e4ftige Bewerbung, nur per E-Mail, mit Angabe des m\u00f6glichen Eintrittsdatums und Ihrer Gehaltsvorstellungen zu H\u00e4nden Herrn Deniz G\u00fcler.<\/em><\/p>\n<p><em>ARCORA International GmbH <\/em><br \/>\n<em>Marsstra\u00dfe 9 <\/em><br \/>\n<em>E-Mail: <a href=\"mailto: bewerbung@arcora.de\">bewerbung@arcora.de<\/a><\/em><br \/>\n<em>85609 Aschheim bei M\u00fcnchen<\/em><br \/>\n<em>Web: <\/em><a href=\"http:\/\/www.arcora.de\">www.arcora-group.com<\/a>[\/vc_column_text]\n\t\t\t            <\/div>\n        \t<\/dd><dt class=\"\">\n        \t<a class=\"ult-tabto-actitle withBorder ult_a\" id=\"1649768169823-4-3\" style=\"color:#74777b;;background-color:#e7ecea;border-bottom-color:transparent;border-bottom-width:0px;border-bottom-style:solid;border-bottom-color:transparent;border-bottom-width:0px;border-bottom-style:solid;border-bottom-color:transparent;border-bottom-width:0px;border-bottom-style:solid;\" href=\"#1649768169823-4-3\">\n        \t\t<i class=\"accordion-icon\"><\/i>\n        \t\t\t<span class=\"ult_tab_main ult_ac_mainBoth\">\n\t\t\t\t\t   <span  data-ultimate-target='#advanced-tabs-wrap-9047 .ult-span-text'  data-responsive-json-new='{\"font-size\":\"desktop:15px;\",\"line-height\":\"\"}'  class=\"ult-span-text ult_acordian-text ult-responsive\" style=\";color:inherit \" >Ausbildung<\/span>\n\t\t\t\t\t<\/span>\n\t\t\t\t\t   <div class=\"aio-icon none \" style=\"color:#74777b;font-size:15px;\" data-iconcolor=\"#74777b\" data-iconhover=\"#ffffff\">\n\t\t\t\t\t   <i class=\"    ult_tab_icon\"  ><\/i>\n\t\t\t\t\t   <\/div>\n\t\t\t\t\t<\/a><\/dt>\n            \t\t<dd class=\"ult-tabto-accordionItem ult-tabto-accolapsed\">\n\t\t\t            <div class=\"ult-tabto-acontent\" style=\"color:#74777b;\">\n\t\t\t               [vc_custom_heading text=&#8220;2 x Auszubildende (m\/w\/d) in Kaufmann\/-frau f\u00fcr Gro\u00df- und Au\u00dfenhandelsmanagement<br \/>\n1 x Auszubildende (m\/w\/d) in Fachkraft f\u00fcr Lagerlogistik&#8220; google_fonts=&#8220;font_family:Ubuntu%3A300%2C300italic%2Cregular%2Citalic%2C500%2C500italic%2C700%2C700italic|font_style:400%20regular%3A400%3Anormal&#8220;][vc_column_text]<strong>Wir suchen:<\/strong><\/p>\n<p>F\u00fcr unseren <strong>Standort Aschheim<\/strong><\/p>\n<p>2 x Auszubildende (m\/w\/d) in Kaufmann\/-frau f\u00fcr Gro\u00df- und Au\u00dfenhandelsmanagement<br \/>\n1 x Auszubildende (m\/w\/d) in Fachkraft f\u00fcr Lagerlogistik<\/p>\n<p>F\u00fcr unseren <strong>Standort M\u00fcnchen<\/strong><\/p>\n<p>2 x Auszubildende (m\/w\/d) in Kaufmann\/-frau f\u00fcr Gro\u00df- und Au\u00dfenhandelsmanagement<\/p>\n<p><strong>Voraussetzungen:<\/strong><\/p>\n<p>\u25cf Qualifizierender Hauptschulabschluss oder h\u00f6herwertiger Abschluss<br \/>\n\u25cf MS-Office Kenntnisse<br \/>\n\u25cf eine weitere Fremdsprache neben Englisch w\u00fcnschenswert<br \/>\n\u25cf absolviertes Praktikum gerne gesehen<br \/>\n\u25cf Teamf\u00e4higkeit<br \/>\n\u25cf Leistungsbereitschaft<br \/>\n\u25cf Lernbereitschaft und Engagement<br \/>\n\u25cf Aussagef\u00e4hige Zeugnisse<\/p>\n<p>Wir bieten eine leistungsgerechte Bezahlung, Mitarbeit in einem innovativen Team, gezielte Einarbeitung in Ihre Aufgaben und interessante Entwicklungsm\u00f6glichkeiten.<\/p>\n<p>Haben wir Ihr Interesse geweckt? Dann senden Sie uns Ihre vollst\u00e4ndigen Bewerbungsunterlagen (Lebenslauf mit vorhandenen Zeugnissen) <strong>nur per E-Mail<\/strong> <strong>an: bewerbung@arcora.de<\/strong><\/p>\n<p><em>ARCORA International GmbH\u00a0 \u00a0 \u00a0 \u00a0 \u00a0 \u00a0 \u00a0\u00a0<\/em><br \/>\n<em>Marsstra\u00dfe 9\u00a0 \u00a0 \u00a0 \u00a0 \u00a0 \u00a0 \u00a0 \u00a0 \u00a0 \u00a0 \u00a0 \u00a0 \u00a0 \u00a0<\/em><br \/>\n<em>85609 Aschheim bei M\u00fcnchen<br \/>\n<\/em><em>www.arcora-group.com\u00a0 \u00a0 \u00a0 \u00a0 \u00a0\u00a0<\/em><\/p>\n<p><em>ARCORA Handels GmbH<\/em><br \/>\n<em>Dachauer Str. 103-105-109<br \/>\n80335\u00a0 M\u00fcnchen<br \/>\n<\/em>[\/vc_column_text]\n\t\t\t            <\/div>\n        \t<\/dd>\n    \t<\/dl>\n    <!--<div class=\"extraborder\" style=\"background-color:#4f90d1\"><\/div>-->\n<\/div>\n\n<\/div>[\/vc_column][vc_column width=&#8220;1\/6&#8243;][\/vc_column][\/vc_row]\n<\/div>","protected":false},"excerpt":{"rendered":"<p>[vc_row full_width=&#8220;stretch_row&#8220; equal_height=&#8220;yes&#8220; bg_type=&#8220;image&#8220; parallax_style=&#8220;vcpb-default&#8220; bg_image_new=&#8220;id^6986|url^https:\/\/arcora.de\/de\/wp-content\/uploads\/2019\/04\/job3.jpg|caption^null|alt^null|title^job3|description^null&#8220; bg_image_repeat=&#8220;no-repeat&#8220; bg_image_size=&#8220;initial&#8220; bg_img_attach=&#8220;fixed&#8220;][vc_column width=&#8220;5\/6&#8243;][vc_column_text]ARCORA GROUP geh\u00f6rt mit ihren weltweit ca. 330 Mitarbeitern zu den f\u00fchrenden Herstellern f\u00fcr \u201eprofessionelle Reinigungssysteme\u201c. Wir vertreiben national und international Reinigungsmittel und Zubeh\u00f6r &#8211; alles aus einer Hand. Mitarbeiter finden bei uns einen sicheren Arbeitsplatz mit unbefristeten Vollzeitarbeitsvertrag. Freuen Sie sich auf ein eher famili\u00e4res<\/p>\n","protected":false},"author":13,"featured_media":0,"parent":0,"menu_order":0,"comment_status":"closed","ping_status":"closed","template":"","meta":{"footnotes":""},"class_list":["post-3574","page","type-page","status-publish","hentry","prodpage-classic"],"_links":{"self":[{"href":"https:\/\/arcora.de\/de\/wp-json\/wp\/v2\/pages\/3574","targetHints":{"allow":["GET"]}}],"collection":[{"href":"https:\/\/arcora.de\/de\/wp-json\/wp\/v2\/pages"}],"about":[{"href":"https:\/\/arcora.de\/de\/wp-json\/wp\/v2\/types\/page"}],"author":[{"embeddable":true,"href":"https:\/\/arcora.de\/de\/wp-json\/wp\/v2\/users\/13"}],"replies":[{"embeddable":true,"href":"https:\/\/arcora.de\/de\/wp-json\/wp\/v2\/comments?post=3574"}],"version-history":[{"count":0,"href":"https:\/\/arcora.de\/de\/wp-json\/wp\/v2\/pages\/3574\/revisions"}],"wp:attachment":[{"href":"https:\/\/arcora.de\/de\/wp-json\/wp\/v2\/media?parent=3574"}],"curies":[{"name":"wp","href":"https:\/\/api.w.org\/{rel}","templated":true}]}}