{"id":4589,"date":"2017-05-17T12:19:33","date_gmt":"2017-05-17T10:19:33","guid":{"rendered":"https:\/\/arcora.de\/de\/?page_id=4589"},"modified":"2019-02-05T12:44:44","modified_gmt":"2019-02-05T11:44:44","slug":"qualitaets-und-umweltpolitik","status":"publish","type":"page","link":"https:\/\/arcora.de\/de\/qualitaets-und-umweltpolitik\/","title":{"rendered":"Qualit\u00e4ts- und Umweltpolitik"},"content":{"rendered":"<div class=\"wpb-content-wrapper\">[vc_row][vc_column width=&#8220;1\/4&#8243;][vc_single_image image=&#8220;4594&#8243; img_size=&#8220;200px&#8220; style=&#8220;vc_box_rounded&#8220;][\/vc_column][vc_column width=&#8220;1\/4&#8243;][vc_single_image image=&#8220;4590&#8243; img_size=&#8220;200px&#8220; style=&#8220;vc_box_rounded&#8220;][\/vc_column][vc_column width=&#8220;1\/4&#8243;][vc_single_image image=&#8220;4592&#8243; img_size=&#8220;200px&#8220; style=&#8220;vc_box_rounded&#8220;][\/vc_column][vc_column width=&#8220;1\/4&#8243;][vc_single_image image=&#8220;4593&#8243; img_size=&#8220;200px&#8220; style=&#8220;vc_box_rounded&#8220;][\/vc_column][\/vc_row][vc_row][vc_column][vc_column_text]Die Arcora International GmbH ist ein weltweit t\u00e4tiges Unternehmen, welches durch sein qualifiziertes Personal dediziertes Knowhow in allen Bereichen der Reinigungstechnik bietet. Wir sind der Ansprechpartner rund um Sauberkeit und Hygiene und einer der f\u00fchrendenden Anbieter von Komplettl\u00f6sungen aus einer Hand. Durch anwenderfreundliche Produkte f\u00fcr jeden Bereich der professionellen Reinigung arbeiten wir darauf hin, die bereits beachtlichen Marktanteile auf dem nationalen und internationalen Reinigungsmarkt weiter auszubauen und eine Spitzenposition einzunehmen.<\/p>\n<p>Wir legen gro\u00dfen Wert auf die kontinuierliche Entwicklung innovativer Produkte und intensive Kommunikation und Zusammenarbeit mit unseren Kunden. Durch diese engen Kontakte erhalten wir laufend Informationen \u00fcber die Wirksamkeit und Qualit\u00e4t unserer Produkte in der Praxis, sowie Anregungen zur Verbesserung und Erweiterung unseres Produktsortiments. Wir sind jederzeit offen f\u00fcr Neuerungen und Verbesserungen. Fr\u00fchzeitiges Erkennen von Kundenw\u00fcnschen liegt uns sehr am Herzen.<br \/>\nSowohl f\u00fcr unsere Mitarbeiter als auch f\u00fcr unsere Kunden bieten wir Seminare und Schulungen an. Hierdurch wird gew\u00e4hrleistet, dass unsere Produkte richtig eingesetzt werden. Denn nur durch den richtigen Einsatz, k\u00f6nnen optimale Ergebnisse erzielt und der Kunde zufriedengestellt werden.<\/p>\n<p>Die Mopp Produktion findet in unseren eigenen Produktionswerken statt, welche laufend durch gezielte Investitionen in Maschinen, Ausstattung, Personal und Training optimiert werden. Durch die eigene Produktion sind wir in der Lage, den gesamten Herstellungsprozess &#8211; von der Garnherstellung bis zur Logistik &#8211; zu steuern und somit flexibel auf individuelle Kundenw\u00fcnsche einzugehen zu k\u00f6nnen. Durch intensive Zusammenarbeit unserer Entwicklung mit Experten aus der Textilindustrie, universit\u00e4ren Einrichtungen sowie die Pr\u00fcfung von Produkten durch ein externe, unabh\u00e4ngige Textillabors, k\u00f6nnen wir unseren Kunden innovative Produkte mit einem hohen Qualit\u00e4tsstandard bieten.<br \/>\nWir setzen uns proaktiv mit Chancen und Risiken auseinander und halten alle Verpflichtungen gegen\u00fcber unseren Mitarbeitern, Kunden und dem Gesetzgeber zu jeder Zeit ein.<\/p>\n<p>Bei unseren Produkten achten wir auf den betrieblichen Umweltschutz sowie den schonenden Umgang mit den eingesetzten Ressourcen. Ziel ist es, umweltfreundliche Produkte mit hoher Effizienz und Qualit\u00e4t zu fairen und wettbewerbsf\u00e4higen Preisen anzubieten. Es ist unser Bestreben, Wirtschaftlichkeit, Umweltbewusstsein bei hohem Qualit\u00e4tsstandard zu vereinen und stetig an Verbesserungen im Hinblick auf das Qualit\u00e4ts- und Umweltmanagement zu arbeiten.<\/p>\n<p>Das gesamte Unternehmen gibt sein Bestes, Umweltbelastungen zu verhindern oder zu reduzieren und den Qualit\u00e4ts- und Umweltanspr\u00fcchen unserer Kunden, Lieferanten sowie Mitarbeitern gerecht zu werden.<br \/>\nAls multikulturelles Team leben wir unsere ganz besondere Firmenphilosophie und bilden alle gemeinsam das Qualit\u00e4ts- und Umweltmanagement der Firma Arcora International GmbH.[\/vc_column_text][\/vc_column][\/vc_row]\n<\/div>","protected":false},"excerpt":{"rendered":"<p>[vc_row][vc_column width=&#8220;1\/4&#8243;][vc_single_image image=&#8220;4594&#8243; img_size=&#8220;200px&#8220; style=&#8220;vc_box_rounded&#8220;][\/vc_column][vc_column width=&#8220;1\/4&#8243;][vc_single_image image=&#8220;4590&#8243; img_size=&#8220;200px&#8220; style=&#8220;vc_box_rounded&#8220;][\/vc_column][vc_column width=&#8220;1\/4&#8243;][vc_single_image image=&#8220;4592&#8243; img_size=&#8220;200px&#8220; style=&#8220;vc_box_rounded&#8220;][\/vc_column][vc_column width=&#8220;1\/4&#8243;][vc_single_image image=&#8220;4593&#8243; img_size=&#8220;200px&#8220; style=&#8220;vc_box_rounded&#8220;][\/vc_column][\/vc_row][vc_row][vc_column][vc_column_text]Die Arcora International GmbH ist ein weltweit t\u00e4tiges Unternehmen, welches durch sein qualifiziertes Personal dediziertes Knowhow in allen Bereichen der Reinigungstechnik bietet. Wir sind der Ansprechpartner rund um Sauberkeit und Hygiene und einer der f\u00fchrendenden Anbieter von Komplettl\u00f6sungen aus<\/p>\n","protected":false},"author":13,"featured_media":0,"parent":0,"menu_order":0,"comment_status":"closed","ping_status":"closed","template":"","meta":{"footnotes":""},"class_list":["post-4589","page","type-page","status-publish","hentry","prodpage-classic"],"_links":{"self":[{"href":"https:\/\/arcora.de\/de\/wp-json\/wp\/v2\/pages\/4589","targetHints":{"allow":["GET"]}}],"collection":[{"href":"https:\/\/arcora.de\/de\/wp-json\/wp\/v2\/pages"}],"about":[{"href":"https:\/\/arcora.de\/de\/wp-json\/wp\/v2\/types\/page"}],"author":[{"embeddable":true,"href":"https:\/\/arcora.de\/de\/wp-json\/wp\/v2\/users\/13"}],"replies":[{"embeddable":true,"href":"https:\/\/arcora.de\/de\/wp-json\/wp\/v2\/comments?post=4589"}],"version-history":[{"count":0,"href":"https:\/\/arcora.de\/de\/wp-json\/wp\/v2\/pages\/4589\/revisions"}],"wp:attachment":[{"href":"https:\/\/arcora.de\/de\/wp-json\/wp\/v2\/media?parent=4589"}],"curies":[{"name":"wp","href":"https:\/\/api.w.org\/{rel}","templated":true}]}}