{"id":4692,"date":"2017-08-10T10:24:36","date_gmt":"2017-08-10T08:24:36","guid":{"rendered":"https:\/\/arcora.de\/de\/?page_id=4692"},"modified":"2019-02-19T11:45:19","modified_gmt":"2019-02-19T10:45:19","slug":"feedback","status":"publish","type":"page","link":"https:\/\/arcora.de\/de\/feedback\/","title":{"rendered":"Feedback"},"content":{"rendered":"<div class=\"wpb-content-wrapper\">[vc_row][vc_column][vc_single_image image=&#8220;4696&#8243; img_size=&#8220;1200&#8243; style=&#8220;vc_box_rounded&#8220;][\/vc_column][\/vc_row][vc_row][vc_column]\n<div class=\"wpcf7 no-js\" id=\"wpcf7-f4681-o1\" lang=\"de-DE\" dir=\"ltr\" data-wpcf7-id=\"4681\">\n<div class=\"screen-reader-response\"><p role=\"status\" aria-live=\"polite\" aria-atomic=\"true\"><\/p> <ul><\/ul><\/div>\n<form action=\"\/de\/wp-json\/wp\/v2\/pages\/4692#wpcf7-f4681-o1\" method=\"post\" class=\"wpcf7-form init\" aria-label=\"Kontaktformular\" novalidate=\"novalidate\" data-status=\"init\">\n<fieldset class=\"hidden-fields-container\"><input type=\"hidden\" name=\"_wpcf7\" value=\"4681\" \/><input type=\"hidden\" name=\"_wpcf7_version\" value=\"6.1.5\" \/><input type=\"hidden\" name=\"_wpcf7_locale\" value=\"de_DE\" \/><input type=\"hidden\" name=\"_wpcf7_unit_tag\" value=\"wpcf7-f4681-o1\" \/><input type=\"hidden\" name=\"_wpcf7_container_post\" value=\"0\" \/><input type=\"hidden\" name=\"_wpcf7_posted_data_hash\" value=\"\" \/>\n<\/fieldset>\n<p>Sehr geehrter Gesch\u00e4ftspartner,\n<\/p>\n<p>als Teil unseres Qualit\u00e4tsmanagementsystems nach ISO 9001\/14001 sind wir darum bem\u00fcht, unsere internen Prozesse kontinuierlich zu verbessern. Daher bitten wir Sie, uns hierbei zu unterst\u00fctzen und uns ein offenes Feedback \u00fcber Ihre eigene Erfahrung mit ARCORA zu geben. Wir nehmen Ihre Anregungen und Ihre Erfahrung sehr ernst.\n<\/p>\n<p>Vielen Dank f\u00fcr Ihre Bem\u00fchungen!\n<\/p>\n<p>Mit freundlichen Gr\u00fc\u00dfen\n<\/p>\n<p>Ihr ARCORA Team\n<\/p>\n<p><b>1= sehr zufrieden&nbsp;&nbsp;&nbsp;&nbsp;&nbsp;6= sehr unzufrieden<\/b>\n<\/p>\n<p><label>1. Wie zufrieden sind Sie mit der Unterst\u00fctzung durch den Innendienst?<\/label><br \/>\n<span class=\"wpcf7-form-control-wrap\" data-name=\"checkbox-315\"><span class=\"wpcf7-form-control wpcf7-checkbox wpcf7-exclusive-checkbox\"><span class=\"wpcf7-list-item first\"><span class=\"wpcf7-list-item-label\">1<\/span><input type=\"checkbox\" name=\"checkbox-315\" value=\"1\" \/><\/span><span class=\"wpcf7-list-item\"><span class=\"wpcf7-list-item-label\">2<\/span><input type=\"checkbox\" name=\"checkbox-315\" value=\"2\" \/><\/span><span class=\"wpcf7-list-item\"><span class=\"wpcf7-list-item-label\">3<\/span><input type=\"checkbox\" name=\"checkbox-315\" value=\"3\" \/><\/span><span class=\"wpcf7-list-item\"><span class=\"wpcf7-list-item-label\">4<\/span><input type=\"checkbox\" name=\"checkbox-315\" value=\"4\" \/><\/span><span class=\"wpcf7-list-item\"><span class=\"wpcf7-list-item-label\">5<\/span><input type=\"checkbox\" name=\"checkbox-315\" value=\"5\" \/><\/span><span class=\"wpcf7-list-item last\"><span class=\"wpcf7-list-item-label\">6<\/span><input type=\"checkbox\" name=\"checkbox-315\" value=\"6\" \/><\/span><\/span><\/span>\n<\/p>\n<p><label>2. Wie zufrieden sind Sie mit der Vertriebsunterst\u00fctzung?<\/label><br \/>\n<span class=\"wpcf7-form-control-wrap\" data-name=\"checkbox-59\"><span class=\"wpcf7-form-control wpcf7-checkbox wpcf7-exclusive-checkbox\"><span class=\"wpcf7-list-item first\"><span class=\"wpcf7-list-item-label\">1<\/span><input type=\"checkbox\" name=\"checkbox-59\" value=\"1\" \/><\/span><span class=\"wpcf7-list-item\"><span class=\"wpcf7-list-item-label\">2<\/span><input type=\"checkbox\" name=\"checkbox-59\" value=\"2\" \/><\/span><span class=\"wpcf7-list-item\"><span class=\"wpcf7-list-item-label\">3<\/span><input type=\"checkbox\" name=\"checkbox-59\" value=\"3\" \/><\/span><span class=\"wpcf7-list-item\"><span class=\"wpcf7-list-item-label\">4<\/span><input type=\"checkbox\" name=\"checkbox-59\" value=\"4\" \/><\/span><span class=\"wpcf7-list-item\"><span class=\"wpcf7-list-item-label\">5<\/span><input type=\"checkbox\" name=\"checkbox-59\" value=\"5\" \/><\/span><span class=\"wpcf7-list-item last\"><span class=\"wpcf7-list-item-label\">6<\/span><input type=\"checkbox\" name=\"checkbox-59\" value=\"6\" \/><\/span><\/span><\/span>\n<\/p>\n<p><label>3. Wie zufrieden sind Sie mit der Bearbeitung von Reklamationen?<\/label><br \/>\n<span class=\"wpcf7-form-control-wrap\" data-name=\"checkbox-849\"><span class=\"wpcf7-form-control wpcf7-checkbox wpcf7-exclusive-checkbox\"><span class=\"wpcf7-list-item first\"><span class=\"wpcf7-list-item-label\">1<\/span><input type=\"checkbox\" name=\"checkbox-849\" value=\"1\" \/><\/span><span class=\"wpcf7-list-item\"><span class=\"wpcf7-list-item-label\">2<\/span><input type=\"checkbox\" name=\"checkbox-849\" value=\"2\" \/><\/span><span class=\"wpcf7-list-item\"><span class=\"wpcf7-list-item-label\">3<\/span><input type=\"checkbox\" name=\"checkbox-849\" value=\"3\" \/><\/span><span class=\"wpcf7-list-item\"><span class=\"wpcf7-list-item-label\">4<\/span><input type=\"checkbox\" name=\"checkbox-849\" value=\"4\" \/><\/span><span class=\"wpcf7-list-item\"><span class=\"wpcf7-list-item-label\">5<\/span><input type=\"checkbox\" name=\"checkbox-849\" value=\"5\" \/><\/span><span class=\"wpcf7-list-item last\"><span class=\"wpcf7-list-item-label\">6<\/span><input type=\"checkbox\" name=\"checkbox-849\" value=\"6\" \/><\/span><\/span><\/span>\n<\/p>\n<p><label>4. Wie zufrieden sind Sie mit der Lieferabwicklung?<\/label><br \/>\n<span class=\"wpcf7-form-control-wrap\" data-name=\"checkbox-113\"><span class=\"wpcf7-form-control wpcf7-checkbox wpcf7-exclusive-checkbox\"><span class=\"wpcf7-list-item first\"><span class=\"wpcf7-list-item-label\">1<\/span><input type=\"checkbox\" name=\"checkbox-113\" value=\"1\" \/><\/span><span class=\"wpcf7-list-item\"><span class=\"wpcf7-list-item-label\">2<\/span><input type=\"checkbox\" name=\"checkbox-113\" value=\"2\" \/><\/span><span class=\"wpcf7-list-item\"><span class=\"wpcf7-list-item-label\">3<\/span><input type=\"checkbox\" name=\"checkbox-113\" value=\"3\" \/><\/span><span class=\"wpcf7-list-item\"><span class=\"wpcf7-list-item-label\">4<\/span><input type=\"checkbox\" name=\"checkbox-113\" value=\"4\" \/><\/span><span class=\"wpcf7-list-item\"><span class=\"wpcf7-list-item-label\">5<\/span><input type=\"checkbox\" name=\"checkbox-113\" value=\"5\" \/><\/span><span class=\"wpcf7-list-item last\"><span class=\"wpcf7-list-item-label\">6<\/span><input type=\"checkbox\" name=\"checkbox-113\" value=\"6\" \/><\/span><\/span><\/span>\n<\/p>\n<p><label>5. Wie zufrieden sind Sie insgesamt mit der ARCORA International GmbH?<\/label><br \/>\n<span class=\"wpcf7-form-control-wrap\" data-name=\"checkbox-973\"><span class=\"wpcf7-form-control wpcf7-checkbox wpcf7-exclusive-checkbox\"><span class=\"wpcf7-list-item first\"><span class=\"wpcf7-list-item-label\">1<\/span><input type=\"checkbox\" name=\"checkbox-973\" value=\"1\" \/><\/span><span class=\"wpcf7-list-item\"><span class=\"wpcf7-list-item-label\">2<\/span><input type=\"checkbox\" name=\"checkbox-973\" value=\"2\" \/><\/span><span class=\"wpcf7-list-item\"><span class=\"wpcf7-list-item-label\">3<\/span><input type=\"checkbox\" name=\"checkbox-973\" value=\"3\" \/><\/span><span class=\"wpcf7-list-item\"><span class=\"wpcf7-list-item-label\">4<\/span><input type=\"checkbox\" name=\"checkbox-973\" value=\"4\" \/><\/span><span class=\"wpcf7-list-item\"><span class=\"wpcf7-list-item-label\">5<\/span><input type=\"checkbox\" name=\"checkbox-973\" value=\"5\" \/><\/span><span class=\"wpcf7-list-item last\"><span class=\"wpcf7-list-item-label\">6<\/span><input type=\"checkbox\" name=\"checkbox-973\" value=\"6\" \/><\/span><\/span><\/span>\n<\/p>\n<p><label> F\u00fcr weitere Anregungen oder Bemerkungen k\u00f6nnen Sie gerne unten folgende Feld nutzen:<br \/>\n<span class=\"wpcf7-form-control-wrap\" data-name=\"your-message\"><textarea cols=\"40\" rows=\"10\" maxlength=\"2000\" class=\"wpcf7-form-control wpcf7-textarea\" aria-invalid=\"false\" name=\"your-message\"><\/textarea><\/span><\/label>\n<\/p>\n<p><label> Ihr Name (Pflichtfeld)<br \/>\n<span class=\"wpcf7-form-control-wrap\" data-name=\"your-name\"><input size=\"40\" maxlength=\"400\" class=\"wpcf7-form-control wpcf7-text wpcf7-validates-as-required\" aria-required=\"true\" aria-invalid=\"false\" value=\"\" type=\"text\" name=\"your-name\" \/><\/span> <\/label>\n<\/p>\n<p><label> Ihre E-Mail-Adresse (Pflichtfeld)<br \/>\n<span class=\"wpcf7-form-control-wrap\" data-name=\"your-email\"><input size=\"40\" maxlength=\"400\" class=\"wpcf7-form-control wpcf7-email wpcf7-validates-as-required wpcf7-text wpcf7-validates-as-email\" aria-required=\"true\" aria-invalid=\"false\" value=\"\" type=\"email\" name=\"your-email\" \/><\/span> <\/label>\n<\/p>\n<p><input class=\"wpcf7-form-control wpcf7-submit has-spinner\" type=\"submit\" value=\"Senden\" \/>\n<\/p><div class=\"wpcf7-response-output\" aria-hidden=\"true\"><\/div>\n<\/form>\n<\/div>\n[\/vc_column][\/vc_row]\n<\/div>","protected":false},"excerpt":{"rendered":"<p>[vc_row][vc_column][vc_single_image image=&#8220;4696&#8243; img_size=&#8220;1200&#8243; style=&#8220;vc_box_rounded&#8220;][\/vc_column][\/vc_row][vc_row][vc_column][\/vc_column][\/vc_row]<\/p>\n","protected":false},"author":13,"featured_media":0,"parent":0,"menu_order":0,"comment_status":"closed","ping_status":"closed","template":"","meta":{"footnotes":""},"class_list":["post-4692","page","type-page","status-publish","hentry","prodpage-classic"],"_links":{"self":[{"href":"https:\/\/arcora.de\/de\/wp-json\/wp\/v2\/pages\/4692","targetHints":{"allow":["GET"]}}],"collection":[{"href":"https:\/\/arcora.de\/de\/wp-json\/wp\/v2\/pages"}],"about":[{"href":"https:\/\/arcora.de\/de\/wp-json\/wp\/v2\/types\/page"}],"author":[{"embeddable":true,"href":"https:\/\/arcora.de\/de\/wp-json\/wp\/v2\/users\/13"}],"replies":[{"embeddable":true,"href":"https:\/\/arcora.de\/de\/wp-json\/wp\/v2\/comments?post=4692"}],"version-history":[{"count":0,"href":"https:\/\/arcora.de\/de\/wp-json\/wp\/v2\/pages\/4692\/revisions"}],"wp:attachment":[{"href":"https:\/\/arcora.de\/de\/wp-json\/wp\/v2\/media?parent=4692"}],"curies":[{"name":"wp","href":"https:\/\/api.w.org\/{rel}","templated":true}]}}