{"id":1028,"date":"2016-04-12T09:45:43","date_gmt":"2016-04-12T07:45:43","guid":{"rendered":"https:\/\/arcora.de\/de\/arcora\/produkt\/hospital-quattro-mopp-gruen\/"},"modified":"2023-07-21T08:11:11","modified_gmt":"2023-07-21T06:11:11","slug":"hospital-quattro-mopp-gruen","status":"publish","type":"product","link":"https:\/\/arcora.de\/de\/produkt\/hospital-quattro-mopp-gruen\/","title":{"rendered":"HOSPITAL QUATTRO MOPP GR\u00dcN"},"content":{"rendered":"<p><strong>Eigenschaften:<\/strong><br \/>\n\u2022 Optimale Schmutz- und Wasseraufnahme<br \/>\n\u2022 Die wirtschaftliche L\u00f6sung<br \/>\n\u2022 Sehr gute Gleiteigenschaften f\u00fcr ein erm\u00fcdungsfreies Arbeiten<br \/>\n\u2022 Rei\u00dffeste und wasserdurchl\u00e4ssige Polyestertaschen<br \/>\n\u2022 Lange Lebensdauer durch hochwertiges Herstellungsverfahren<\/p>\n<p><strong>Anwendungsbereiche:<\/strong><br \/>\n\u2022 Unterhaltsreinigung\u00a0(Gesundheitswesen)<\/p>\n<p><strong>Zielgruppen:<\/strong><br \/>\n\u2022 Geb\u00e4udereiniger<br \/>\n\u2022 Gesundheitswesen<br \/>\n\u2022 Industrie<br \/>\n\u2022 Kliniken<br \/>\n\u2022 Senioren- und\u00a0Pflegeheime<br \/>\n\u2022 \u00d6ffentliche Einrichtungen<br \/>\n\u2022 Gro\u00dfw\u00e4schereien<\/p>\n<p><strong>Bodenbel\u00e4ge:<\/strong><br \/>\n\u2022 Elastische Bel\u00e4ge<br \/>\n\u2022 Hartbel\u00e4ge<br \/>\n\u2022 Feinsteinzeug<br \/>\n\u2022 Steinb\u00f6den<br \/>\n\u2022 Fliesen<br \/>\n\u2022 Laminatb\u00f6den<br \/>\n\u2022 Ideal f\u00fcr glatte, beschichtete und unbeschichtete Bodenbel\u00e4ge<\/p>\n<p>&nbsp;<\/p>\n","protected":false},"excerpt":{"rendered":"<p>Optimal f\u00fcr die Unterhaltsreinigung von elastischen Bel\u00e4gen, Hartbodenbel\u00e4gen, glatten, beschichteten und unbeschichteten Bodenbel\u00e4gen.<\/p>\n<p>&nbsp;<\/p>\n<p><a href=\"https:\/\/arcora.de\/de\/wp-content\/uploads\/2023\/07\/PDB_Hospital-Quattro-Mopp.pdf\" target=\"_blank\" rel=\"noopener noreferrer\"><img loading=\"lazy\" decoding=\"async\" class=\"alignnone wp-image-6442\" src=\"https:\/\/arcora.de\/de\/wp-content\/uploads\/2019\/03\/Produkt.png\" alt=\"\" width=\"223\" height=\"38\" \/><\/a><\/p>\n","protected":false},"featured_media":7193,"template":"","meta":[],"product_brand":[],"product_cat":[140,139],"product_tag":[],"class_list":{"0":"post-1028","1":"product","2":"type-product","3":"status-publish","4":"has-post-thumbnail","6":"product_cat-baumwoll-und-mischgarnmopp","7":"product_cat-reinigungstextilien","9":"first","10":"instock","11":"shipping-taxable","12":"product-type-simple","13":"prodpage-classic"},"_links":{"self":[{"href":"https:\/\/arcora.de\/de\/wp-json\/wp\/v2\/product\/1028","targetHints":{"allow":["GET"]}}],"collection":[{"href":"https:\/\/arcora.de\/de\/wp-json\/wp\/v2\/product"}],"about":[{"href":"https:\/\/arcora.de\/de\/wp-json\/wp\/v2\/types\/product"}],"wp:featuredmedia":[{"embeddable":true,"href":"https:\/\/arcora.de\/de\/wp-json\/wp\/v2\/media\/7193"}],"wp:attachment":[{"href":"https:\/\/arcora.de\/de\/wp-json\/wp\/v2\/media?parent=1028"}],"wp:term":[{"taxonomy":"product_brand","embeddable":true,"href":"https:\/\/arcora.de\/de\/wp-json\/wp\/v2\/product_brand?post=1028"},{"taxonomy":"product_cat","embeddable":true,"href":"https:\/\/arcora.de\/de\/wp-json\/wp\/v2\/product_cat?post=1028"},{"taxonomy":"product_tag","embeddable":true,"href":"https:\/\/arcora.de\/de\/wp-json\/wp\/v2\/product_tag?post=1028"}],"curies":[{"name":"wp","href":"https:\/\/api.w.org\/{rel}","templated":true}]}}