{"id":10377,"date":"2020-12-03T11:27:54","date_gmt":"2020-12-03T10:27:54","guid":{"rendered":"https:\/\/arcora.de\/de\/?post_type=product&#038;p=10377"},"modified":"2025-10-27T16:56:02","modified_gmt":"2025-10-27T15:56:02","slug":"wd-30","status":"publish","type":"product","link":"https:\/\/arcora.de\/de\/produkt\/wd-30\/","title":{"rendered":"WD 30"},"content":{"rendered":"<p><strong>Eigenschaften:<br \/>\n<\/strong><br \/>\n\u2022 Hocheffizienter, leistungsstarker Nass-\/Trockensauger<br \/>\n\u2022 Mit stabilem Edelstahlgeh\u00e4use<br \/>\n\u2022 Ideales Preis-Leistungsverh\u00e4ltnis<br \/>\n\u2022 Zyklon Wasserabscheidesystem mit zuverl\u00e4ssiger Schwimmerabschaltung<br \/>\n\u2022 Leicht zu bewegen dank breitem Fahrwerk<br \/>\n\u2022 Inkl. Aluminium Saugrohr (2 x 0,5 m), Saugschlauch komplett (2,5 m), Nassbodend\u00fcse (360 mm) mit Parkhaken, B\u00fcrststreifen, (360 mm), Fugend\u00fcse (230 mm), Rundpinsel, Zykloneinsatz,<br \/>\nHEPAS 13-Feinstaub-Filter, Vliesfilterbeutel, Netzkabel (7,5 m)<\/p>\n<p><strong>Technische Daten:<\/strong><\/p>\n<p>Netzspannung: 230 V\/50Hz<br \/>\nLeistung: 1200 W<br \/>\nSchalldruckpegel: 76 dB(A)<br \/>\nVolumenstrom: 48 Liter \/ Sek.<br \/>\nMax. Unterdruck: 230 mbar<br \/>\nBeh\u00e4ltermaterial: Edelstahl<br \/>\nBeh\u00e4ltervolumen: 30 Liter<br \/>\nL\u00e4nge Netzkabel: 7,5 m<br \/>\nL\u00e4nge Saugschlauch: 2,5 m<br \/>\nDurchmesser Saugschlauch: 32 mm<br \/>\nDurchmesser Saugrohr: 32 mm<br \/>\nGer\u00e4tegewicht: 8,9 kg<br \/>\nAbmessungen (LxBxH): 42 x 38 x 63 cm<\/p>\n","protected":false},"excerpt":{"rendered":"<p><strong>LEISTUNGSSTARKER NASS-\/TROCKENSAUGER 30 LITER MIT EDELSTAHLGEH\u00c4USE<\/strong><\/p>\n<p>Der WD 30 Nass-\/Trockensauger ist dank seiner robusten Bauweise ideal f\u00fcr den Einsatz in der Geb\u00e4udereinigung, Industrie und in Werkst\u00e4tten geeignet.<br \/>\nBesonders geeignet f\u00fcr die Baufein- und Grobreinigung.<\/p>\n<p>&nbsp;<\/p>\n<p><a href=\"https:\/\/arcora.de\/de\/wp-content\/uploads\/2022\/01\/WD-30-NASS-TROCKENSAUGER-1.pdf\"><img loading=\"lazy\" decoding=\"async\" class=\"alignnone wp-image-6442\" src=\"https:\/\/arcora.de\/de\/wp-content\/uploads\/2019\/03\/Produkt.png\" alt=\"\" width=\"223\" height=\"38\" \/><\/a><br \/>\n<a href=\"https:\/\/arcora.de\/de\/wp-content\/uploads\/2020\/12\/WD30-Bedienungsanleitung-NEU.pdf\" target=\"_blank\" rel=\"noopener noreferrer\"><img loading=\"lazy\" decoding=\"async\" class=\"alignnone wp-image-6442\" src=\"https:\/\/arcora.de\/de\/wp-content\/uploads\/2019\/03\/Bedienung.png\" alt=\"\" width=\"223\" height=\"38\" \/><\/a><\/p>\n","protected":false},"featured_media":10383,"template":"","meta":[],"product_brand":[],"product_cat":[183,69],"product_tag":[],"class_list":{"0":"post-10377","1":"product","2":"type-product","3":"status-publish","4":"has-post-thumbnail","6":"product_cat-nass-und-trockensauger","7":"product_cat-reinigungsmaschinen-und-zubehuer","9":"first","10":"instock","11":"shipping-taxable","12":"product-type-simple","13":"prodpage-classic"},"_links":{"self":[{"href":"https:\/\/arcora.de\/de\/wp-json\/wp\/v2\/product\/10377","targetHints":{"allow":["GET"]}}],"collection":[{"href":"https:\/\/arcora.de\/de\/wp-json\/wp\/v2\/product"}],"about":[{"href":"https:\/\/arcora.de\/de\/wp-json\/wp\/v2\/types\/product"}],"wp:featuredmedia":[{"embeddable":true,"href":"https:\/\/arcora.de\/de\/wp-json\/wp\/v2\/media\/10383"}],"wp:attachment":[{"href":"https:\/\/arcora.de\/de\/wp-json\/wp\/v2\/media?parent=10377"}],"wp:term":[{"taxonomy":"product_brand","embeddable":true,"href":"https:\/\/arcora.de\/de\/wp-json\/wp\/v2\/product_brand?post=10377"},{"taxonomy":"product_cat","embeddable":true,"href":"https:\/\/arcora.de\/de\/wp-json\/wp\/v2\/product_cat?post=10377"},{"taxonomy":"product_tag","embeddable":true,"href":"https:\/\/arcora.de\/de\/wp-json\/wp\/v2\/product_tag?post=10377"}],"curies":[{"name":"wp","href":"https:\/\/api.w.org\/{rel}","templated":true}]}}