{"id":10500,"date":"2021-01-12T16:33:22","date_gmt":"2021-01-12T15:33:22","guid":{"rendered":"https:\/\/arcora.de\/de\/?post_type=product&#038;p=10500"},"modified":"2024-06-11T14:55:32","modified_gmt":"2024-06-11T12:55:32","slug":"glass-shine","status":"publish","type":"product","link":"https:\/\/arcora.de\/de\/produkt\/glass-shine\/","title":{"rendered":"GLASS-SHINE"},"content":{"rendered":"<p><strong>JETZT NEU!<\/strong><\/p>\n<p><strong>Eigenschaften:<\/strong><br \/>\nGLASS-SHINE ist ein gebrauchsfertiger Oberfl\u00e4chen-Schnellreiniger mit frischem <strong>Citrus-Duft<\/strong> f\u00fcr eine streifenfreie Reinigung. Entfernt m\u00fchelos Schmutzablagerungen, Fett und \u00d6l von allen wasserfesten Oberfl\u00e4chen.<\/p>\n<p><strong>SPR\u00dcHEN-1x WISCHEN-FERTIG!<\/strong><\/p>\n<p>\u2022 Leistungsstarker Reiniger f\u00fcr alle wasserfesten Oberfl\u00e4chen<br \/>\n\u2022 Reinigt schnell, r\u00fcckstandslos und streifenfrei<br \/>\n\u2022 Trocknet in Sekundenschnelle<br \/>\n\u2022 F\u00fcr strahlende Sauberkeit und Glanz<br \/>\n\u2022 Hautschonender Reiniger mit gro\u00dfartiger Reinigungswirkung<br \/>\n\u2022 Materialschonend<br \/>\n\u2022 Hinterl\u00e4sst einen angenehmen <strong>Citrus-Duft<\/strong><\/p>\n<p><strong>Anwendungsbereiche:<br \/>\n<\/strong>F\u00fcr die Unterhaltsreinigung von allen gl\u00e4nzenden, wasserfesten Oberfl\u00e4chen wie Fenster, Glas, Spiegel, Metall- und Kunststofffensterrahmen, Bildschirme Tische, Schr\u00e4nke, Ceranfelder, KFZ-Scheiben etc.<\/p>\n","protected":false},"excerpt":{"rendered":"<p><strong>OBERFL\u00c4CHEN-SCHNELLREINIGER<\/strong><br \/>\nGebrauchsfertiger Oberfl\u00e4chen-Schnellreiniger f\u00fcr eine absolut streifen- und schlierenfreie Reinigung mit <strong>Citrus-Duft.<\/strong><br \/>\n<strong>Hervorragende Reinigungsleistung ohne gro\u00dfen Kraftaufwand dank speziell entwickelter neuer Rezeptur!<\/strong><\/p>\n<p><a href=\"https:\/\/arcora.de\/de\/wp-content\/uploads\/2024\/06\/ARCORA_GLASS-SHINE_OBERFLAeCHEN-SCHNELLREINIGER_01293_01316.pdf\" target=\"_blank\" rel=\"noopener noreferrer\"><img loading=\"lazy\" decoding=\"async\" class=\"alignnone wp-image-6442\" src=\"https:\/\/arcora.de\/de\/wp-content\/uploads\/2019\/03\/Produkt.png\" alt=\"\" width=\"223\" height=\"38\" \/><\/a><br \/>\n<a href=\"https:\/\/arcora.de\/de\/wp-content\/uploads\/2021\/01\/GLASS-SHINE-3.pdf\" target=\"_blank\" rel=\"noopener noreferrer\"><img loading=\"lazy\" decoding=\"async\" class=\"alignnone wp-image-6442\" src=\"https:\/\/arcora.de\/de\/wp-content\/uploads\/2019\/03\/Sicherheit.png\" alt=\"\" width=\"223\" height=\"38\" \/><\/a><br \/>\n<a href=\"https:\/\/arcora.de\/de\/wp-content\/uploads\/2021\/01\/BA_GLASS-SHINE.pdf\" target=\"_blank\" rel=\"noopener noreferrer\"><img loading=\"lazy\" decoding=\"async\" class=\"alignnone wp-image-6442\" src=\"https:\/\/arcora.de\/de\/wp-content\/uploads\/2019\/03\/Betrieb.png\" alt=\"\" width=\"223\" height=\"38\" \/><\/a><\/p>\n","protected":false},"featured_media":14579,"template":"","meta":[],"product_brand":[],"product_cat":[50,53],"product_tag":[],"class_list":{"0":"post-10500","1":"product","2":"type-product","3":"status-publish","4":"has-post-thumbnail","6":"product_cat-reinigungsundpflegemittel","7":"product_cat-unterhaltsreiniger","9":"first","10":"instock","11":"shipping-taxable","12":"product-type-simple","13":"prodpage-classic"},"_links":{"self":[{"href":"https:\/\/arcora.de\/de\/wp-json\/wp\/v2\/product\/10500","targetHints":{"allow":["GET"]}}],"collection":[{"href":"https:\/\/arcora.de\/de\/wp-json\/wp\/v2\/product"}],"about":[{"href":"https:\/\/arcora.de\/de\/wp-json\/wp\/v2\/types\/product"}],"wp:featuredmedia":[{"embeddable":true,"href":"https:\/\/arcora.de\/de\/wp-json\/wp\/v2\/media\/14579"}],"wp:attachment":[{"href":"https:\/\/arcora.de\/de\/wp-json\/wp\/v2\/media?parent=10500"}],"wp:term":[{"taxonomy":"product_brand","embeddable":true,"href":"https:\/\/arcora.de\/de\/wp-json\/wp\/v2\/product_brand?post=10500"},{"taxonomy":"product_cat","embeddable":true,"href":"https:\/\/arcora.de\/de\/wp-json\/wp\/v2\/product_cat?post=10500"},{"taxonomy":"product_tag","embeddable":true,"href":"https:\/\/arcora.de\/de\/wp-json\/wp\/v2\/product_tag?post=10500"}],"curies":[{"name":"wp","href":"https:\/\/api.w.org\/{rel}","templated":true}]}}