{"id":10669,"date":"2021-02-25T16:16:28","date_gmt":"2021-02-25T15:16:28","guid":{"rendered":"https:\/\/arcora.de\/de\/?post_type=product&#038;p=10669"},"modified":"2024-06-13T11:01:23","modified_gmt":"2024-06-13T09:01:23","slug":"fat-clean","status":"publish","type":"product","link":"https:\/\/arcora.de\/de\/produkt\/fat-clean\/","title":{"rendered":"FAT-CLEAN"},"content":{"rendered":"<p><strong>Eigenschaften:<\/strong><br \/>\nDer gebrauchsfertige K\u00fcchenreiniger reinigt kraftvoll fett-, eiwei\u00df- und \u00f6lverschmutzte alkalibest\u00e4ndige Oberfl\u00e4chen aller Art. Besonders zur Reinigung stark fettverschmutzter Oberfl\u00e4chen und Dunstabzugshauben.<\/p>\n<p><strong>Anwendungsbereiche:<br \/>\n<\/strong>Zur fettl\u00f6senden Reinigung aller abwaschbaren und alkalibest\u00e4ndigen Fl\u00e4chen und Gegenst\u00e4nde. Ideal geeignet f\u00fcr in Lebensmittel verarbeitenden Betrieben wie K\u00fcchen, Restaurants, Kantinen, Metzgereien, B\u00e4ckereien, Molkereien etc. Besonders zur Reinigung stark fettverschmutzter Oberfl\u00e4chen und Dunstabzugshauben u. \u00e4. empfohlen.<\/p>\n","protected":false},"excerpt":{"rendered":"<p><strong>GEBRAUCHSFERTIGER KRAFTVOLLER K\u00dcCHENREINIGER<\/strong><br \/>\nReinigt kraftvoll fett-, eiwei\u00df- und \u00f6lverschmutzte alkalibest\u00e4ndige Oberfl\u00e4chen aller Art.<\/p>\n<ul>\n<li>Besonders zur Reinigung stark fettverschmutzter Oberfl\u00e4chen und Dunstabzugshauben<\/li>\n<\/ul>\n<p>&nbsp;<\/p>\n<p><a href=\"https:\/\/arcora.de\/de\/wp-content\/uploads\/2024\/06\/ARCORA_FAT-CLEAN_GEBRAUCHSFERTIGER-KRAFTVOLLER-KUeCHENREINIGER_01016.pdf\" target=\"_blank\" rel=\"noopener noreferrer\"><img loading=\"lazy\" decoding=\"async\" class=\"alignnone wp-image-6442\" src=\"https:\/\/arcora.de\/de\/wp-content\/uploads\/2019\/03\/Produkt.png\" alt=\"\" width=\"223\" height=\"38\" \/><\/a><br \/>\n<a href=\"https:\/\/arcora.de\/de\/wp-content\/uploads\/2022\/03\/SDB_FAT-CLEAN.pdf\" target=\"_blank\" rel=\"noopener noreferrer\"><img loading=\"lazy\" decoding=\"async\" class=\"alignnone wp-image-6442\" src=\"https:\/\/arcora.de\/de\/wp-content\/uploads\/2019\/03\/Sicherheit.png\" alt=\"\" width=\"223\" height=\"38\" \/><\/a><br \/>\n<a href=\"https:\/\/arcora.de\/de\/wp-content\/uploads\/2021\/02\/BA_FAT-CLEAN.pdf\" target=\"_blank\" rel=\"noopener noreferrer\"><img loading=\"lazy\" decoding=\"async\" class=\"alignnone wp-image-6442\" src=\"https:\/\/arcora.de\/de\/wp-content\/uploads\/2019\/03\/Betrieb.png\" alt=\"\" width=\"223\" height=\"38\" \/><\/a><\/p>\n<p>&nbsp;<\/p>\n","protected":false},"featured_media":14585,"template":"","meta":[],"product_brand":[],"product_cat":[59,50],"product_tag":[],"class_list":{"0":"post-10669","1":"product","2":"type-product","3":"status-publish","4":"has-post-thumbnail","6":"product_cat-kuechenhygiene","7":"product_cat-reinigungsundpflegemittel","9":"first","10":"instock","11":"shipping-taxable","12":"product-type-simple","13":"prodpage-classic"},"_links":{"self":[{"href":"https:\/\/arcora.de\/de\/wp-json\/wp\/v2\/product\/10669","targetHints":{"allow":["GET"]}}],"collection":[{"href":"https:\/\/arcora.de\/de\/wp-json\/wp\/v2\/product"}],"about":[{"href":"https:\/\/arcora.de\/de\/wp-json\/wp\/v2\/types\/product"}],"wp:featuredmedia":[{"embeddable":true,"href":"https:\/\/arcora.de\/de\/wp-json\/wp\/v2\/media\/14585"}],"wp:attachment":[{"href":"https:\/\/arcora.de\/de\/wp-json\/wp\/v2\/media?parent=10669"}],"wp:term":[{"taxonomy":"product_brand","embeddable":true,"href":"https:\/\/arcora.de\/de\/wp-json\/wp\/v2\/product_brand?post=10669"},{"taxonomy":"product_cat","embeddable":true,"href":"https:\/\/arcora.de\/de\/wp-json\/wp\/v2\/product_cat?post=10669"},{"taxonomy":"product_tag","embeddable":true,"href":"https:\/\/arcora.de\/de\/wp-json\/wp\/v2\/product_tag?post=10669"}],"curies":[{"name":"wp","href":"https:\/\/api.w.org\/{rel}","templated":true}]}}