{"id":10675,"date":"2021-02-26T10:19:23","date_gmt":"2021-02-26T09:19:23","guid":{"rendered":"https:\/\/arcora.de\/de\/?post_type=product&#038;p=10675"},"modified":"2024-06-13T11:02:34","modified_gmt":"2024-06-13T09:02:34","slug":"grill-clean","status":"publish","type":"product","link":"https:\/\/arcora.de\/de\/produkt\/grill-clean\/","title":{"rendered":"GRILL-CLEAN"},"content":{"rendered":"<p><strong>Eigenschaften:<\/strong><br \/>\nGebrauchsfertiger, hochalkalischer Grill- und Backofenreiniger f\u00fcr die Intensivreinigung alkalibest\u00e4ndiger Oberfl\u00e4chen. L\u00f6st starke Verschmutzungen wie Fett-, \u00d6l-, und Eiwei\u00dfverkrustungen sowie Bratr\u00fcckst\u00e4nde. Eingebranntes, Verkohltes und Verkrustetes, kein Problem f\u00fcr den GERUCHSARMEN GRILLREINIGER.<\/p>\n<p><strong>Anwendungsbereiche:<br \/>\n<\/strong>Zur fettl\u00f6senden Reinigung aller abwaschbaren und alkalibest\u00e4ndigen Oberfl\u00e4chen und Gegenst\u00e4nde wie z.B. Back\u00f6fen, Grills und Konvektomaten. Mit dem Grillreiniger gelingt, dank der Schaumbildung, auch eine optimale Reinigung vertikaler Oberfl\u00e4chen. Ideal geeignet f\u00fcr in Lebensmittel verarbeitenden Betrieben wie K\u00fcchen, Restaurants, Kantinen, Metzgereien, B\u00e4ckereien, Molkereien etc.<\/p>\n","protected":false},"excerpt":{"rendered":"<p><strong>GEBRAUCHSFERTIGER HOCHALKALISCHER GRILLREINIGER<\/strong><br \/>\nF\u00fcr die Intensivreinigung alkalibest\u00e4ndiger Oberfl\u00e4chen aller Art.<\/p>\n<p>\u25cf Hohe Fettl\u00f6sekraft<br \/>\n\u25cf Sch\u00e4umender Reiniger<br \/>\n\u25cf Schnell wirkend<br \/>\n\u25cf Frei von Duftstoffen<\/p>\n<p>&nbsp;<\/p>\n<p><a href=\"https:\/\/arcora.de\/de\/wp-content\/uploads\/2024\/06\/ARCORA_GRILL-CLEAN_GEBRAUCHSFERTIGER-HOCHALKALISCHER-GRILLREINIGER_01017.pdf\" target=\"_blank\" rel=\"noopener noreferrer\"><img loading=\"lazy\" decoding=\"async\" class=\"alignnone wp-image-6442\" src=\"https:\/\/arcora.de\/de\/wp-content\/uploads\/2019\/03\/Produkt.png\" alt=\"\" width=\"223\" height=\"38\" \/><\/a><br \/>\n<a href=\"https:\/\/arcora.de\/de\/wp-content\/uploads\/2022\/03\/SDB_GRILL-CLEAN.pdf\" target=\"_blank\" rel=\"noopener noreferrer\"><img loading=\"lazy\" decoding=\"async\" class=\"alignnone wp-image-6442\" src=\"https:\/\/arcora.de\/de\/wp-content\/uploads\/2019\/03\/Sicherheit.png\" alt=\"\" width=\"223\" height=\"38\" \/><\/a><br \/>\n<a href=\"https:\/\/arcora.de\/de\/wp-content\/uploads\/2021\/02\/BA_GRILL-CLEAN.pdf\" target=\"_blank\" rel=\"noopener noreferrer\"><img loading=\"lazy\" decoding=\"async\" class=\"alignnone wp-image-6442\" src=\"https:\/\/arcora.de\/de\/wp-content\/uploads\/2019\/03\/Betrieb.png\" alt=\"\" width=\"223\" height=\"38\" \/><\/a><\/p>\n<p>&nbsp;<\/p>\n","protected":false},"featured_media":14740,"template":"","meta":[],"product_brand":[],"product_cat":[59,50],"product_tag":[],"class_list":{"0":"post-10675","1":"product","2":"type-product","3":"status-publish","4":"has-post-thumbnail","6":"product_cat-kuechenhygiene","7":"product_cat-reinigungsundpflegemittel","9":"first","10":"instock","11":"shipping-taxable","12":"product-type-simple","13":"prodpage-classic"},"_links":{"self":[{"href":"https:\/\/arcora.de\/de\/wp-json\/wp\/v2\/product\/10675","targetHints":{"allow":["GET"]}}],"collection":[{"href":"https:\/\/arcora.de\/de\/wp-json\/wp\/v2\/product"}],"about":[{"href":"https:\/\/arcora.de\/de\/wp-json\/wp\/v2\/types\/product"}],"wp:featuredmedia":[{"embeddable":true,"href":"https:\/\/arcora.de\/de\/wp-json\/wp\/v2\/media\/14740"}],"wp:attachment":[{"href":"https:\/\/arcora.de\/de\/wp-json\/wp\/v2\/media?parent=10675"}],"wp:term":[{"taxonomy":"product_brand","embeddable":true,"href":"https:\/\/arcora.de\/de\/wp-json\/wp\/v2\/product_brand?post=10675"},{"taxonomy":"product_cat","embeddable":true,"href":"https:\/\/arcora.de\/de\/wp-json\/wp\/v2\/product_cat?post=10675"},{"taxonomy":"product_tag","embeddable":true,"href":"https:\/\/arcora.de\/de\/wp-json\/wp\/v2\/product_tag?post=10675"}],"curies":[{"name":"wp","href":"https:\/\/api.w.org\/{rel}","templated":true}]}}