{"id":10719,"date":"2021-04-06T09:17:30","date_gmt":"2021-04-06T07:17:30","guid":{"rendered":"https:\/\/arcora.de\/de\/?post_type=product&#038;p=10719"},"modified":"2024-03-14T08:37:26","modified_gmt":"2024-03-14T07:37:26","slug":"window-clean","status":"publish","type":"product","link":"https:\/\/arcora.de\/de\/produkt\/window-clean\/","title":{"rendered":"WINDOW-CLEAN"},"content":{"rendered":"<p><strong>Eigenschaften:<\/strong><\/p>\n<ul>\n<li>F\u00fcr die schnelle, gr\u00fcndliche und gro\u00dffl\u00e4chige Reinigung von Glasoberfl\u00e4chen und Fensterrahmen<\/li>\n<li>Sowohl im Innen- und Au\u00dfenbereich, als auch bei niedrigen Temperaturen sorgt WINDOW-CLEAN f\u00fcr strahlend saubere Oberfl\u00e4chen<\/li>\n<\/ul>\n<p><strong>Anwendungsbereiche:<\/strong><br \/>\nF\u00fcr die effektive Reinigung von stark verschmutzten Fensterrahmen, Glasoberfl\u00e4chen wie Fenster, T\u00fcren, Autoscheiben, Glasm\u00f6bel, Duschw\u00e4nde und Spiegel. L\u00f6st hervorragend Verschmutzungen wie Fett, Fliegenschmutz, Umweltverschmutzungen, Nikotinablagerungen etc.<\/p>\n","protected":false},"excerpt":{"rendered":"<p><strong>PROFESSIONELLE FENSTERREINIGER SEIFE<\/strong><\/p>\n<p>Die hochkonzentrierte Fensterseife beseitigt m\u00fchelos hartn\u00e4ckige Verschmutzungen und sorgt f\u00fcr eine langanhaltende Sauberkeit und strahlenden Glanz. Mit der professionellen Fensterreiniger Seife gleitet der<br \/>\nFensterwischer sehr leicht \u00fcber das Glas und eine hervorragende Reinigungsleistung wird erzielt. Die speziell entwickelte Rezeptur ist f\u00fcr den Profi-Fensterreiniger ideal geeignet.<\/p>\n<p>&nbsp;<\/p>\n<p><a href=\"https:\/\/arcora.de\/de\/wp-content\/uploads\/2023\/12\/WINDOW-CLEAN.pdf\" target=\"_blank\" rel=\"noopener noreferrer\"><img loading=\"lazy\" decoding=\"async\" class=\"alignnone wp-image-6442\" src=\"https:\/\/arcora.de\/de\/wp-content\/uploads\/2019\/03\/Produkt.png\" alt=\"\" width=\"223\" height=\"38\" \/><\/a><br \/>\n<a href=\"https:\/\/arcora.de\/de\/wp-content\/uploads\/2022\/03\/SDB_WINDOW-CLEAN.pdf\" target=\"_blank\" rel=\"noopener noreferrer\"><img loading=\"lazy\" decoding=\"async\" class=\"alignnone wp-image-6442\" src=\"https:\/\/arcora.de\/de\/wp-content\/uploads\/2019\/03\/Sicherheit.png\" alt=\"\" width=\"223\" height=\"38\" \/><\/a><br \/>\n<a href=\"https:\/\/arcora.de\/de\/wp-content\/uploads\/2021\/05\/BA_WINDOW-CLEAN.pdf\" target=\"_blank\" rel=\"noopener noreferrer\"><img loading=\"lazy\" decoding=\"async\" class=\"alignnone wp-image-6442\" src=\"https:\/\/arcora.de\/de\/wp-content\/uploads\/2019\/03\/Betrieb.png\" alt=\"\" width=\"223\" height=\"38\" \/><\/a><\/p>\n","protected":false},"featured_media":10720,"template":"","meta":[],"product_brand":[],"product_cat":[141,50],"product_tag":[],"class_list":{"0":"post-10719","1":"product","2":"type-product","3":"status-publish","4":"has-post-thumbnail","6":"product_cat-fassaden-und-spezialreiniger","7":"product_cat-reinigungsundpflegemittel","9":"first","10":"instock","11":"shipping-taxable","12":"product-type-simple","13":"prodpage-classic"},"_links":{"self":[{"href":"https:\/\/arcora.de\/de\/wp-json\/wp\/v2\/product\/10719","targetHints":{"allow":["GET"]}}],"collection":[{"href":"https:\/\/arcora.de\/de\/wp-json\/wp\/v2\/product"}],"about":[{"href":"https:\/\/arcora.de\/de\/wp-json\/wp\/v2\/types\/product"}],"wp:featuredmedia":[{"embeddable":true,"href":"https:\/\/arcora.de\/de\/wp-json\/wp\/v2\/media\/10720"}],"wp:attachment":[{"href":"https:\/\/arcora.de\/de\/wp-json\/wp\/v2\/media?parent=10719"}],"wp:term":[{"taxonomy":"product_brand","embeddable":true,"href":"https:\/\/arcora.de\/de\/wp-json\/wp\/v2\/product_brand?post=10719"},{"taxonomy":"product_cat","embeddable":true,"href":"https:\/\/arcora.de\/de\/wp-json\/wp\/v2\/product_cat?post=10719"},{"taxonomy":"product_tag","embeddable":true,"href":"https:\/\/arcora.de\/de\/wp-json\/wp\/v2\/product_tag?post=10719"}],"curies":[{"name":"wp","href":"https:\/\/api.w.org\/{rel}","templated":true}]}}