{"id":10734,"date":"2021-04-21T13:04:25","date_gmt":"2021-04-21T11:04:25","guid":{"rendered":"https:\/\/arcora.de\/de\/?post_type=product&#038;p=10734"},"modified":"2023-12-15T13:02:14","modified_gmt":"2023-12-15T12:02:14","slug":"purple-fresh","status":"publish","type":"product","link":"https:\/\/arcora.de\/de\/produkt\/purple-fresh\/","title":{"rendered":"PURPLE FRESH"},"content":{"rendered":"<p><strong>Eigenschaften:<br \/>\n<\/strong>Hochkonzentrierter, universell einsetzbarer Unterhaltsreiniger f\u00fcr die streifenfreie Reinigung von harten und wasserfesten Oberfl\u00e4chen und B\u00f6den.<\/p>\n<p>\u2022 Hochkonzentriert daher sehr sparsam<br \/>\n\u2022 Hinterl\u00e4sst strahlenden Glanz und angenehmen Beeren-Duft<br \/>\n\u2022 Sehr gute Hautvertr\u00e4glichkeit<br \/>\n\u2022 Wirkt deodorierend<br \/>\n\u2022 Trocknet schnell und streifenfrei<br \/>\n\u2022 Sehr gute Materialvertr\u00e4glichkeit<\/p>\n<p><strong>Anwendungsbereiche:<\/strong><br \/>\nF\u00fcr die t\u00e4gliche Unterhaltsreinigung von wasserfesten Oberfl\u00e4chen wie Kunststoffe, lackierte Fl\u00e4chen, Glas, Spiegel, Keramik und Edelstahl. F\u00fcr alle wasserfesten B\u00f6den wie Natur- und Kunststein, glasierte Fliesen,<br \/>\nversiegeltes Parkett, beschichtete und unbeschichtete Bodenbel\u00e4ge.<\/p>\n","protected":false},"excerpt":{"rendered":"<p><strong>DUFT-NEUTRALREINIGER<\/strong><br \/>\nHochkonzentrierter, universell einsetzbarer Unterhaltsreiniger f\u00fcr die streifenfreie Reinigung von harten und wasserfesten Oberfl\u00e4chen und B\u00f6den.<\/p>\n<ul>\n<li>F\u00fcr die t\u00e4gliche Unterhaltsreinigung<\/li>\n<li>Angenehmer langanhaltender Beeren-Duft<\/li>\n<\/ul>\n<p>&nbsp;<\/p>\n<p><a href=\"https:\/\/arcora.de\/de\/wp-content\/uploads\/2023\/12\/PURPLE-FRESH.pdf\"><img loading=\"lazy\" decoding=\"async\" class=\"alignnone wp-image-6442\" src=\"https:\/\/arcora.de\/de\/wp-content\/uploads\/2019\/03\/Produkt.png\" alt=\"\" width=\"223\" height=\"38\" \/><\/a><br \/>\n<a href=\"https:\/\/arcora.de\/de\/wp-content\/uploads\/2022\/03\/SDB_PURPLE-FRESH.pdf\" target=\"_blank\" rel=\"noopener noreferrer\"><img loading=\"lazy\" decoding=\"async\" class=\"alignnone wp-image-6442\" src=\"https:\/\/arcora.de\/de\/wp-content\/uploads\/2019\/03\/Sicherheit.png\" alt=\"\" width=\"223\" height=\"38\" \/><\/a><br \/>\n<a href=\"https:\/\/arcora.de\/de\/wp-content\/uploads\/2021\/04\/BA_PURPLE-FRESH.pdf\" target=\"_blank\" rel=\"noopener noreferrer\"><img loading=\"lazy\" decoding=\"async\" class=\"alignnone wp-image-6442\" src=\"https:\/\/arcora.de\/de\/wp-content\/uploads\/2019\/03\/Betrieb.png\" alt=\"\" width=\"223\" height=\"38\" \/><\/a><\/p>\n","protected":false},"featured_media":11393,"template":"","meta":[],"product_brand":[],"product_cat":[50,53],"product_tag":[],"class_list":{"0":"post-10734","1":"product","2":"type-product","3":"status-publish","4":"has-post-thumbnail","6":"product_cat-reinigungsundpflegemittel","7":"product_cat-unterhaltsreiniger","9":"first","10":"instock","11":"shipping-taxable","12":"product-type-simple","13":"prodpage-classic"},"_links":{"self":[{"href":"https:\/\/arcora.de\/de\/wp-json\/wp\/v2\/product\/10734","targetHints":{"allow":["GET"]}}],"collection":[{"href":"https:\/\/arcora.de\/de\/wp-json\/wp\/v2\/product"}],"about":[{"href":"https:\/\/arcora.de\/de\/wp-json\/wp\/v2\/types\/product"}],"wp:featuredmedia":[{"embeddable":true,"href":"https:\/\/arcora.de\/de\/wp-json\/wp\/v2\/media\/11393"}],"wp:attachment":[{"href":"https:\/\/arcora.de\/de\/wp-json\/wp\/v2\/media?parent=10734"}],"wp:term":[{"taxonomy":"product_brand","embeddable":true,"href":"https:\/\/arcora.de\/de\/wp-json\/wp\/v2\/product_brand?post=10734"},{"taxonomy":"product_cat","embeddable":true,"href":"https:\/\/arcora.de\/de\/wp-json\/wp\/v2\/product_cat?post=10734"},{"taxonomy":"product_tag","embeddable":true,"href":"https:\/\/arcora.de\/de\/wp-json\/wp\/v2\/product_tag?post=10734"}],"curies":[{"name":"wp","href":"https:\/\/api.w.org\/{rel}","templated":true}]}}