{"id":10739,"date":"2021-04-21T13:24:10","date_gmt":"2021-04-21T11:24:10","guid":{"rendered":"https:\/\/arcora.de\/de\/?post_type=product&#038;p=10739"},"modified":"2022-03-14T11:22:48","modified_gmt":"2022-03-14T10:22:48","slug":"flexon","status":"publish","type":"product","link":"https:\/\/arcora.de\/de\/produkt\/flexon\/","title":{"rendered":"FLEXON"},"content":{"rendered":"<p><strong>Eigenschaften:<\/strong><br \/>\nFLEXON ist ein kraftvoller schmutz-, fett- und nikotinl\u00f6sender Spezialreiniger mit hohem Schmutztrageverm\u00f6gen f\u00fcr alle wasserfesten Oberfl\u00e4chen, Gegenst\u00e4nde und Belagsarten. Der Spezialreiniger mit angenehmem Duft ist sparsam im Verbrauch und kann auch zur professionellen Glasreinigung eingesetzt werden. Auch ideal f\u00fcr den Einsatz in Superm\u00e4rkten geeignet. Kennzeichnungsfrei nach CLP-Verordnung.<\/p>\n<p><strong>Anwendungsbereiche:<\/strong><br \/>\nAuf allen wasserfesten Oberfl\u00e4chen, Gegenst\u00e4nden und Belagsarten anwendbar. NICHT f\u00fcr beschichtete Bodenbel\u00e4ge geeignet.<\/p>\n","protected":false},"excerpt":{"rendered":"<p><strong>KRAFTREINIGER<\/strong><\/p>\n<p>Kraftvoller schmutz-, fett- und nikotinl\u00f6sender Spezialreiniger mit hohem Schmutztrageverm\u00f6gen f\u00fcr alle wasserfesten Oberfl\u00e4chen, Gegenst\u00e4nde und Belagsarten.<\/p>\n<ul>\n<li>Mit angenehmem Duft<\/li>\n<li>Universell einsetzbar<\/li>\n<\/ul>\n<p>&nbsp;<\/p>\n<p><a href=\"https:\/\/arcora.de\/de\/wp-content\/uploads\/2021\/09\/FLEXON.pdf\" target=\"_blank\" rel=\"noopener noreferrer\"><img loading=\"lazy\" decoding=\"async\" class=\"alignnone wp-image-6442\" src=\"https:\/\/arcora.de\/de\/wp-content\/uploads\/2019\/03\/Produkt.png\" alt=\"\" width=\"223\" height=\"38\" \/><\/a><br \/>\n<a href=\"https:\/\/arcora.de\/de\/wp-content\/uploads\/2022\/03\/SDB_FLEXON.pdf\" target=\"_blank\" rel=\"noopener noreferrer\"><img loading=\"lazy\" decoding=\"async\" class=\"alignnone wp-image-6442\" src=\"https:\/\/arcora.de\/de\/wp-content\/uploads\/2019\/03\/Sicherheit.png\" alt=\"\" width=\"223\" height=\"38\" \/><\/a><br \/>\n<a href=\"https:\/\/arcora.de\/de\/wp-content\/uploads\/2021\/04\/BA_FLEXON-1.pdf\" target=\"_blank\" rel=\"noopener noreferrer\"><img loading=\"lazy\" decoding=\"async\" class=\"alignnone wp-image-6442\" src=\"https:\/\/arcora.de\/de\/wp-content\/uploads\/2019\/03\/Betrieb.png\" alt=\"\" width=\"223\" height=\"38\" \/><\/a><\/p>\n","protected":false},"featured_media":11400,"template":"","meta":[],"product_brand":[],"product_cat":[50,53],"product_tag":[],"class_list":{"0":"post-10739","1":"product","2":"type-product","3":"status-publish","4":"has-post-thumbnail","6":"product_cat-reinigungsundpflegemittel","7":"product_cat-unterhaltsreiniger","9":"first","10":"instock","11":"shipping-taxable","12":"product-type-simple","13":"prodpage-classic"},"_links":{"self":[{"href":"https:\/\/arcora.de\/de\/wp-json\/wp\/v2\/product\/10739","targetHints":{"allow":["GET"]}}],"collection":[{"href":"https:\/\/arcora.de\/de\/wp-json\/wp\/v2\/product"}],"about":[{"href":"https:\/\/arcora.de\/de\/wp-json\/wp\/v2\/types\/product"}],"wp:featuredmedia":[{"embeddable":true,"href":"https:\/\/arcora.de\/de\/wp-json\/wp\/v2\/media\/11400"}],"wp:attachment":[{"href":"https:\/\/arcora.de\/de\/wp-json\/wp\/v2\/media?parent=10739"}],"wp:term":[{"taxonomy":"product_brand","embeddable":true,"href":"https:\/\/arcora.de\/de\/wp-json\/wp\/v2\/product_brand?post=10739"},{"taxonomy":"product_cat","embeddable":true,"href":"https:\/\/arcora.de\/de\/wp-json\/wp\/v2\/product_cat?post=10739"},{"taxonomy":"product_tag","embeddable":true,"href":"https:\/\/arcora.de\/de\/wp-json\/wp\/v2\/product_tag?post=10739"}],"curies":[{"name":"wp","href":"https:\/\/api.w.org\/{rel}","templated":true}]}}