{"id":10785,"date":"2021-04-22T16:09:50","date_gmt":"2021-04-22T14:09:50","guid":{"rendered":"https:\/\/arcora.de\/de\/?post_type=product&#038;p=10785"},"modified":"2025-07-04T08:41:52","modified_gmt":"2025-07-04T06:41:52","slug":"bora-medical-750","status":"publish","type":"product","link":"https:\/\/arcora.de\/de\/produkt\/bora-medical-750\/","title":{"rendered":"BORA MEDICAL 750"},"content":{"rendered":"<ul>\n<li>Kunststoffpresse in SCHWARZ<\/li>\n<li>2 x 20 Liter Eimer mit Henkel in BLAU und ROT<\/li>\n<li>4 x 6 Liter Eimer mit Sieb zur Pr\u00e4paration der T\u00fccher mit Henkel in BLAU, ROT, GR\u00dcN, GELB, im Schrank verstaut<\/li>\n<li>Abschlie\u00dfbarer Schrank (Schl\u00fcssel) mit Kunststoffwanne in GRAU und Kunststoffbox in GRAU-T\u00dcRKIS<\/li>\n<li>Verschlie\u00dfbarer Deckel (Schl\u00fcssel) mit Ablage (Schl\u00fcssel)<\/li>\n<li>Bruchsichere, sehr stabile verschlie\u00dfbare T\u00fcren<\/li>\n<li>Herausnehmbarer Abfallsack in T\u00dcRKIS in einem zweiten abschlie\u00dfbarem Schrank<\/li>\n<li>Seitliche Ablage f\u00fcr Mopphalter oder Besen<\/li>\n<\/ul>\n<p>Abmessungen: 141,5 x 60 x 111,5 cm<\/p>\n","protected":false},"excerpt":{"rendered":"<p><strong>SERVICEWAGEN<\/strong><\/p>\n<ul>\n<li>Gestell aus umweltfreundlichen Recyclingprodukten<\/li>\n<li>Speziell f\u00fcr die Reinigung im Gesundheitswesen entwickelt<\/li>\n<\/ul>\n<p>&nbsp;<\/p>\n<p><a href=\"https:\/\/arcora.de\/de\/wp-content\/uploads\/2025\/07\/ECOBLACK_DE.pdf\" target=\"_blank\" rel=\"noopener noreferrer\"><img loading=\"lazy\" decoding=\"async\" class=\"alignnone wp-image-6442\" src=\"https:\/\/arcora.de\/de\/wp-content\/uploads\/2019\/03\/Produkt.png\" alt=\"\" width=\"223\" height=\"38\" \/><\/a><\/p>\n","protected":false},"featured_media":13621,"template":"","meta":[],"product_brand":[],"product_cat":[169,175],"product_tag":[],"class_list":{"0":"post-10785","1":"product","2":"type-product","3":"status-publish","4":"has-post-thumbnail","6":"product_cat-reinigungswaegen-und-zubehoer","7":"product_cat-servicewagen","9":"first","10":"instock","11":"shipping-taxable","12":"product-type-simple","13":"prodpage-classic"},"_links":{"self":[{"href":"https:\/\/arcora.de\/de\/wp-json\/wp\/v2\/product\/10785","targetHints":{"allow":["GET"]}}],"collection":[{"href":"https:\/\/arcora.de\/de\/wp-json\/wp\/v2\/product"}],"about":[{"href":"https:\/\/arcora.de\/de\/wp-json\/wp\/v2\/types\/product"}],"wp:featuredmedia":[{"embeddable":true,"href":"https:\/\/arcora.de\/de\/wp-json\/wp\/v2\/media\/13621"}],"wp:attachment":[{"href":"https:\/\/arcora.de\/de\/wp-json\/wp\/v2\/media?parent=10785"}],"wp:term":[{"taxonomy":"product_brand","embeddable":true,"href":"https:\/\/arcora.de\/de\/wp-json\/wp\/v2\/product_brand?post=10785"},{"taxonomy":"product_cat","embeddable":true,"href":"https:\/\/arcora.de\/de\/wp-json\/wp\/v2\/product_cat?post=10785"},{"taxonomy":"product_tag","embeddable":true,"href":"https:\/\/arcora.de\/de\/wp-json\/wp\/v2\/product_tag?post=10785"}],"curies":[{"name":"wp","href":"https:\/\/api.w.org\/{rel}","templated":true}]}}