{"id":10836,"date":"2021-04-27T16:08:17","date_gmt":"2021-04-27T14:08:17","guid":{"rendered":"https:\/\/arcora.de\/de\/?post_type=product&#038;p=10836"},"modified":"2022-03-14T12:00:36","modified_gmt":"2022-03-14T11:00:36","slug":"speed-clean","status":"publish","type":"product","link":"https:\/\/arcora.de\/de\/produkt\/speed-clean\/","title":{"rendered":"SPEED-CLEAN"},"content":{"rendered":"<p><strong>Eigenschaften:<\/strong><br \/>\nSPEED-CLEAN ist ein sehr schnell wirkendes Aktivreiniger Konzentrat f\u00fcr alle wasser- undalkalibest\u00e4ndige Oberfl\u00e4chen, Gegenst\u00e4nde und Bodenbel\u00e4ge. Der tensidarme, universell einsetzbare Reiniger ist ideal f\u00fcr die t\u00e4gliche Unterhaltsreinigung, aber auch als Intensivreiniger einsetzbar und mit vielen Desinfektionsmitteln vertr\u00e4glich. SPEED-CLEAN erh\u00e4lt die Saugf\u00e4higkeit der textilen Fasern von Moppbez\u00fcgen und Wischt\u00fcchern. Kennzeichnungsfrei nach CLP-Verordnung.<\/p>\n<p><strong>Anwendungsbereiche:<\/strong><br \/>\nF\u00fcr alle wasser- und alkalibest\u00e4ndige Fl\u00e4chen, Bodenbel\u00e4ge und Gegenst\u00e4nde sowie durch Beschichtung gesch\u00fctzte Belagsarten geeignet.<\/p>\n","protected":false},"excerpt":{"rendered":"<p><strong>SCHNELL WIRKENDES AKTIVREINIGER-KONZENTRAT<\/strong><\/p>\n<p>Schnell wirkendes Aktivreiniger Konzentrat f\u00fcr alle wasser- und alkalibest\u00e4ndige Oberfl\u00e4chen, Gegenst\u00e4nde und Bodenbel\u00e4ge.<\/p>\n<p>\u25cf Mit spezieller Wirkstoffkombination<br \/>\n\u25cf Extrem schnell wirkend, tensidarm<br \/>\n\u25cf Optimales Trennverhalten im Abwasser<br \/>\n\u25cf Mit angenehmem Duft<\/p>\n<p>&nbsp;<\/p>\n<p><a href=\"https:\/\/arcora.de\/de\/wp-content\/uploads\/2021\/09\/SPEED-CLEAN.pdf\" target=\"_blank\" rel=\"noopener noreferrer\"><img loading=\"lazy\" decoding=\"async\" class=\"alignnone wp-image-6442\" src=\"https:\/\/arcora.de\/de\/wp-content\/uploads\/2019\/03\/Produkt.png\" alt=\"\" width=\"223\" height=\"38\" \/><\/a><br \/>\n<a href=\"https:\/\/arcora.de\/de\/wp-content\/uploads\/2022\/03\/SDB_SPEED-CLEAN.pdf\" target=\"_blank\" rel=\"noopener noreferrer\"><img loading=\"lazy\" decoding=\"async\" class=\"alignnone wp-image-6442\" src=\"https:\/\/arcora.de\/de\/wp-content\/uploads\/2019\/03\/Sicherheit.png\" alt=\"\" width=\"223\" height=\"38\" \/><\/a><br \/>\n<a href=\"https:\/\/arcora.de\/de\/wp-content\/uploads\/2021\/07\/BA_SPEED-CLEAN.pdf\" target=\"_blank\" rel=\"noopener noreferrer\"><img loading=\"lazy\" decoding=\"async\" class=\"alignnone wp-image-6442\" src=\"https:\/\/arcora.de\/de\/wp-content\/uploads\/2019\/03\/Betrieb.png\" alt=\"\" width=\"223\" height=\"38\" \/><\/a><\/p>\n","protected":false},"featured_media":11397,"template":"","meta":[],"product_brand":[],"product_cat":[50,53],"product_tag":[],"class_list":{"0":"post-10836","1":"product","2":"type-product","3":"status-publish","4":"has-post-thumbnail","6":"product_cat-reinigungsundpflegemittel","7":"product_cat-unterhaltsreiniger","9":"first","10":"instock","11":"shipping-taxable","12":"product-type-simple","13":"prodpage-classic"},"_links":{"self":[{"href":"https:\/\/arcora.de\/de\/wp-json\/wp\/v2\/product\/10836","targetHints":{"allow":["GET"]}}],"collection":[{"href":"https:\/\/arcora.de\/de\/wp-json\/wp\/v2\/product"}],"about":[{"href":"https:\/\/arcora.de\/de\/wp-json\/wp\/v2\/types\/product"}],"wp:featuredmedia":[{"embeddable":true,"href":"https:\/\/arcora.de\/de\/wp-json\/wp\/v2\/media\/11397"}],"wp:attachment":[{"href":"https:\/\/arcora.de\/de\/wp-json\/wp\/v2\/media?parent=10836"}],"wp:term":[{"taxonomy":"product_brand","embeddable":true,"href":"https:\/\/arcora.de\/de\/wp-json\/wp\/v2\/product_brand?post=10836"},{"taxonomy":"product_cat","embeddable":true,"href":"https:\/\/arcora.de\/de\/wp-json\/wp\/v2\/product_cat?post=10836"},{"taxonomy":"product_tag","embeddable":true,"href":"https:\/\/arcora.de\/de\/wp-json\/wp\/v2\/product_tag?post=10836"}],"curies":[{"name":"wp","href":"https:\/\/api.w.org\/{rel}","templated":true}]}}