{"id":10878,"date":"2021-05-20T14:54:51","date_gmt":"2021-05-20T12:54:51","guid":{"rendered":"https:\/\/arcora.de\/de\/?post_type=product&#038;p=10878"},"modified":"2023-01-25T14:49:03","modified_gmt":"2023-01-25T13:49:03","slug":"tools-holder-2","status":"publish","type":"product","link":"https:\/\/arcora.de\/de\/produkt\/tools-holder-2\/","title":{"rendered":"TOOLS HOLDER 400"},"content":{"rendered":"","protected":false},"excerpt":{"rendered":"<p>F\u00dcR SERVICEW\u00c4GEN<\/p>\n<p>Halterung f\u00fcr Stiele mit zwei zus\u00e4tzlichen Aufh\u00e4nghacken.<\/p>\n<ul>\n<li>Sehr praktisch, stabil und platzsparend<\/li>\n<li>F\u00fcr bis zu 5 Ger\u00e4ten geeignet<\/li>\n<li>Ma\u00dfe: 400 mm<\/li>\n<\/ul>\n","protected":false},"featured_media":10879,"template":"","meta":[],"product_brand":[],"product_cat":[169,178],"product_tag":[],"class_list":{"0":"post-10878","1":"product","2":"type-product","3":"status-publish","4":"has-post-thumbnail","6":"product_cat-reinigungswaegen-und-zubehoer","7":"product_cat-tools-holder","9":"first","10":"instock","11":"shipping-taxable","12":"product-type-simple","13":"prodpage-classic"},"_links":{"self":[{"href":"https:\/\/arcora.de\/de\/wp-json\/wp\/v2\/product\/10878","targetHints":{"allow":["GET"]}}],"collection":[{"href":"https:\/\/arcora.de\/de\/wp-json\/wp\/v2\/product"}],"about":[{"href":"https:\/\/arcora.de\/de\/wp-json\/wp\/v2\/types\/product"}],"wp:featuredmedia":[{"embeddable":true,"href":"https:\/\/arcora.de\/de\/wp-json\/wp\/v2\/media\/10879"}],"wp:attachment":[{"href":"https:\/\/arcora.de\/de\/wp-json\/wp\/v2\/media?parent=10878"}],"wp:term":[{"taxonomy":"product_brand","embeddable":true,"href":"https:\/\/arcora.de\/de\/wp-json\/wp\/v2\/product_brand?post=10878"},{"taxonomy":"product_cat","embeddable":true,"href":"https:\/\/arcora.de\/de\/wp-json\/wp\/v2\/product_cat?post=10878"},{"taxonomy":"product_tag","embeddable":true,"href":"https:\/\/arcora.de\/de\/wp-json\/wp\/v2\/product_tag?post=10878"}],"curies":[{"name":"wp","href":"https:\/\/api.w.org\/{rel}","templated":true}]}}