{"id":11295,"date":"2021-08-19T16:32:39","date_gmt":"2021-08-19T14:32:39","guid":{"rendered":"https:\/\/arcora.de\/de\/?post_type=product&#038;p=11295"},"modified":"2025-04-24T13:12:28","modified_gmt":"2025-04-24T11:12:28","slug":"medical-blue","status":"publish","type":"product","link":"https:\/\/arcora.de\/de\/produkt\/medical-blue\/","title":{"rendered":"MEDICAL BLUE"},"content":{"rendered":"<p>Der hochwertige Microfaseranteil und die Zusammensetzung des Deckblatts garantieren eine perfekte Schmutz- und Wasseraufnahme sowie optimale Gleiteigenschaften.<br \/>\nDank dem hohen Anteil an Filamenten wird eine sehr hohe Fl\u00e4chenleistung sowie eine optimale Vernetzung von Reinigungs- und Desinfektionsmitteln erzielt.<\/p>\n<p><strong>ANWENDUNG<\/strong><br \/>\nSowohl trocken als auch feucht anwendbar auf glatten, beschichteten und unbeschichteten Bodenbel\u00e4gen.<\/p>\n<p><strong>ANWENDUNGSBEREICH<\/strong><br \/>\nZur Unterhaltsreinigung, sowie Nass- und Trockenreinigung von jeglichen Oberfl\u00e4chen, wie elastischen Bel\u00e4gen, Hartbel\u00e4gen, Feinsteinzeug, Steinb\u00f6den, Fliesen, Laminatb\u00f6den und<br \/>\nideal f\u00fcr glatte und por\u00f6se Bodenbel\u00e4ge geeignet. Besonders geeignet f\u00fcr den Einsatz im Gesundheitswesen, Kliniken, Senioren- und Pflegeheimen sowie \u00f6ffentlichen Einrichtungen und Geb\u00e4udereinigung.<\/p>\n<p><strong>WASCHEMPFEHLUNG<\/strong><br \/>\nEmpfohlen wird eine Waschtemperatur von 60 \u00b0C. Eine maximale Waschtemperatur von 95 \u00b0C sollte nicht \u00fcberschritten werden. Die Verwendung von Weichsp\u00fcler und Bleichmitteln gilt es zu vermeiden. Generell wird empfohlen, nur sortenrein zu waschen. Beim Trocknen sollten 80 \u00b0C nicht \u00fcberschritten werden.<\/p>\n","protected":false},"excerpt":{"rendered":"<p><strong>Der Microfasergarn-Bezug mit hohem Anteil an Filamenten<\/strong><\/p>\n<p>\u2022 Hohe Fl\u00e4chenleistung und hervorragende Vernetzung von Reinigungs- und Desinfektionsmitteln dank dem hohen Anteil an Filamenten \u2192 Endlosfasern<br \/>\n\u2022 Ideale Schmutz- und Wasseraufnahme<br \/>\n\u2022 Sehr gute Gleiteigenschaften f\u00fcr ein erm\u00fcdungsfreies Arbeiten<br \/>\n\u2022 Rei\u00dffeste und wasserdurchl\u00e4ssige Polyestertaschen<br \/>\n\u2022 Lange Lebensdauer durch hochwertiges Herstellungsverfahren<\/p>\n<p><a href=\"https:\/\/arcora.de\/de\/wp-content\/uploads\/2025\/04\/ARCORA_MEDICAL-BLUE.pdf\" target=\"_blank\" rel=\"noopener noreferrer\"><img loading=\"lazy\" decoding=\"async\" class=\"alignnone wp-image-6442\" src=\"https:\/\/arcora.de\/de\/wp-content\/uploads\/2019\/03\/Produkt.png\" alt=\"\" width=\"223\" height=\"38\" \/><\/a><\/p>\n","protected":false},"featured_media":15236,"template":"","meta":[],"product_brand":[],"product_cat":[147,139],"product_tag":[],"class_list":{"0":"post-11295","1":"product","2":"type-product","3":"status-publish","4":"has-post-thumbnail","6":"product_cat-microfasermopp","7":"product_cat-reinigungstextilien","9":"first","10":"instock","11":"shipping-taxable","12":"product-type-simple","13":"prodpage-classic"},"_links":{"self":[{"href":"https:\/\/arcora.de\/de\/wp-json\/wp\/v2\/product\/11295","targetHints":{"allow":["GET"]}}],"collection":[{"href":"https:\/\/arcora.de\/de\/wp-json\/wp\/v2\/product"}],"about":[{"href":"https:\/\/arcora.de\/de\/wp-json\/wp\/v2\/types\/product"}],"wp:featuredmedia":[{"embeddable":true,"href":"https:\/\/arcora.de\/de\/wp-json\/wp\/v2\/media\/15236"}],"wp:attachment":[{"href":"https:\/\/arcora.de\/de\/wp-json\/wp\/v2\/media?parent=11295"}],"wp:term":[{"taxonomy":"product_brand","embeddable":true,"href":"https:\/\/arcora.de\/de\/wp-json\/wp\/v2\/product_brand?post=11295"},{"taxonomy":"product_cat","embeddable":true,"href":"https:\/\/arcora.de\/de\/wp-json\/wp\/v2\/product_cat?post=11295"},{"taxonomy":"product_tag","embeddable":true,"href":"https:\/\/arcora.de\/de\/wp-json\/wp\/v2\/product_tag?post=11295"}],"curies":[{"name":"wp","href":"https:\/\/api.w.org\/{rel}","templated":true}]}}