{"id":11411,"date":"2021-09-30T13:44:59","date_gmt":"2021-09-30T11:44:59","guid":{"rendered":"https:\/\/arcora.de\/de\/?post_type=product&#038;p=11411"},"modified":"2023-12-15T13:03:44","modified_gmt":"2023-12-15T12:03:44","slug":"terminator","status":"publish","type":"product","link":"https:\/\/arcora.de\/de\/produkt\/terminator\/","title":{"rendered":"TERMINATOR"},"content":{"rendered":"<p><strong>Eigenschaften:<br \/>\n<\/strong>Ein leistungsstarker Kraft-Spr\u00fchreiniger, der hartn\u00e4ckigen Schmutz auf abwaschbaren Oberfl\u00e4chen beseitigt. F\u00fcr s\u00e4mtliche durch Aufspr\u00fchen und Abwischen durchzuf\u00fchrende Reinigungsarbeiten. Entfernt Fett-, \u00d6l-, Tinten-, Farbstift- und Bleistiftr\u00fcckst\u00e4nde, Lippenstift, Absatzstriche, Reifenspuren, Rauchbelag, sowie Speiser\u00fcckst\u00e4nde. Ideal zur Verwendung von Glasrahmenreinigung f\u00fcr den professionellen Glasreiniger.<\/p>\n<p><strong>Anwendungsbereiche:<\/strong><br \/>\nF\u00fcr die meisten abwaschbaren Oberfl\u00e4chen geeignet. Nicht auf Glas oder Aluminium anwenden. Materialvertr\u00e4glichkeit vorab pr\u00fcfen.<\/p>\n","protected":false},"excerpt":{"rendered":"<p><strong>GEBRAUCHSFERTIGER KRAFT-SPR\u00dcHREINIGER<\/strong><\/p>\n<p>Ein leistungsstarker Kraft-Spr\u00fchreiniger, der hartn\u00e4ckigen Schmutz auf abwaschbaren Oberfl\u00e4chen beseitigt. F\u00fcr s\u00e4mtliche durch Aufspr\u00fchen und Abwischen durchzuf\u00fchrende Reinigungsarbeiten.<\/p>\n<p>&nbsp;<\/p>\n<p><a href=\"https:\/\/arcora.de\/de\/wp-content\/uploads\/2023\/12\/TERMINATOR.pdf\" target=\"_blank\" rel=\"noopener noreferrer\"><img loading=\"lazy\" decoding=\"async\" class=\"alignnone wp-image-6442\" src=\"https:\/\/arcora.de\/de\/wp-content\/uploads\/2019\/03\/Produkt.png\" alt=\"\" width=\"223\" height=\"38\" \/><\/a><br \/>\n<a href=\"https:\/\/arcora.de\/de\/wp-content\/uploads\/2022\/03\/SDB_TERMINATOR.pdf\" target=\"_blank\" rel=\"noopener noreferrer\"><img loading=\"lazy\" decoding=\"async\" class=\"alignnone wp-image-6442\" src=\"https:\/\/arcora.de\/de\/wp-content\/uploads\/2019\/03\/Sicherheit.png\" alt=\"\" width=\"223\" height=\"38\" \/><\/a><br \/>\n<a href=\"https:\/\/arcora.de\/de\/wp-content\/uploads\/2021\/09\/BA_TERMINATOR.pdf\" target=\"_blank\" rel=\"noopener noreferrer\"><img loading=\"lazy\" decoding=\"async\" class=\"alignnone wp-image-6442\" src=\"https:\/\/arcora.de\/de\/wp-content\/uploads\/2019\/03\/Betrieb.png\" alt=\"\" width=\"223\" height=\"38\" \/><\/a><\/p>\n","protected":false},"featured_media":11413,"template":"","meta":[],"product_brand":[],"product_cat":[18,50],"product_tag":[],"class_list":{"0":"post-11411","1":"product","2":"type-product","3":"status-publish","4":"has-post-thumbnail","6":"product_cat-grundreiniger","7":"product_cat-reinigungsundpflegemittel","9":"first","10":"instock","11":"shipping-taxable","12":"product-type-simple","13":"prodpage-classic"},"_links":{"self":[{"href":"https:\/\/arcora.de\/de\/wp-json\/wp\/v2\/product\/11411","targetHints":{"allow":["GET"]}}],"collection":[{"href":"https:\/\/arcora.de\/de\/wp-json\/wp\/v2\/product"}],"about":[{"href":"https:\/\/arcora.de\/de\/wp-json\/wp\/v2\/types\/product"}],"wp:featuredmedia":[{"embeddable":true,"href":"https:\/\/arcora.de\/de\/wp-json\/wp\/v2\/media\/11413"}],"wp:attachment":[{"href":"https:\/\/arcora.de\/de\/wp-json\/wp\/v2\/media?parent=11411"}],"wp:term":[{"taxonomy":"product_brand","embeddable":true,"href":"https:\/\/arcora.de\/de\/wp-json\/wp\/v2\/product_brand?post=11411"},{"taxonomy":"product_cat","embeddable":true,"href":"https:\/\/arcora.de\/de\/wp-json\/wp\/v2\/product_cat?post=11411"},{"taxonomy":"product_tag","embeddable":true,"href":"https:\/\/arcora.de\/de\/wp-json\/wp\/v2\/product_tag?post=11411"}],"curies":[{"name":"wp","href":"https:\/\/api.w.org\/{rel}","templated":true}]}}