{"id":11498,"date":"2021-10-08T11:15:13","date_gmt":"2021-10-08T09:15:13","guid":{"rendered":"https:\/\/arcora.de\/de\/?post_type=product&#038;p=11498"},"modified":"2022-03-14T11:47:53","modified_gmt":"2022-03-14T10:47:53","slug":"orange-fresh","status":"publish","type":"product","link":"https:\/\/arcora.de\/de\/produkt\/orange-fresh\/","title":{"rendered":"ORANGE FRESH"},"content":{"rendered":"<p><strong>Eigenschaften:<br \/>\n<\/strong>Hochkonzentrierter, universell einsetzbarer Unterhaltsreiniger f\u00fcr die streifenfreie Reinigung von harten und wasserfesten Oberfl\u00e4chen und B\u00f6den.<\/p>\n<ul>\n<li>Hochkonzentriert, daher sehr sparsam<\/li>\n<li>Sehr gute Hautvertr\u00e4glichkeit<\/li>\n<li>Trocknet schnell und streifenfrei<\/li>\n<li>Sehr gute Materialvertr\u00e4glichkeit<\/li>\n<li>Wirkt deodorierend<\/li>\n<li>Hinterl\u00e4sst strahlenden Glanz und angenehmen Orangen-Duft<\/li>\n<\/ul>\n<p><strong>Anwendungsbereiche:<\/strong><br \/>\nF\u00fcr die t\u00e4gliche Unterhaltsreinigung von wasserfesten Oberfl\u00e4chen wie Kunststoffe, lackierte Fl\u00e4chen, Glas, Spiegel, Keramik und Edelstahl. F\u00fcr alle wasserfesten B\u00f6den wie Natur- und Kunststein, glasierte Fliesen, versiegeltes Parkett, beschichtete und unbeschichtete Bodenbel\u00e4ge.<\/p>\n","protected":false},"excerpt":{"rendered":"<p><strong>DUFT-NEUTRALREINIGER<\/strong><br \/>\nHochkonzentrierter, universell einsetzbarer Unterhaltsreiniger f\u00fcr die streifenfreie Reinigung von harten und wasserfesten Oberfl\u00e4chen und B\u00f6den.<\/p>\n<ul>\n<li>Universell einsetzbar<\/li>\n<li>Angenehmer langanhaltender Orangen-Duft<\/li>\n<\/ul>\n<p>&nbsp;<\/p>\n<p><a href=\"https:\/\/arcora.de\/de\/wp-content\/uploads\/2021\/10\/ORANGE-FRESH.pdf\" target=\"_blank\" rel=\"noopener noreferrer\"><img loading=\"lazy\" decoding=\"async\" class=\"alignnone wp-image-6442\" src=\"https:\/\/arcora.de\/de\/wp-content\/uploads\/2019\/03\/Produkt.png\" alt=\"\" width=\"223\" height=\"38\" \/><\/a><br \/>\n<a href=\"https:\/\/arcora.de\/de\/wp-content\/uploads\/2022\/03\/SDB_ORANGE-FRESH.pdf\" target=\"_blank\" rel=\"noopener noreferrer\"><img loading=\"lazy\" decoding=\"async\" class=\"alignnone wp-image-6442\" src=\"https:\/\/arcora.de\/de\/wp-content\/uploads\/2019\/03\/Sicherheit.png\" alt=\"\" width=\"223\" height=\"38\" \/><\/a><br \/>\n<img loading=\"lazy\" decoding=\"async\" class=\"alignnone wp-image-6442\" src=\"https:\/\/arcora.de\/de\/wp-content\/uploads\/2019\/03\/Betrieb.png\" alt=\"\" width=\"223\" height=\"38\" \/><\/p>\n","protected":false},"featured_media":11499,"template":"","meta":[],"product_brand":[],"product_cat":[50,53],"product_tag":[],"class_list":{"0":"post-11498","1":"product","2":"type-product","3":"status-publish","4":"has-post-thumbnail","6":"product_cat-reinigungsundpflegemittel","7":"product_cat-unterhaltsreiniger","9":"first","10":"instock","11":"shipping-taxable","12":"product-type-simple","13":"prodpage-classic"},"_links":{"self":[{"href":"https:\/\/arcora.de\/de\/wp-json\/wp\/v2\/product\/11498","targetHints":{"allow":["GET"]}}],"collection":[{"href":"https:\/\/arcora.de\/de\/wp-json\/wp\/v2\/product"}],"about":[{"href":"https:\/\/arcora.de\/de\/wp-json\/wp\/v2\/types\/product"}],"wp:featuredmedia":[{"embeddable":true,"href":"https:\/\/arcora.de\/de\/wp-json\/wp\/v2\/media\/11499"}],"wp:attachment":[{"href":"https:\/\/arcora.de\/de\/wp-json\/wp\/v2\/media?parent=11498"}],"wp:term":[{"taxonomy":"product_brand","embeddable":true,"href":"https:\/\/arcora.de\/de\/wp-json\/wp\/v2\/product_brand?post=11498"},{"taxonomy":"product_cat","embeddable":true,"href":"https:\/\/arcora.de\/de\/wp-json\/wp\/v2\/product_cat?post=11498"},{"taxonomy":"product_tag","embeddable":true,"href":"https:\/\/arcora.de\/de\/wp-json\/wp\/v2\/product_tag?post=11498"}],"curies":[{"name":"wp","href":"https:\/\/api.w.org\/{rel}","templated":true}]}}