{"id":12182,"date":"2022-02-25T11:23:39","date_gmt":"2022-02-25T10:23:39","guid":{"rendered":"https:\/\/arcora.de\/de\/?post_type=product&#038;p=12182"},"modified":"2025-07-04T08:42:27","modified_gmt":"2025-07-04T06:42:27","slug":"medical-750-x-line","status":"publish","type":"product","link":"https:\/\/arcora.de\/de\/produkt\/medical-750-x-line\/","title":{"rendered":"MEDICAL 750 X-LINE"},"content":{"rendered":"<ul>\n<li>3 x Mopp-Boxen, Farbe nach Wunsch ROT oder BLAU<\/li>\n<li>4 x 6 Liter Eimer mit Sieb zur Pr\u00e4paration der T\u00fccher mit Henkel in<\/li>\n<li>BLAU, ROT, GR\u00dcN, GELB, im Schrank verstaut<\/li>\n<li>Abschlie\u00dfbarer Schrank (Schl\u00fcssel) mit Kunststoffwanne in GRAU und<\/li>\n<li>Kunststoffbox in GRAU-T\u00dcRKIS<\/li>\n<li>Verschlie\u00dfbarer Deckel (Schl\u00fcssel) mit Ablage (Schl\u00fcssel)<\/li>\n<li>Bruchsichere, sehr stabile verschlie\u00dfbare T\u00fcren<\/li>\n<li>Abfallsack aus Polyester in T\u00dcRKIS mit beidseitigem<\/li>\n<li>Rei\u00dfverschluss zum leichten Entleeren von Entsorgungsmaterialien<\/li>\n<li>Seitliche Ablage f\u00fcr Mopphalter oder Besen<\/li>\n<\/ul>\n<p>Abmessungen: 141,5 x 60 x 111,5 cm<\/p>\n","protected":false},"excerpt":{"rendered":"<p><strong>SERVICEWAGEN<\/strong><\/p>\n<ul>\n<li>Gestell aus umweltfreundlichen Recyclingprodukten<\/li>\n<li>Speziell f\u00fcr die Reinigung im Gesundheitswesen entwickelt<\/li>\n<li>Mit Boxen-System<\/li>\n<\/ul>\n<p>&nbsp;<\/p>\n<p><a href=\"https:\/\/arcora.de\/de\/wp-content\/uploads\/2025\/07\/ECOBLACK_DE.pdf\" target=\"_blank\" rel=\"noopener noreferrer\"><img loading=\"lazy\" decoding=\"async\" class=\"alignnone wp-image-6442\" src=\"https:\/\/arcora.de\/de\/wp-content\/uploads\/2019\/03\/Produkt.png\" alt=\"\" width=\"223\" height=\"38\" \/><\/a><\/p>\n","protected":false},"featured_media":12971,"template":"","meta":[],"product_brand":[],"product_cat":[169,175],"product_tag":[],"class_list":{"0":"post-12182","1":"product","2":"type-product","3":"status-publish","4":"has-post-thumbnail","6":"product_cat-reinigungswaegen-und-zubehoer","7":"product_cat-servicewagen","9":"first","10":"instock","11":"shipping-taxable","12":"product-type-simple","13":"prodpage-classic"},"_links":{"self":[{"href":"https:\/\/arcora.de\/de\/wp-json\/wp\/v2\/product\/12182","targetHints":{"allow":["GET"]}}],"collection":[{"href":"https:\/\/arcora.de\/de\/wp-json\/wp\/v2\/product"}],"about":[{"href":"https:\/\/arcora.de\/de\/wp-json\/wp\/v2\/types\/product"}],"wp:featuredmedia":[{"embeddable":true,"href":"https:\/\/arcora.de\/de\/wp-json\/wp\/v2\/media\/12971"}],"wp:attachment":[{"href":"https:\/\/arcora.de\/de\/wp-json\/wp\/v2\/media?parent=12182"}],"wp:term":[{"taxonomy":"product_brand","embeddable":true,"href":"https:\/\/arcora.de\/de\/wp-json\/wp\/v2\/product_brand?post=12182"},{"taxonomy":"product_cat","embeddable":true,"href":"https:\/\/arcora.de\/de\/wp-json\/wp\/v2\/product_cat?post=12182"},{"taxonomy":"product_tag","embeddable":true,"href":"https:\/\/arcora.de\/de\/wp-json\/wp\/v2\/product_tag?post=12182"}],"curies":[{"name":"wp","href":"https:\/\/api.w.org\/{rel}","templated":true}]}}