{"id":12410,"date":"2022-03-28T10:31:10","date_gmt":"2022-03-28T08:31:10","guid":{"rendered":"https:\/\/arcora.de\/de\/?post_type=product&#038;p=12410"},"modified":"2025-07-08T10:52:38","modified_gmt":"2025-07-08T08:52:38","slug":"pu-pad-light","status":"publish","type":"product","link":"https:\/\/arcora.de\/de\/produkt\/pu-pad-light\/","title":{"rendered":"PU-PAD LIGHT"},"content":{"rendered":"<p><strong>EIGENSCHAFTEN<\/strong><br \/>\nDas 100 % umweltfreundliche Pad mit Waterdrop System (Wassertropfen Stanzung) ist das ideale Pad f\u00fcr die Unterhaltsreinigung, besonders mit kleineren Scheuersaugmaschinen. Die Zusammensetzung des Materials aus Polyether und Polyester macht dieses Pad so besonders robust und bruchsicher. Mit dem ARCORA PU-Pad Light k\u00f6nnen sehr hohe Fl\u00e4chenleistungen von bis zu <strong>100.000 m<\/strong>\u00b2 erreicht werden. Der Einsatzbereich ist sehr vielf\u00e4ltig, da es auf allen Hartb\u00f6den verwendet werden kann.<\/p>\n<p><strong>Weitere Eigenschaften:<\/strong><\/p>\n<ul>\n<li>Deutlich h\u00f6here Wasseraufnahme<\/li>\n<li>Universell einsetzbar auf allen wasserbest\u00e4ndigen Hartbodenbel\u00e4gen sowie auf Sicherheitsb\u00f6den bis zu R13.<\/li>\n<li>Eignet sich vor allem f\u00fcr kleinere Scheuersaugmaschinen.<\/li>\n<li>Beidseitige Anwendung m\u00f6glich (Padseite und Padr\u00fccken (gr\u00fcn))<\/li>\n<li>In allen Formen und Gr\u00f6\u00dfen lieferbar<\/li>\n<li>Sondergr\u00f6\u00dfen auf Anfrage erh\u00e4ltlich<\/li>\n<li>100% umweltfreundlich durch die ausschlie\u00dfliche Verwendung von Recyclingprodukten<\/li>\n<li>Ausgezeichnetes Preis-Leistungsverh\u00e4ltnis<\/li>\n<li>Weist dank der Zusammensetzung aus Polyester, Polyether und einer Fixierung aus Polyurethan eine besondere Robustheit und Langlebigkeit auf.<\/li>\n<li style=\"list-style-type: none;\"><\/li>\n<\/ul>\n<p><strong>ANWENDUNGSBEREICH<\/strong><br \/>\nZur Unterhaltsreinigung von jeglichen Bodenbel\u00e4gen wie z.B. Fliesen, Steinb\u00f6den, Feinsteinzeug, Betonb\u00f6den bis hin zu Vinylb\u00f6den, PVC, Linoleum. Besonders geeignet f\u00fcr den Einsatz in \u00f6ffentlichen Einrichtungen, Flugh\u00e4fen, Einkaufszentren, Hotels, Restaurants, Gastst\u00e4tten, B\u00fcrogeb\u00e4uden. Die Padseite wird f\u00fcr die Reinigung aller elastischen Bel\u00e4gen und Hartbodenoberfl\u00e4chen verwendet. Bei hartn\u00e4ckigeren Verschmutzungen kann das Pad gewendet und der Padr\u00fccken (Gr\u00fcn) wie ein normales Reinigungspad eingesetzt werden.<\/p>\n","protected":false},"excerpt":{"rendered":"<p><strong>ARCORA PU-PAD LIGHT &#8211; WATERDROP SYSTEM<\/strong><\/p>\n<p>Das 100 % umweltfreundliche Pad mit Waterdrop System (Wassertropfen Stanzung) ist das ideale Pad f\u00fcr die Unterhaltsreinigung, besonders mit kleineren Scheuersaugmaschinen.<\/p>\n<p><a href=\"https:\/\/arcora.de\/de\/wp-content\/uploads\/2025\/07\/PU-PAD-LIGHT_DE.pdf\" target=\"_blank\" rel=\"noopener noreferrer\"><img loading=\"lazy\" decoding=\"async\" class=\"alignnone wp-image-6442\" src=\"https:\/\/arcora.de\/de\/wp-content\/uploads\/2019\/03\/Produkt.png\" alt=\"\" width=\"223\" height=\"38\" \/><\/a><\/p>\n","protected":false},"featured_media":12412,"template":"","meta":[],"product_brand":[],"product_cat":[136,72],"product_tag":[],"class_list":{"0":"post-12410","1":"product","2":"type-product","3":"status-publish","4":"has-post-thumbnail","6":"product_cat-pu-pad-systeme","7":"product_cat-reinigungsundpolierpads","9":"first","10":"instock","11":"shipping-taxable","12":"product-type-simple","13":"prodpage-classic"},"_links":{"self":[{"href":"https:\/\/arcora.de\/de\/wp-json\/wp\/v2\/product\/12410","targetHints":{"allow":["GET"]}}],"collection":[{"href":"https:\/\/arcora.de\/de\/wp-json\/wp\/v2\/product"}],"about":[{"href":"https:\/\/arcora.de\/de\/wp-json\/wp\/v2\/types\/product"}],"wp:featuredmedia":[{"embeddable":true,"href":"https:\/\/arcora.de\/de\/wp-json\/wp\/v2\/media\/12412"}],"wp:attachment":[{"href":"https:\/\/arcora.de\/de\/wp-json\/wp\/v2\/media?parent=12410"}],"wp:term":[{"taxonomy":"product_brand","embeddable":true,"href":"https:\/\/arcora.de\/de\/wp-json\/wp\/v2\/product_brand?post=12410"},{"taxonomy":"product_cat","embeddable":true,"href":"https:\/\/arcora.de\/de\/wp-json\/wp\/v2\/product_cat?post=12410"},{"taxonomy":"product_tag","embeddable":true,"href":"https:\/\/arcora.de\/de\/wp-json\/wp\/v2\/product_tag?post=12410"}],"curies":[{"name":"wp","href":"https:\/\/api.w.org\/{rel}","templated":true}]}}