{"id":12569,"date":"2022-05-20T10:44:59","date_gmt":"2022-05-20T08:44:59","guid":{"rendered":"https:\/\/arcora.de\/de\/?post_type=product&#038;p=12569"},"modified":"2023-01-25T14:46:53","modified_gmt":"2023-01-25T13:46:53","slug":"kehrset-deluxe-langarm","status":"publish","type":"product","link":"https:\/\/arcora.de\/de\/produkt\/kehrset-deluxe-langarm\/","title":{"rendered":"KEHRSET DELUXE LANGARM"},"content":{"rendered":"","protected":false},"excerpt":{"rendered":"<p>Robustes Kehrset in T\u00fcrkis-Grau mit klappbarer Kehrschaufel und Kehrbesen LANGARM inkl. Clip. Die Kehrschaufel \u00f6ffnet sich bei Bodenkontakt und schlie\u00dft beim Anheben.<\/p>\n<p><a href=\"https:\/\/arcora.de\/de\/wp-content\/uploads\/2022\/05\/KEHRSETS.pdf\" target=\"_blank\" rel=\"noopener noreferrer\"><img loading=\"lazy\" decoding=\"async\" class=\"alignnone wp-image-6442\" src=\"https:\/\/arcora.de\/de\/wp-content\/uploads\/2019\/03\/Produkt.png\" alt=\"\" width=\"223\" height=\"38\" \/><\/a><\/p>\n","protected":false},"featured_media":12570,"template":"","meta":[],"product_brand":[],"product_cat":[165,158],"product_tag":[],"class_list":{"0":"post-12569","1":"product","2":"type-product","3":"status-publish","4":"has-post-thumbnail","6":"product_cat-kehrsets","7":"product_cat-reinigungssysteme-und-zubehoer","9":"first","10":"instock","11":"shipping-taxable","12":"product-type-simple","13":"prodpage-classic"},"_links":{"self":[{"href":"https:\/\/arcora.de\/de\/wp-json\/wp\/v2\/product\/12569","targetHints":{"allow":["GET"]}}],"collection":[{"href":"https:\/\/arcora.de\/de\/wp-json\/wp\/v2\/product"}],"about":[{"href":"https:\/\/arcora.de\/de\/wp-json\/wp\/v2\/types\/product"}],"wp:featuredmedia":[{"embeddable":true,"href":"https:\/\/arcora.de\/de\/wp-json\/wp\/v2\/media\/12570"}],"wp:attachment":[{"href":"https:\/\/arcora.de\/de\/wp-json\/wp\/v2\/media?parent=12569"}],"wp:term":[{"taxonomy":"product_brand","embeddable":true,"href":"https:\/\/arcora.de\/de\/wp-json\/wp\/v2\/product_brand?post=12569"},{"taxonomy":"product_cat","embeddable":true,"href":"https:\/\/arcora.de\/de\/wp-json\/wp\/v2\/product_cat?post=12569"},{"taxonomy":"product_tag","embeddable":true,"href":"https:\/\/arcora.de\/de\/wp-json\/wp\/v2\/product_tag?post=12569"}],"curies":[{"name":"wp","href":"https:\/\/api.w.org\/{rel}","templated":true}]}}