{"id":12720,"date":"2022-07-22T14:15:42","date_gmt":"2022-07-22T12:15:42","guid":{"rendered":"https:\/\/arcora.de\/de\/?post_type=product&#038;p=12720"},"modified":"2023-12-04T10:22:32","modified_gmt":"2023-12-04T09:22:32","slug":"510bm","status":"publish","type":"product","link":"https:\/\/arcora.de\/de\/produkt\/510bm\/","title":{"rendered":"510BM\/50L"},"content":{"rendered":"<p><strong>Eigenschaften<\/strong><\/p>\n<p>Die handgef\u00fchrte Scheuersaugmaschine 510BM\/50L ist ideal f\u00fcr die Grund- und Unterhaltsreinigung, besonders von stark frequentierten Bereichen wie z.B. Einkaufszentren, Superm\u00e4rkte, B\u00fcros und \u00f6ffentliche Einrichtungen. Die 510BM\/50L zeichnet sich durch Flexibilit\u00e4t, Bedienerfreundlichkeit und einer hervorragenden Reinigungsleistung aus. Dank des gro\u00dfen B\u00fcrstendurchmessers werden gro\u00dfe Fl\u00e4chen zuverl\u00e4ssig schnell und r\u00fcckstandslos gereinigt.<\/p>\n<p>&nbsp;<\/p>\n","protected":false},"excerpt":{"rendered":"<p><strong>SCHEUERSAUGMASCHINE<\/strong><\/p>\n<p>\u2022 Leichte Handhabung<br \/>\n\u2022 Optimale Reinigungsleistung<br \/>\n\u2022 Ergonomisches Design<br \/>\n\u2022 Robuste Bauweise<br \/>\n\u2022 Einfacher B\u00fcrsten- und Treibtellerwechsel<br \/>\n\u2022 Hohe Wendigkeit<br \/>\n\u2022 Sehr gute Absaugung<\/p>\n<p>&nbsp;<\/p>\n<p><a href=\"https:\/\/arcora.de\/de\/wp-content\/uploads\/2023\/12\/510BM_50L-SCHEUERSAUGMASCHINE.pdf\" target=\"_blank\" rel=\"noopener noreferrer\"><img loading=\"lazy\" decoding=\"async\" class=\"alignnone wp-image-6442\" src=\"https:\/\/arcora.de\/de\/wp-content\/uploads\/2019\/03\/Produkt.png\" alt=\"\" width=\"223\" height=\"38\" \/><\/a><\/p>\n<p><a href=\"https:\/\/arcora.de\/de\/wp-content\/uploads\/2022\/07\/510BM-USER-MANUAL.pdf\" target=\"_blank\" rel=\"noopener noreferrer\"><img loading=\"lazy\" decoding=\"async\" class=\"alignnone wp-image-6442\" src=\"https:\/\/arcora.de\/de\/wp-content\/uploads\/2019\/03\/Bedienung.png\" alt=\"\" width=\"223\" height=\"38\" \/><\/a><\/p>\n","protected":false},"featured_media":12725,"template":"","meta":[],"product_brand":[],"product_cat":[69,197],"product_tag":[],"class_list":{"0":"post-12720","1":"product","2":"type-product","3":"status-publish","4":"has-post-thumbnail","6":"product_cat-reinigungsmaschinen-und-zubehuer","7":"product_cat-scheuersaugmaschinen","9":"first","10":"instock","11":"shipping-taxable","12":"product-type-simple","13":"prodpage-classic"},"_links":{"self":[{"href":"https:\/\/arcora.de\/de\/wp-json\/wp\/v2\/product\/12720","targetHints":{"allow":["GET"]}}],"collection":[{"href":"https:\/\/arcora.de\/de\/wp-json\/wp\/v2\/product"}],"about":[{"href":"https:\/\/arcora.de\/de\/wp-json\/wp\/v2\/types\/product"}],"wp:featuredmedia":[{"embeddable":true,"href":"https:\/\/arcora.de\/de\/wp-json\/wp\/v2\/media\/12725"}],"wp:attachment":[{"href":"https:\/\/arcora.de\/de\/wp-json\/wp\/v2\/media?parent=12720"}],"wp:term":[{"taxonomy":"product_brand","embeddable":true,"href":"https:\/\/arcora.de\/de\/wp-json\/wp\/v2\/product_brand?post=12720"},{"taxonomy":"product_cat","embeddable":true,"href":"https:\/\/arcora.de\/de\/wp-json\/wp\/v2\/product_cat?post=12720"},{"taxonomy":"product_tag","embeddable":true,"href":"https:\/\/arcora.de\/de\/wp-json\/wp\/v2\/product_tag?post=12720"}],"curies":[{"name":"wp","href":"https:\/\/api.w.org\/{rel}","templated":true}]}}