{"id":12867,"date":"2022-09-07T11:49:32","date_gmt":"2022-09-07T09:49:32","guid":{"rendered":"https:\/\/arcora.de\/de\/?post_type=product&#038;p=12867"},"modified":"2025-12-03T16:33:08","modified_gmt":"2025-12-03T15:33:08","slug":"ecoblack-45-2","status":"publish","type":"product","link":"https:\/\/arcora.de\/de\/produkt\/ecoblack-45-2\/","title":{"rendered":"ECOBLACK 45"},"content":{"rendered":"<ul>\n<li>Schwarzer, stabiler Recycling Kunststoffrahmen<\/li>\n<li>360 \u00b0 drehbare, 4 leichtl\u00e4ufige R\u00e4der<\/li>\n<li>2 farblich getrennte 20 Liter Eimer in Schwarz mit Henkel in Blau und Rot<\/li>\n<li>Recycling Kunststoff Presse in Schwarz<\/li>\n<li>Seitliche Ablage f\u00fcr Mopphalter<\/li>\n<li>Griff zum F\u00fchren des Reinigungswagens mit Halterung f\u00fcr Aluminiumstiel<\/li>\n<li>Mit Ablagewanne<\/li>\n<\/ul>\n<p>Abmessungen: 210 x 510 x 950 mm<br \/>\nBrutto Gewicht: 10,00kg<br \/>\nNetto Gewicht:\u00a0 \u00a0 8,30kg<\/p>\n","protected":false},"excerpt":{"rendered":"<p><strong>DOPPELFAHREIMER<\/strong><\/p>\n<ul>\n<li>Aus umweltfreundlichen Recyclingprodukten<\/li>\n<li>Die Reinigungsw\u00e4gen \u00fcberzeugen mit robuster und anwenderfreundlicher Ausf\u00fchrung.<\/li>\n<\/ul>\n<p>&nbsp;<\/p>\n<p><a href=\"https:\/\/arcora.de\/de\/wp-content\/uploads\/2025\/12\/ARCORA_ECOBLACK-45.pdf\" target=\"_blank\" rel=\"noopener noreferrer\"><img loading=\"lazy\" decoding=\"async\" class=\"alignnone wp-image-6442\" src=\"https:\/\/arcora.de\/de\/wp-content\/uploads\/2019\/03\/Produkt.png\" alt=\"\" width=\"223\" height=\"38\" \/><\/a><\/p>\n","protected":false},"featured_media":13367,"template":"","meta":[],"product_brand":[],"product_cat":[173,169],"product_tag":[],"class_list":{"0":"post-12867","1":"product","2":"type-product","3":"status-publish","4":"has-post-thumbnail","6":"product_cat-doppelfahreimer","7":"product_cat-reinigungswaegen-und-zubehoer","9":"first","10":"instock","11":"shipping-taxable","12":"product-type-simple","13":"prodpage-classic"},"_links":{"self":[{"href":"https:\/\/arcora.de\/de\/wp-json\/wp\/v2\/product\/12867","targetHints":{"allow":["GET"]}}],"collection":[{"href":"https:\/\/arcora.de\/de\/wp-json\/wp\/v2\/product"}],"about":[{"href":"https:\/\/arcora.de\/de\/wp-json\/wp\/v2\/types\/product"}],"wp:featuredmedia":[{"embeddable":true,"href":"https:\/\/arcora.de\/de\/wp-json\/wp\/v2\/media\/13367"}],"wp:attachment":[{"href":"https:\/\/arcora.de\/de\/wp-json\/wp\/v2\/media?parent=12867"}],"wp:term":[{"taxonomy":"product_brand","embeddable":true,"href":"https:\/\/arcora.de\/de\/wp-json\/wp\/v2\/product_brand?post=12867"},{"taxonomy":"product_cat","embeddable":true,"href":"https:\/\/arcora.de\/de\/wp-json\/wp\/v2\/product_cat?post=12867"},{"taxonomy":"product_tag","embeddable":true,"href":"https:\/\/arcora.de\/de\/wp-json\/wp\/v2\/product_tag?post=12867"}],"curies":[{"name":"wp","href":"https:\/\/api.w.org\/{rel}","templated":true}]}}