{"id":13126,"date":"2022-10-24T13:22:32","date_gmt":"2022-10-24T11:22:32","guid":{"rendered":"https:\/\/arcora.de\/de\/?post_type=product&#038;p=13126"},"modified":"2023-06-22T09:01:08","modified_gmt":"2023-06-22T07:01:08","slug":"eco-black-s9q","status":"publish","type":"product","link":"https:\/\/arcora.de\/de\/produkt\/eco-black-s9q\/","title":{"rendered":"ECO BLACK S9Q"},"content":{"rendered":"<p><strong>Eigenschaften:<br \/>\n<\/strong><\/p>\n<p>\u2022 Stabile Bauweise, kippsicher<br \/>\n\u2022 Hergestellt aus recycelten Materialien von<br \/>\nBatteriegeh\u00e4usen<br \/>\n\u2022 Leichte Handhabung<br \/>\n\u2022 Zubeh\u00f6raufbewahrung am Ger\u00e4t<br \/>\n\u2022 Parkposition f\u00fcr Bodend\u00fcse<br \/>\n\u2022 5-fach gefiltert \u2192 Langlebigkeit des Motors<br \/>\n\u2022 Inkl. Bodend\u00fcse, Fugend\u00fcse kurz &amp; lang, Polsterd\u00fcse,<br \/>\nKartuschenfilter, Saugrohr, Saugschlauch und Vliesfilterbeutel<\/p>\n<p><strong>Technische Daten:<\/strong><br \/>\nNetzspannung: 230 V \/ 50 Hz<br \/>\nMax. Leistungsaufnahme: 900 W<br \/>\nWassers\u00e4ule: 2500 mm H2O<br \/>\nLuftf\u00f6rderung: 53 l\/s<br \/>\nArbeitsbreite 275 mm<br \/>\nGer\u00e4uschpegel: 68 dB<br \/>\nVolumen: 7 Liter<br \/>\nKabell\u00e4nge: 10 m<br \/>\nGewicht: 7 kg<br \/>\nAbmessungen: 33 x 40 x 40 cm<\/p>\n","protected":false},"excerpt":{"rendered":"<p><strong>DER SAUGER F\u00dcR DIE GEB\u00c4UDEREINIGUNG<\/strong><\/p>\n<p>Dieser Trockensauger, hergestellt aus recycelten Materialien, wurde speziell f\u00fcr den professionellen Einsatz und die Anwendung in der Geb\u00e4udereinigung entwickelt.<\/p>\n<p><a href=\"https:\/\/arcora.de\/de\/wp-content\/uploads\/2022\/10\/ECOBLACK-S9Q.pdf\" target=\"_blank\" rel=\"noopener noreferrer\"><img loading=\"lazy\" decoding=\"async\" class=\"alignnone wp-image-6442\" src=\"https:\/\/arcora.de\/de\/wp-content\/uploads\/2019\/03\/Produkt.png\" alt=\"\" width=\"223\" height=\"38\" \/><\/a><br \/>\n<a href=\"https:\/\/arcora.de\/de\/wp-content\/uploads\/2022\/10\/ECOBLACK-S9Q-MANUAL-USE.pdf\" target=\"_blank\" rel=\"noopener noreferrer\"><img loading=\"lazy\" decoding=\"async\" class=\"alignnone wp-image-6442\" src=\"https:\/\/arcora.de\/de\/wp-content\/uploads\/2019\/03\/Bedienung.png\" alt=\"\" width=\"223\" height=\"38\" \/><\/a><\/p>\n","protected":false},"featured_media":13128,"template":"","meta":[],"product_brand":[],"product_cat":[69,182],"product_tag":[],"class_list":{"0":"post-13126","1":"product","2":"type-product","3":"status-publish","4":"has-post-thumbnail","6":"product_cat-reinigungsmaschinen-und-zubehuer","7":"product_cat-trockensauger","9":"first","10":"instock","11":"shipping-taxable","12":"product-type-simple","13":"prodpage-classic"},"_links":{"self":[{"href":"https:\/\/arcora.de\/de\/wp-json\/wp\/v2\/product\/13126","targetHints":{"allow":["GET"]}}],"collection":[{"href":"https:\/\/arcora.de\/de\/wp-json\/wp\/v2\/product"}],"about":[{"href":"https:\/\/arcora.de\/de\/wp-json\/wp\/v2\/types\/product"}],"wp:featuredmedia":[{"embeddable":true,"href":"https:\/\/arcora.de\/de\/wp-json\/wp\/v2\/media\/13128"}],"wp:attachment":[{"href":"https:\/\/arcora.de\/de\/wp-json\/wp\/v2\/media?parent=13126"}],"wp:term":[{"taxonomy":"product_brand","embeddable":true,"href":"https:\/\/arcora.de\/de\/wp-json\/wp\/v2\/product_brand?post=13126"},{"taxonomy":"product_cat","embeddable":true,"href":"https:\/\/arcora.de\/de\/wp-json\/wp\/v2\/product_cat?post=13126"},{"taxonomy":"product_tag","embeddable":true,"href":"https:\/\/arcora.de\/de\/wp-json\/wp\/v2\/product_tag?post=13126"}],"curies":[{"name":"wp","href":"https:\/\/api.w.org\/{rel}","templated":true}]}}