{"id":13150,"date":"2022-11-04T10:25:59","date_gmt":"2022-11-04T09:25:59","guid":{"rendered":"https:\/\/arcora.de\/de\/?post_type=product&#038;p=13150"},"modified":"2023-01-25T15:12:13","modified_gmt":"2023-01-25T14:12:13","slug":"multi-tool-belt","status":"publish","type":"product","link":"https:\/\/arcora.de\/de\/produkt\/multi-tool-belt\/","title":{"rendered":"MULTI TOOL BELT"},"content":{"rendered":"<p>Die vielseitige Multi-H\u00fcftarbeitstasche ist ideal f\u00fcr ein ergonomisches und flexibles Arbeiten in Hotels, in der Gastronomie, Geb\u00e4udereinigung, im Gesundheitswesen sowie in \u00f6ffentlichen Einrichtungen. Mit dem komfortablen, praktischen Helfer haben Sie Spr\u00fchflasche, Reinigungstextilien und Zubeh\u00f6r immer griffbereit und m\u00fcssen es nicht mehr mit den H\u00e4nden tragen.<\/p>\n<p>\u25cf 3 Aufbewahrungstaschen f\u00fcr Spr\u00fchflasche &amp; Reinigungstextilien<br \/>\n\u25cf 2 flexible Karabinerhaken f\u00fcr Werkzeug &amp; Zubeh\u00f6r<br \/>\n\u25cf Bequemer und verstellbarer H\u00fcftgurt, geeignet f\u00fcr M\u00e4nner und Frauen<br \/>\n\u25cf Wasserabweisende Polyestermaterialien verhindern das Durchdringen von Fl\u00fcssigkeiten<br \/>\n\u25cf Rei\u00dffeste Materialien in absoluter Hightech-Qualit\u00e4t<\/p>\n","protected":false},"excerpt":{"rendered":"<p><strong>MULTI TOOL BELT<\/strong><\/p>\n<p>SPR\u00dcHFLASCHE, REINIGUNGSTEXTILIEN &amp; ZUBEH\u00d6R IMMER GRIFFBEREIT!<\/p>\n<p>Farbe: Schwarz<\/p>\n<p><a href=\"https:\/\/arcora.de\/de\/wp-content\/uploads\/2022\/11\/PDB-MULTI-TOOL-BELT-1.pdf\" target=\"_blank\" rel=\"noopener noreferrer\"><img loading=\"lazy\" decoding=\"async\" class=\"alignnone wp-image-6442\" src=\"https:\/\/arcora.de\/de\/wp-content\/uploads\/2019\/03\/Produkt.png\" alt=\"\" width=\"223\" height=\"38\" \/><\/a><\/p>\n","protected":false},"featured_media":13154,"template":"","meta":[],"product_brand":[],"product_cat":[206,104],"product_tag":[],"class_list":{"0":"post-13150","1":"product","2":"type-product","3":"status-publish","4":"has-post-thumbnail","6":"product_cat-hueftguertel-arbeitstaschen","7":"product_cat-zubehoer","9":"first","10":"instock","11":"shipping-taxable","12":"product-type-simple","13":"prodpage-classic"},"_links":{"self":[{"href":"https:\/\/arcora.de\/de\/wp-json\/wp\/v2\/product\/13150","targetHints":{"allow":["GET"]}}],"collection":[{"href":"https:\/\/arcora.de\/de\/wp-json\/wp\/v2\/product"}],"about":[{"href":"https:\/\/arcora.de\/de\/wp-json\/wp\/v2\/types\/product"}],"wp:featuredmedia":[{"embeddable":true,"href":"https:\/\/arcora.de\/de\/wp-json\/wp\/v2\/media\/13154"}],"wp:attachment":[{"href":"https:\/\/arcora.de\/de\/wp-json\/wp\/v2\/media?parent=13150"}],"wp:term":[{"taxonomy":"product_brand","embeddable":true,"href":"https:\/\/arcora.de\/de\/wp-json\/wp\/v2\/product_brand?post=13150"},{"taxonomy":"product_cat","embeddable":true,"href":"https:\/\/arcora.de\/de\/wp-json\/wp\/v2\/product_cat?post=13150"},{"taxonomy":"product_tag","embeddable":true,"href":"https:\/\/arcora.de\/de\/wp-json\/wp\/v2\/product_tag?post=13150"}],"curies":[{"name":"wp","href":"https:\/\/api.w.org\/{rel}","templated":true}]}}