{"id":13180,"date":"2022-11-14T13:29:48","date_gmt":"2022-11-14T12:29:48","guid":{"rendered":"https:\/\/arcora.de\/de\/?post_type=product&#038;p=13180"},"modified":"2025-07-04T08:43:31","modified_gmt":"2025-07-04T06:43:31","slug":"ecoblack-120","status":"publish","type":"product","link":"https:\/\/arcora.de\/de\/produkt\/ecoblack-120\/","title":{"rendered":"ECOBLACK 120"},"content":{"rendered":"<ul>\n<li>Schwarzer, stabiler Recycling Kunststoffrahmen<\/li>\n<li>360 \u00b0 drehbare, 4 leichtl\u00e4ufige R\u00e4der<\/li>\n<li>2 Kunststoffboxen in Schwarz mit Deckel in Blau und Rot<\/li>\n<li>2 x 8 Liter Eimer in Schwarz mit Henkel in Blau und Rot<\/li>\n<li>Abfall-\/W\u00e4schesack mit Deckel und Rei\u00dfverschluss, inkl. Seitentasche<\/li>\n<li>Seitliche Ablage f\u00fcr Mopphalter<\/li>\n<\/ul>\n<p>Abmessungen: 730 x 600 x 1140 mm<br \/>\nBrutto Gewicht: 17,00kg<br \/>\nNetto Gewicht:\u00a0 \u00a015,00kg<\/p>\n","protected":false},"excerpt":{"rendered":"<p><strong>SERVICEWAGEN<\/strong><\/p>\n<ul>\n<li>Aus umweltfreundlichen Recyclingprodukten<\/li>\n<li>Die Reinigungsw\u00e4gen \u00fcberzeugen mit robuster und anwenderfreundlicher Ausf\u00fchrung.<\/li>\n<\/ul>\n<p>&nbsp;<\/p>\n<p><a href=\"https:\/\/arcora.de\/de\/wp-content\/uploads\/2025\/07\/ECOBLACK_DE.pdf\" target=\"_blank\" rel=\"noopener noreferrer\"><img loading=\"lazy\" decoding=\"async\" class=\"alignnone wp-image-6442\" src=\"https:\/\/arcora.de\/de\/wp-content\/uploads\/2019\/03\/Produkt.png\" alt=\"\" width=\"223\" height=\"38\" \/><\/a><\/p>\n","protected":false},"featured_media":13184,"template":"","meta":[],"product_brand":[],"product_cat":[169,175],"product_tag":[],"class_list":{"0":"post-13180","1":"product","2":"type-product","3":"status-publish","4":"has-post-thumbnail","6":"product_cat-reinigungswaegen-und-zubehoer","7":"product_cat-servicewagen","9":"first","10":"instock","11":"shipping-taxable","12":"product-type-simple","13":"prodpage-classic"},"_links":{"self":[{"href":"https:\/\/arcora.de\/de\/wp-json\/wp\/v2\/product\/13180","targetHints":{"allow":["GET"]}}],"collection":[{"href":"https:\/\/arcora.de\/de\/wp-json\/wp\/v2\/product"}],"about":[{"href":"https:\/\/arcora.de\/de\/wp-json\/wp\/v2\/types\/product"}],"wp:featuredmedia":[{"embeddable":true,"href":"https:\/\/arcora.de\/de\/wp-json\/wp\/v2\/media\/13184"}],"wp:attachment":[{"href":"https:\/\/arcora.de\/de\/wp-json\/wp\/v2\/media?parent=13180"}],"wp:term":[{"taxonomy":"product_brand","embeddable":true,"href":"https:\/\/arcora.de\/de\/wp-json\/wp\/v2\/product_brand?post=13180"},{"taxonomy":"product_cat","embeddable":true,"href":"https:\/\/arcora.de\/de\/wp-json\/wp\/v2\/product_cat?post=13180"},{"taxonomy":"product_tag","embeddable":true,"href":"https:\/\/arcora.de\/de\/wp-json\/wp\/v2\/product_tag?post=13180"}],"curies":[{"name":"wp","href":"https:\/\/api.w.org\/{rel}","templated":true}]}}