{"id":13447,"date":"2023-01-24T13:12:27","date_gmt":"2023-01-24T12:12:27","guid":{"rendered":"https:\/\/arcora.de\/de\/?post_type=product&#038;p=13447"},"modified":"2023-01-25T14:48:20","modified_gmt":"2023-01-25T13:48:20","slug":"bora-single-tool-holder","status":"publish","type":"product","link":"https:\/\/arcora.de\/de\/produkt\/bora-single-tool-holder\/","title":{"rendered":"BORA SINGLE TOOL HOLDER"},"content":{"rendered":"","protected":false},"excerpt":{"rendered":"<p>PRAKTISCHE SELBSTKLEBENDE AUFBEWAHRUNG F\u00dcR REINIGUNGSZUBEH\u00d6R<\/p>\n<p>&nbsp;<\/p>\n<ul>\n<li>Selbstklebender Ger\u00e4tehalter f\u00fcr glatte und tragef\u00e4hige Oberfl\u00e4chen<\/li>\n<li>H\u00e4lt hoher Belastung stand: Bis zu einem Gewicht von 20-30 kg<\/li>\n<li>Sehr praktisch und leicht zu handhaben<\/li>\n<li>Einfacher und schneller Zugriff auf Ger\u00e4te<\/li>\n<li>Zum einfachen Festkleben an der Wand<\/li>\n<li>Halter mit Gummirolle und zwei Haken<\/li>\n<\/ul>\n<p><a href=\"https:\/\/arcora.de\/de\/wp-content\/uploads\/2023\/01\/BORA-SINGLE-TOOL-HOLDER.pdf\" target=\"_blank\" rel=\"noopener noreferrer\"><img loading=\"lazy\" decoding=\"async\" class=\"alignnone wp-image-6442\" src=\"https:\/\/arcora.de\/de\/wp-content\/uploads\/2019\/03\/Produkt.png\" alt=\"\" width=\"223\" height=\"38\" \/><\/a><\/p>\n","protected":false},"featured_media":13450,"template":"","meta":[],"product_brand":[],"product_cat":[169,178],"product_tag":[],"class_list":{"0":"post-13447","1":"product","2":"type-product","3":"status-publish","4":"has-post-thumbnail","6":"product_cat-reinigungswaegen-und-zubehoer","7":"product_cat-tools-holder","9":"first","10":"instock","11":"shipping-taxable","12":"product-type-simple","13":"prodpage-classic"},"_links":{"self":[{"href":"https:\/\/arcora.de\/de\/wp-json\/wp\/v2\/product\/13447","targetHints":{"allow":["GET"]}}],"collection":[{"href":"https:\/\/arcora.de\/de\/wp-json\/wp\/v2\/product"}],"about":[{"href":"https:\/\/arcora.de\/de\/wp-json\/wp\/v2\/types\/product"}],"wp:featuredmedia":[{"embeddable":true,"href":"https:\/\/arcora.de\/de\/wp-json\/wp\/v2\/media\/13450"}],"wp:attachment":[{"href":"https:\/\/arcora.de\/de\/wp-json\/wp\/v2\/media?parent=13447"}],"wp:term":[{"taxonomy":"product_brand","embeddable":true,"href":"https:\/\/arcora.de\/de\/wp-json\/wp\/v2\/product_brand?post=13447"},{"taxonomy":"product_cat","embeddable":true,"href":"https:\/\/arcora.de\/de\/wp-json\/wp\/v2\/product_cat?post=13447"},{"taxonomy":"product_tag","embeddable":true,"href":"https:\/\/arcora.de\/de\/wp-json\/wp\/v2\/product_tag?post=13447"}],"curies":[{"name":"wp","href":"https:\/\/api.w.org\/{rel}","templated":true}]}}