{"id":13454,"date":"2023-01-24T15:19:39","date_gmt":"2023-01-24T14:19:39","guid":{"rendered":"https:\/\/arcora.de\/de\/?post_type=product&#038;p=13454"},"modified":"2025-07-04T08:47:19","modified_gmt":"2025-07-04T06:47:19","slug":"ecoblack-750","status":"publish","type":"product","link":"https:\/\/arcora.de\/de\/produkt\/ecoblack-750\/","title":{"rendered":"ECOBLACK 750"},"content":{"rendered":"<ul>\n<li>Schwarzer, stabiler Recycling Kunststoffrahmen<\/li>\n<li>360 \u00b0 drehbare, 4 leichtl\u00e4ufige R\u00e4der<\/li>\n<li>2 farblich getrennte 20 Liter Eimer in Schwarz mit Henkel in Blau und Rot<\/li>\n<li>4 x 6 Liter Eimer in Schwarz mit Henkel in Blau, Gr\u00fcn, Gelb, Rot<br \/>\nverstaut im Schrank mit manuell abschlie\u00dfbarem Deckel<\/li>\n<li>Recycling Kunststoff Presse in Schwarz<\/li>\n<li>1 x Kunststoffwanne in Schwarz<\/li>\n<li>1 x Kunststoffbox in Schwarz ohne Deckel<\/li>\n<li>Mit Kunststofft\u00fcren, manuell abschlie\u00dfbar<\/li>\n<li>Abschlie\u00dfbarer Schrank mit Abfall-\/W\u00e4schesack und Deckel<\/li>\n<li>Kunststoffwanne in Schwarz unterhalb des Abfall-\/W\u00e4schesacks<\/li>\n<li>Seitliche Ablage f\u00fcr Mopphalter<\/li>\n<\/ul>\n<p>Abmessungen: 1410 x 680 x 1100 mm<br \/>\nBrutto Gewicht: 40,30 kg<br \/>\nNetto Gewicht: 37,80 kg<\/p>\n","protected":false},"excerpt":{"rendered":"<p><strong>SERVICEWAGEN<\/strong><\/p>\n<ul>\n<li>Aus umweltfreundlichen Recyclingprodukten<\/li>\n<li>Die Reinigungsw\u00e4gen \u00fcberzeugen mit robuster und anwenderfreundlicher Ausf\u00fchrung.<\/li>\n<\/ul>\n<p>&nbsp;<\/p>\n<p><a href=\"https:\/\/arcora.de\/de\/wp-content\/uploads\/2025\/07\/ECOBLACK_DE.pdf\"><img loading=\"lazy\" decoding=\"async\" class=\"alignnone wp-image-6442\" src=\"https:\/\/arcora.de\/de\/wp-content\/uploads\/2019\/03\/Produkt.png\" alt=\"\" width=\"223\" height=\"38\" \/><\/a><\/p>\n","protected":false},"featured_media":13592,"template":"","meta":[],"product_brand":[],"product_cat":[169,175],"product_tag":[],"class_list":{"0":"post-13454","1":"product","2":"type-product","3":"status-publish","4":"has-post-thumbnail","6":"product_cat-reinigungswaegen-und-zubehoer","7":"product_cat-servicewagen","9":"first","10":"instock","11":"shipping-taxable","12":"product-type-simple","13":"prodpage-classic"},"_links":{"self":[{"href":"https:\/\/arcora.de\/de\/wp-json\/wp\/v2\/product\/13454","targetHints":{"allow":["GET"]}}],"collection":[{"href":"https:\/\/arcora.de\/de\/wp-json\/wp\/v2\/product"}],"about":[{"href":"https:\/\/arcora.de\/de\/wp-json\/wp\/v2\/types\/product"}],"wp:featuredmedia":[{"embeddable":true,"href":"https:\/\/arcora.de\/de\/wp-json\/wp\/v2\/media\/13592"}],"wp:attachment":[{"href":"https:\/\/arcora.de\/de\/wp-json\/wp\/v2\/media?parent=13454"}],"wp:term":[{"taxonomy":"product_brand","embeddable":true,"href":"https:\/\/arcora.de\/de\/wp-json\/wp\/v2\/product_brand?post=13454"},{"taxonomy":"product_cat","embeddable":true,"href":"https:\/\/arcora.de\/de\/wp-json\/wp\/v2\/product_cat?post=13454"},{"taxonomy":"product_tag","embeddable":true,"href":"https:\/\/arcora.de\/de\/wp-json\/wp\/v2\/product_tag?post=13454"}],"curies":[{"name":"wp","href":"https:\/\/api.w.org\/{rel}","templated":true}]}}