{"id":13513,"date":"2023-02-03T15:12:12","date_gmt":"2023-02-03T14:12:12","guid":{"rendered":"https:\/\/arcora.de\/de\/?post_type=product&#038;p=13513"},"modified":"2025-04-04T14:15:23","modified_gmt":"2025-04-04T12:15:23","slug":"flachpressmopp-micro-blue-2-0-db-fc","status":"publish","type":"product","link":"https:\/\/arcora.de\/de\/produkt\/flachpressmopp-micro-blue-2-0-db-fc\/","title":{"rendered":"FLACHPRESSMOPP MICRO BLUE 2.0 DB-FC"},"content":{"rendered":"<p>\u2022 Verbesserte Mechanik auf dem Boden<br \/>\n\u2022 Optimale Vernetzung der Reinigungsl\u00f6sung<br \/>\n\u2022 Ideal f\u00fcr die Pr\u00e4paration geeignet<br \/>\n\u2022 Hervorragende, hohe Schmutz- und Wasseraufnahme<br \/>\n\u2022 H\u00f6here Fl\u00e4chenleistung<br \/>\n\u2022 Lange Lebensdauer durch hochwertiges Herstellungsverfahren<\/p>\n<p>Zur Unterhaltsreinigung, sowie Nass- und Trockenreinigung von jeglichen Oberfl\u00e4chen, wie elastischen Bel\u00e4gen, Hartbel\u00e4gen, Feinsteinzeug, Steinb\u00f6den, Fliesen, Laminatb\u00f6den und<br \/>\nideal f\u00fcr glatte und por\u00f6se Bodenbel\u00e4ge geeignet. Optimal f\u00fcr den Einsatz im Gesundheitswesen, Kliniken, Senioren- und Pflegeheimen sowie \u00f6ffentlichen Einrichtungen und Geb\u00e4udereinigung. Der Einsatz des FLACHPRESSMOPPS MICRO BLUE DB-FC 2.0 im Gesundheitswesen ist besonders empfehlenswert.<\/p>\n","protected":false},"excerpt":{"rendered":"<p><strong>MIT DECKBLATT<\/strong><\/p>\n<p>Der FLACHPRESSMOPP MICRO BLUE 2.0 ist f\u00fcr alle markt\u00fcblichen Flachpress- Systeme geeignet. Der Wischbezug \u00fcberzeugt dank des dicht gewebten Microfasergarns mit stark verbesserter Mechanik auf dem Boden und einer optimalen Vernetzung der Reinigungsl\u00f6sung. Die hochwertige gewebte Microfaser erm\u00f6glicht eine hervorragende Schmutz- und Wasseraufnahme sowie eine h\u00f6here Fl\u00e4chenleistung dank der Zusammensetzung des Garns.<\/p>\n<p>&nbsp;<\/p>\n<p><a href=\"https:\/\/arcora.de\/de\/wp-content\/uploads\/2025\/04\/ARCORA_FLACHPRESSMOPP-MICRO-BLUE-DB-FC-2.0_EMBD40FPM.pdf\" target=\"_blank\" rel=\"noopener noreferrer\"><img loading=\"lazy\" decoding=\"async\" class=\"alignnone wp-image-6442\" src=\"https:\/\/arcora.de\/de\/wp-content\/uploads\/2019\/03\/Produkt.png\" alt=\"\" width=\"223\" height=\"38\" \/><\/a><\/p>\n","protected":false},"featured_media":13517,"template":"","meta":[],"product_brand":[],"product_cat":[146,139],"product_tag":[],"class_list":{"0":"post-13513","1":"product","2":"type-product","3":"status-publish","4":"has-post-thumbnail","6":"product_cat-flachpressmopp","7":"product_cat-reinigungstextilien","9":"first","10":"instock","11":"shipping-taxable","12":"product-type-simple","13":"prodpage-classic"},"_links":{"self":[{"href":"https:\/\/arcora.de\/de\/wp-json\/wp\/v2\/product\/13513","targetHints":{"allow":["GET"]}}],"collection":[{"href":"https:\/\/arcora.de\/de\/wp-json\/wp\/v2\/product"}],"about":[{"href":"https:\/\/arcora.de\/de\/wp-json\/wp\/v2\/types\/product"}],"wp:featuredmedia":[{"embeddable":true,"href":"https:\/\/arcora.de\/de\/wp-json\/wp\/v2\/media\/13517"}],"wp:attachment":[{"href":"https:\/\/arcora.de\/de\/wp-json\/wp\/v2\/media?parent=13513"}],"wp:term":[{"taxonomy":"product_brand","embeddable":true,"href":"https:\/\/arcora.de\/de\/wp-json\/wp\/v2\/product_brand?post=13513"},{"taxonomy":"product_cat","embeddable":true,"href":"https:\/\/arcora.de\/de\/wp-json\/wp\/v2\/product_cat?post=13513"},{"taxonomy":"product_tag","embeddable":true,"href":"https:\/\/arcora.de\/de\/wp-json\/wp\/v2\/product_tag?post=13513"}],"curies":[{"name":"wp","href":"https:\/\/api.w.org\/{rel}","templated":true}]}}