{"id":13523,"date":"2023-02-07T08:56:44","date_gmt":"2023-02-07T07:56:44","guid":{"rendered":"https:\/\/arcora.de\/de\/?post_type=product&#038;p=13523"},"modified":"2023-02-07T09:11:03","modified_gmt":"2023-02-07T08:11:03","slug":"flachpressmopp-runner-blue-2-0-db-fc","status":"publish","type":"product","link":"https:\/\/arcora.de\/de\/produkt\/flachpressmopp-runner-blue-2-0-db-fc\/","title":{"rendered":"FLACHPRESSMOPP RUNNER BLUE 2.0 DB-FC"},"content":{"rendered":"<p><strong>Eigenschaften:<\/strong><br \/>\n\u2022 F\u00fcr alle markt\u00fcblichen Flachpress-Systeme geeignet<br \/>\n\u2022 Ideal f\u00fcr die staubbindende Trockenreinigung durch elektrostatische Wirkung der Faser<br \/>\n\u2022 Sehr gutes Reinigungsergebnis<br \/>\n\u2022 Reduzierung des Chemieeinsatzes<br \/>\n\u2022 Lange Lebensdauer durch hochwertiges Herstellungsverfahren<br \/>\n\u2022 Hochwertige pl\u00fcschige Microfaser<\/p>\n<p><strong>Anwendungsbereiche:<\/strong><br \/>\n\u2022 Unterhaltsreinigung<br \/>\n\u2022 Grundreinigung<br \/>\n\u2022 Nass- und Trockenreinigung<\/p>\n<p><strong>Zielgruppen:<\/strong><br \/>\n\u2022 Industrie<br \/>\n\u2022 Kliniken<br \/>\n\u2022 Senioren- und\u00a0Pflegeheime<br \/>\n\u2022 \u00d6ffentliche Einrichtungen<\/p>\n<p><strong>Bodenbel\u00e4ge:<\/strong><br \/>\n\u2022 Elastische Bodenbel\u00e4ge<br \/>\n\u2022 Hartbel\u00e4ge<br \/>\n\u2022 Feinsteinzeug<br \/>\n\u2022 Steinb\u00f6den<br \/>\n\u2022 Fliesen<br \/>\n\u2022 Laminatb\u00f6den<br \/>\n\u2022 Ideal f\u00fcr glatte por\u00f6se Bodenbel\u00e4ge<\/p>\n","protected":false},"excerpt":{"rendered":"<p><strong>MIT DECKBLATT<\/strong><\/p>\n<p>Optimal f\u00fcr die Unterhaltsreinigung, Grundreinigung, Nass- und Trockenreinigung von elastischen Bel\u00e4gen, Hartbodenbel\u00e4gen, Laminatb\u00f6den sowie glatte und por\u00f6se B\u00f6den.<\/p>\n<p>&nbsp;<\/p>\n<p><a href=\"https:\/\/arcora.de\/de\/wp-content\/uploads\/2023\/02\/FLACHPRESSMOPP-RUNNER-BLUE-DB-FC-2.0.pdf\" target=\"_blank\" rel=\"noopener noreferrer\"><img loading=\"lazy\" decoding=\"async\" class=\"alignnone wp-image-6442\" src=\"https:\/\/arcora.de\/de\/wp-content\/uploads\/2019\/03\/Produkt.png\" alt=\"\" width=\"223\" height=\"38\" \/><\/a><\/p>\n","protected":false},"featured_media":13525,"template":"","meta":[],"product_brand":[],"product_cat":[146,139],"product_tag":[],"class_list":{"0":"post-13523","1":"product","2":"type-product","3":"status-publish","4":"has-post-thumbnail","6":"product_cat-flachpressmopp","7":"product_cat-reinigungstextilien","9":"first","10":"instock","11":"shipping-taxable","12":"product-type-simple","13":"prodpage-classic"},"_links":{"self":[{"href":"https:\/\/arcora.de\/de\/wp-json\/wp\/v2\/product\/13523","targetHints":{"allow":["GET"]}}],"collection":[{"href":"https:\/\/arcora.de\/de\/wp-json\/wp\/v2\/product"}],"about":[{"href":"https:\/\/arcora.de\/de\/wp-json\/wp\/v2\/types\/product"}],"wp:featuredmedia":[{"embeddable":true,"href":"https:\/\/arcora.de\/de\/wp-json\/wp\/v2\/media\/13525"}],"wp:attachment":[{"href":"https:\/\/arcora.de\/de\/wp-json\/wp\/v2\/media?parent=13523"}],"wp:term":[{"taxonomy":"product_brand","embeddable":true,"href":"https:\/\/arcora.de\/de\/wp-json\/wp\/v2\/product_brand?post=13523"},{"taxonomy":"product_cat","embeddable":true,"href":"https:\/\/arcora.de\/de\/wp-json\/wp\/v2\/product_cat?post=13523"},{"taxonomy":"product_tag","embeddable":true,"href":"https:\/\/arcora.de\/de\/wp-json\/wp\/v2\/product_tag?post=13523"}],"curies":[{"name":"wp","href":"https:\/\/api.w.org\/{rel}","templated":true}]}}