{"id":13572,"date":"2023-03-15T14:23:53","date_gmt":"2023-03-15T13:23:53","guid":{"rendered":"https:\/\/arcora.de\/de\/?post_type=product&#038;p=13572"},"modified":"2024-10-28T14:15:52","modified_gmt":"2024-10-28T13:15:52","slug":"micro-easy-db-fc-mopp","status":"publish","type":"product","link":"https:\/\/arcora.de\/de\/produkt\/micro-easy-db-fc-mopp\/","title":{"rendered":"MICRO EASY DB-FC MOPP"},"content":{"rendered":"<p>Der Microfaser-Schlingen-Wischbezug besitzt dank seiner Faser eine elektrostatische Wirkung und ist daher ideal f\u00fcr die staubbindende Trockenreinigung geeignet. Aufgrund<br \/>\nseiner guten Reinigungsergebnisses kann der Einsatz von Chemie reduziert werden. Dabei sind die Schmutz- und Wasseraufnahme optimal. Dank der geschlossenen Au\u00dfenfransen<br \/>\naus Polyester-Microfaser wird eine hygienische Reinigung erzielt.<\/p>\n<p><strong>ANWENDUNG<\/strong><br \/>\nSowohl trocken als auch feucht anwendbar auf glatten, beschichteten und unbeschichteten Bodenbel\u00e4gen.<\/p>\n<p><strong>ANWENDUNGSBEREICH<\/strong><br \/>\nZur Unterhaltsreinigung, Grundreinigung sowie Nass- und Trockenreinigung von jeglichen Oberfl\u00e4chen, wie elastischen Bel\u00e4gen, Hartbel\u00e4gen, Feinsteinzeug, Steinb\u00f6den, Fliesen, Laminatb\u00f6den und ideal f\u00fcr glatte und por\u00f6se Bodenbel\u00e4ge geeignet. Besonders geeignet f\u00fcr den Einsatz in der Industrie, in Produktionen, im Gesundheitswesen, Kliniken, Senioren und Pflegeheimen sowie \u00f6ffentlichen Einrichtungen und Geb\u00e4udereinigung.<\/p>\n<p><strong>WASCHEMPFEHLUNG<\/strong><br \/>\nEmpfohlen wird eine Waschtemperatur von 60 \u00b0C. Eine maximale Waschtemperatur von 95 \u00b0C sollte nicht \u00fcberschritten werden. Die Verwendung von Weichsp\u00fcler und Bleichmitteln gilt es zu vermeiden. Generell wird empfohlen, nur sortenrein zu waschen. Beim Trocknen sollten 80 \u00b0C nicht \u00fcberschritten werden.<\/p>\n","protected":false},"excerpt":{"rendered":"<p><strong>Hochewertiger Microfaser-Schlingen-Wischbezug<\/strong><\/p>\n<p>\u2022 Optimale Schmutz- und Wasseraufnahme durch Schlingen aus Polyester-Microfaser<br \/>\n\u2022 Hohe Wasseraufnahme und Wasserdepotwirkung<br \/>\n\u2022 Hochwertige pl\u00fcschige Microfaser<br \/>\n\u2022 Rei\u00dffeste und wasserdurchl\u00e4ssige Polyestertaschen<br \/>\n\u2022 Lange Lebensdauer durch hochwertiges Herstellungsverfahren<\/p>\n<p><a href=\"https:\/\/arcora.de\/de\/wp-content\/uploads\/2023\/03\/ARCORA_MICROEASY-DB-FC_ME40DBFC_ME50DBFC.pdf\" target=\"_blank\" rel=\"noopener noreferrer\"><img loading=\"lazy\" decoding=\"async\" class=\"alignnone wp-image-6442\" src=\"https:\/\/arcora.de\/de\/wp-content\/uploads\/2019\/03\/Produkt.png\" alt=\"\" width=\"223\" height=\"38\" \/><\/a><\/p>\n","protected":false},"featured_media":13574,"template":"","meta":[],"product_brand":[],"product_cat":[147,139],"product_tag":[],"class_list":{"0":"post-13572","1":"product","2":"type-product","3":"status-publish","4":"has-post-thumbnail","6":"product_cat-microfasermopp","7":"product_cat-reinigungstextilien","9":"first","10":"instock","11":"shipping-taxable","12":"product-type-simple","13":"prodpage-classic"},"_links":{"self":[{"href":"https:\/\/arcora.de\/de\/wp-json\/wp\/v2\/product\/13572","targetHints":{"allow":["GET"]}}],"collection":[{"href":"https:\/\/arcora.de\/de\/wp-json\/wp\/v2\/product"}],"about":[{"href":"https:\/\/arcora.de\/de\/wp-json\/wp\/v2\/types\/product"}],"wp:featuredmedia":[{"embeddable":true,"href":"https:\/\/arcora.de\/de\/wp-json\/wp\/v2\/media\/13574"}],"wp:attachment":[{"href":"https:\/\/arcora.de\/de\/wp-json\/wp\/v2\/media?parent=13572"}],"wp:term":[{"taxonomy":"product_brand","embeddable":true,"href":"https:\/\/arcora.de\/de\/wp-json\/wp\/v2\/product_brand?post=13572"},{"taxonomy":"product_cat","embeddable":true,"href":"https:\/\/arcora.de\/de\/wp-json\/wp\/v2\/product_cat?post=13572"},{"taxonomy":"product_tag","embeddable":true,"href":"https:\/\/arcora.de\/de\/wp-json\/wp\/v2\/product_tag?post=13572"}],"curies":[{"name":"wp","href":"https:\/\/api.w.org\/{rel}","templated":true}]}}