{"id":13732,"date":"2023-06-13T14:30:18","date_gmt":"2023-06-13T12:30:18","guid":{"rendered":"https:\/\/arcora.de\/de\/?post_type=product&#038;p=13732"},"modified":"2024-10-18T14:38:24","modified_gmt":"2024-10-18T12:38:24","slug":"760br-aufsitz-scheuersaugmaschine","status":"publish","type":"product","link":"https:\/\/arcora.de\/de\/produkt\/760br-aufsitz-scheuersaugmaschine\/","title":{"rendered":"RO-MAN 760BR\/150L"},"content":{"rendered":"<p><strong>Eigenschaften<\/strong><\/p>\n<p>Die akkubetriebene kompakte Aufsitz-Scheuersaugmaschine RO-MAN 760BR\/150L \u00fcberzeugt mit hoher Reinigungsleistung, Zuverl\u00e4ssigkeit und Benutzerfreundlichkeit. Die Aufsitz-Scheuersaugmaschine reinigt schnell und komfortabel mittlere und besonders gro\u00dfe Fl\u00e4chen zuverl\u00e4ssig sowie r\u00fcckstandslos. Mit 2 B\u00fcrsten oder 2 Treibtellern und ergonomischer Bedienung wird ein m\u00fcheloses und anwenderfreundliches Reinigen gew\u00e4hrleistet.<\/p>\n<p>Eine einfache Bedienung und mechanische Aufbauweise sorgen f\u00fcr einen zuverl\u00e4ssigen und langlebigen Einsatz. Mit einer maximalen Geschwindigkeit von 6 km\/h kann das Tempo entsprechend der Umgebung und dem Grad der Verschmutzung angepasst werden. Ein 150 l-Frischwassertank und ein 160 l-Schmutzwassertank erm\u00f6glichen das Reinigen gro\u00dfer Fl\u00e4chen.<\/p>\n<p>&nbsp;<\/p>\n","protected":false},"excerpt":{"rendered":"<p><strong>SCHEUERSAUGMASCHINE<\/strong><\/p>\n<p>\u2022 Kompakte und robuste Aufsitz-Maschine<br \/>\n\u2022 Hohe Wendigkeit, ideal auch f\u00fcr engere Bereiche<br \/>\n\u2022 Leiser Betrieb<br \/>\n\u2022 Einfacher B\u00fcrsten- und Treibtellerwechsel<br \/>\n\u2022 Sehr gute Absaugung<br \/>\n\u2022 Inkl. Batterien, integriertem Ladeger\u00e4t, 2 x Treibteller, 2 x Schrubbb\u00fcrste<\/p>\n<p>&nbsp;<\/p>\n<p><a href=\"https:\/\/arcora.de\/de\/wp-content\/uploads\/2024\/10\/ARCORA_RO-MAN-760BR150-AUFSITZ-SCHEUERSAUGMASCHINE.pdf\" target=\"_blank\" rel=\"noopener noreferrer\"><img loading=\"lazy\" decoding=\"async\" class=\"alignnone wp-image-6442\" src=\"https:\/\/arcora.de\/de\/wp-content\/uploads\/2019\/03\/Produkt.png\" alt=\"\" width=\"223\" height=\"38\" \/><\/a><\/p>\n","protected":false},"featured_media":14670,"template":"","meta":[],"product_brand":[],"product_cat":[69,197],"product_tag":[],"class_list":{"0":"post-13732","1":"product","2":"type-product","3":"status-publish","4":"has-post-thumbnail","6":"product_cat-reinigungsmaschinen-und-zubehuer","7":"product_cat-scheuersaugmaschinen","9":"first","10":"instock","11":"shipping-taxable","12":"product-type-simple","13":"prodpage-classic"},"_links":{"self":[{"href":"https:\/\/arcora.de\/de\/wp-json\/wp\/v2\/product\/13732","targetHints":{"allow":["GET"]}}],"collection":[{"href":"https:\/\/arcora.de\/de\/wp-json\/wp\/v2\/product"}],"about":[{"href":"https:\/\/arcora.de\/de\/wp-json\/wp\/v2\/types\/product"}],"wp:featuredmedia":[{"embeddable":true,"href":"https:\/\/arcora.de\/de\/wp-json\/wp\/v2\/media\/14670"}],"wp:attachment":[{"href":"https:\/\/arcora.de\/de\/wp-json\/wp\/v2\/media?parent=13732"}],"wp:term":[{"taxonomy":"product_brand","embeddable":true,"href":"https:\/\/arcora.de\/de\/wp-json\/wp\/v2\/product_brand?post=13732"},{"taxonomy":"product_cat","embeddable":true,"href":"https:\/\/arcora.de\/de\/wp-json\/wp\/v2\/product_cat?post=13732"},{"taxonomy":"product_tag","embeddable":true,"href":"https:\/\/arcora.de\/de\/wp-json\/wp\/v2\/product_tag?post=13732"}],"curies":[{"name":"wp","href":"https:\/\/api.w.org\/{rel}","templated":true}]}}