{"id":13811,"date":"2023-08-07T14:19:01","date_gmt":"2023-08-07T12:19:01","guid":{"rendered":"https:\/\/arcora.de\/de\/?post_type=product&#038;p=13811"},"modified":"2024-03-05T09:14:58","modified_gmt":"2024-03-05T08:14:58","slug":"scrubclean-2in1-microfasertuch","status":"publish","type":"product","link":"https:\/\/arcora.de\/de\/produkt\/scrubclean-2in1-microfasertuch\/","title":{"rendered":"SCRUB &amp; CLEAN 2IN1 MICROFASERTUCH"},"content":{"rendered":"<p><strong>EIGENSCHAFTEN<\/strong><br \/>\nDas SCRUB &amp; CLEAN 2IN1 Microfasertuch eignet sich ideal f\u00fcr hartn\u00e4ckige Verschmutzungen und Verkrustungen besonders im K\u00fcchen- und Sanit\u00e4rbereich.<br \/>\nDie Microfaserseite mit Borsten l\u00f6st hartn\u00e4ckigen Schmutz und die weiche Microfaserseite nimmt das Wasser und den gel\u00f6sten Schmutz auf. Die Microfaserseite ist perfekt zum Nachwischen und f\u00fcr empfindliche Oberfl\u00e4chen geeignet.<\/p>\n<p><strong>ANWENDUNG<\/strong><br \/>\nDas Tuch erzielt besonders in nassen\/feuchten Zustand mit idealer Schmutzl\u00f6sekraft optimale Reinigungsergebnisse.<\/p>\n<p><strong>ANWENDUNGSBEREICH<\/strong><br \/>\nZur Grund- und Unterhaltsreinigung von jeglichen Oberfl\u00e4chen. Besonders geeignet f\u00fcr den Einsatz im K\u00fcchen- und Sanit\u00e4rbereich und f\u00fcr die punktuelle Fleckenentfernung.<\/p>\n","protected":false},"excerpt":{"rendered":"<p><strong>DIE ALTERNATIVE ZUM REINIGUNGSSCHWAMM<\/strong><\/p>\n<p>\u2022 Mit abrasiver Borstenseite und weicher Microfaserseite<br \/>\n\u2022 Kratzfrei auf Oberfl\u00e4chen<br \/>\n\u2022 Hervorragende Schmutzl\u00f6sekraft dank abrasiver Borstenseite<br \/>\n\u2022 Hohe Schmutz- und Wasseraufnahme<br \/>\n\u2022 F\u00fcr eine gr\u00fcndliche und streifenfreie Reinigung<\/p>\n<p><a href=\"https:\/\/arcora.de\/de\/wp-content\/uploads\/2024\/03\/SCRUB-CLEAN-2IN1-FLYER-DE_compressed.pdf\" target=\"_blank\" rel=\"noopener noreferrer\"><img loading=\"lazy\" decoding=\"async\" class=\"alignnone wp-image-6442\" src=\"https:\/\/arcora.de\/de\/wp-content\/uploads\/2019\/03\/Produkt.png\" alt=\"\" width=\"223\" height=\"38\" \/><\/a><\/p>\n","protected":false},"featured_media":13813,"template":"","meta":[],"product_brand":[],"product_cat":[67,139],"product_tag":[],"class_list":{"0":"post-13811","1":"product","2":"type-product","3":"status-publish","4":"has-post-thumbnail","6":"product_cat-microfasertuecher","7":"product_cat-reinigungstextilien","9":"first","10":"instock","11":"shipping-taxable","12":"product-type-simple","13":"prodpage-classic"},"_links":{"self":[{"href":"https:\/\/arcora.de\/de\/wp-json\/wp\/v2\/product\/13811","targetHints":{"allow":["GET"]}}],"collection":[{"href":"https:\/\/arcora.de\/de\/wp-json\/wp\/v2\/product"}],"about":[{"href":"https:\/\/arcora.de\/de\/wp-json\/wp\/v2\/types\/product"}],"wp:featuredmedia":[{"embeddable":true,"href":"https:\/\/arcora.de\/de\/wp-json\/wp\/v2\/media\/13813"}],"wp:attachment":[{"href":"https:\/\/arcora.de\/de\/wp-json\/wp\/v2\/media?parent=13811"}],"wp:term":[{"taxonomy":"product_brand","embeddable":true,"href":"https:\/\/arcora.de\/de\/wp-json\/wp\/v2\/product_brand?post=13811"},{"taxonomy":"product_cat","embeddable":true,"href":"https:\/\/arcora.de\/de\/wp-json\/wp\/v2\/product_cat?post=13811"},{"taxonomy":"product_tag","embeddable":true,"href":"https:\/\/arcora.de\/de\/wp-json\/wp\/v2\/product_tag?post=13811"}],"curies":[{"name":"wp","href":"https:\/\/api.w.org\/{rel}","templated":true}]}}