{"id":13877,"date":"2023-08-18T13:06:05","date_gmt":"2023-08-18T11:06:05","guid":{"rendered":"https:\/\/arcora.de\/de\/?post_type=product&#038;p=13877"},"modified":"2023-08-18T13:16:30","modified_gmt":"2023-08-18T11:16:30","slug":"ultra-runner-blue-velcro-wischbezug","status":"publish","type":"product","link":"https:\/\/arcora.de\/de\/produkt\/ultra-runner-blue-velcro-wischbezug\/","title":{"rendered":"ULTRA RUNNER BLUE VELCRO WISCHBEZUG"},"content":{"rendered":"<p><strong>Eigenschaften:<\/strong><br \/>\n\u2022 Leichtlauf-Sensation<br \/>\n\u2022 Verbesserte Mechanik auf dem Boden<br \/>\n\u2022 Optimale Vernetzung der Reinigungsl\u00f6sung<br \/>\n\u2022 Hervorragende Schmutz- und Wasseraufnahme<br \/>\n\u2022 Lange Lebensdauer durch hochwertiges Herstellungsverfahren<\/p>\n<p><strong>Anwendungsbereiche:<\/strong><br \/>\n\u2022 Unterhaltsreinigung<br \/>\n\u2022 Grundreinigung<br \/>\n\u2022 Nass- und Trockenreinigung<\/p>\n<p><strong>Zielgruppen:<\/strong><br \/>\n\u2022 Industrie<br \/>\n\u2022 Kliniken<br \/>\n\u2022 Senioren- und\u00a0Pflegeheime<br \/>\n\u2022 \u00d6ffentliche Einrichtungen<\/p>\n<p><strong>Bodenbel\u00e4ge:<\/strong><br \/>\n\u2022 Elastische Bodenbel\u00e4ge<br \/>\n\u2022 Hartbel\u00e4ge<br \/>\n\u2022 Feinsteinzeug<br \/>\n\u2022 Steinb\u00f6den<br \/>\n\u2022 Fliesen<br \/>\n\u2022 Laminatb\u00f6den<br \/>\n\u2022 Ideal f\u00fcr glatte und por\u00f6se Bodenbel\u00e4ge<\/p>\n","protected":false},"excerpt":{"rendered":"<p>Der ULTRA RUNNER BLUE VELCRO WISCHBEZUG \u00fcberzeugt dank des dicht gewebten Microfasergarns mit stark verbesserter Mechanik auf dem Boden und einer optimalen Vernetzung der Reinigungsl\u00f6sung. Die hochwertige gewebte Microfaser erm\u00f6glicht eine hervorragende Schmutz- und Wasseraufnahme sowie eine h\u00f6here Fl\u00e4chenleistung dank der Zusammensetzung des Garns. Die neuen PA(Polyamid)-Leichtl\u00e4uferborsten, die den Boden nicht verkratzen, k\u00fcren den Wischbezug zu einer Leichtlauf-Sensation, die f\u00fcr ein ergonomisches und erm\u00fcdungsfreies Reinigen und Arbeiten sorgt.<\/p>\n<p>&nbsp;<\/p>\n<p><a href=\"https:\/\/arcora.de\/de\/wp-content\/uploads\/2023\/08\/PDB_Ultra-Runner-Blue-Velcro-Wischbezug.pdf\" target=\"_blank\" rel=\"noopener noreferrer\"><img loading=\"lazy\" decoding=\"async\" class=\"alignnone wp-image-6442\" src=\"https:\/\/arcora.de\/de\/wp-content\/uploads\/2019\/03\/Produkt.png\" alt=\"\" width=\"223\" height=\"38\" \/><\/a><\/p>\n","protected":false},"featured_media":13879,"template":"","meta":[],"product_brand":[],"product_cat":[139,150],"product_tag":[],"class_list":{"0":"post-13877","1":"product","2":"type-product","3":"status-publish","4":"has-post-thumbnail","6":"product_cat-reinigungstextilien","7":"product_cat-ultra-klett-mopp","9":"first","10":"instock","11":"shipping-taxable","12":"product-type-simple","13":"prodpage-classic"},"_links":{"self":[{"href":"https:\/\/arcora.de\/de\/wp-json\/wp\/v2\/product\/13877","targetHints":{"allow":["GET"]}}],"collection":[{"href":"https:\/\/arcora.de\/de\/wp-json\/wp\/v2\/product"}],"about":[{"href":"https:\/\/arcora.de\/de\/wp-json\/wp\/v2\/types\/product"}],"wp:featuredmedia":[{"embeddable":true,"href":"https:\/\/arcora.de\/de\/wp-json\/wp\/v2\/media\/13879"}],"wp:attachment":[{"href":"https:\/\/arcora.de\/de\/wp-json\/wp\/v2\/media?parent=13877"}],"wp:term":[{"taxonomy":"product_brand","embeddable":true,"href":"https:\/\/arcora.de\/de\/wp-json\/wp\/v2\/product_brand?post=13877"},{"taxonomy":"product_cat","embeddable":true,"href":"https:\/\/arcora.de\/de\/wp-json\/wp\/v2\/product_cat?post=13877"},{"taxonomy":"product_tag","embeddable":true,"href":"https:\/\/arcora.de\/de\/wp-json\/wp\/v2\/product_tag?post=13877"}],"curies":[{"name":"wp","href":"https:\/\/api.w.org\/{rel}","templated":true}]}}