{"id":13899,"date":"2023-09-05T11:16:54","date_gmt":"2023-09-05T09:16:54","guid":{"rendered":"https:\/\/arcora.de\/de\/?post_type=product&#038;p=13899"},"modified":"2023-12-19T11:30:37","modified_gmt":"2023-12-19T10:30:37","slug":"profi-klapphalter-standard-grau-blau","status":"publish","type":"product","link":"https:\/\/arcora.de\/de\/produkt\/profi-klapphalter-standard-grau-blau\/","title":{"rendered":"PROFI KLAPPHALTER STANDARD GRAU\/BLAU"},"content":{"rendered":"","protected":false},"excerpt":{"rendered":"<p>F\u00fcr alle handels\u00fcblichen Moppbez\u00fcge geeignet. Durch das optimierte Gewicht und die robuste Bauart sorgt der Klapphalter f\u00fcr ein ergonomisches Arbeiten.<\/p>\n<ul>\n<li>Geeignet f\u00fcr alle 40 cm und 50 cm Mopp-Systeme<\/li>\n<li>In zwei verschiedenen Farben erh\u00e4ltlich: BLAU ODER GRAU<\/li>\n<\/ul>\n","protected":false},"featured_media":13898,"template":"","meta":[],"product_brand":[],"product_cat":[161],"product_tag":[],"class_list":{"0":"post-13899","1":"product","2":"type-product","3":"status-publish","4":"has-post-thumbnail","6":"product_cat-mopp-klapphalter","8":"first","9":"instock","10":"shipping-taxable","11":"product-type-simple","12":"prodpage-classic"},"_links":{"self":[{"href":"https:\/\/arcora.de\/de\/wp-json\/wp\/v2\/product\/13899","targetHints":{"allow":["GET"]}}],"collection":[{"href":"https:\/\/arcora.de\/de\/wp-json\/wp\/v2\/product"}],"about":[{"href":"https:\/\/arcora.de\/de\/wp-json\/wp\/v2\/types\/product"}],"wp:featuredmedia":[{"embeddable":true,"href":"https:\/\/arcora.de\/de\/wp-json\/wp\/v2\/media\/13898"}],"wp:attachment":[{"href":"https:\/\/arcora.de\/de\/wp-json\/wp\/v2\/media?parent=13899"}],"wp:term":[{"taxonomy":"product_brand","embeddable":true,"href":"https:\/\/arcora.de\/de\/wp-json\/wp\/v2\/product_brand?post=13899"},{"taxonomy":"product_cat","embeddable":true,"href":"https:\/\/arcora.de\/de\/wp-json\/wp\/v2\/product_cat?post=13899"},{"taxonomy":"product_tag","embeddable":true,"href":"https:\/\/arcora.de\/de\/wp-json\/wp\/v2\/product_tag?post=13899"}],"curies":[{"name":"wp","href":"https:\/\/api.w.org\/{rel}","templated":true}]}}