{"id":13953,"date":"2023-09-14T09:25:11","date_gmt":"2023-09-14T07:25:11","guid":{"rendered":"https:\/\/arcora.de\/de\/?post_type=product&#038;p=13953"},"modified":"2023-09-14T09:41:25","modified_gmt":"2023-09-14T07:41:25","slug":"maroon-heavy-duty-stripper-pad","status":"publish","type":"product","link":"https:\/\/arcora.de\/de\/produkt\/maroon-heavy-duty-stripper-pad\/","title":{"rendered":"MAROON HEAVY DUTY STRIPPER-PAD"},"content":{"rendered":"<p><strong>Eigenschaften:<\/strong><\/p>\n<p>\u25cf Anschleifen von Beschichtungen<br \/>\n\u25cf Kann zur Grundreinigung bei extremen Verschmutzungen eingesetzt werden<br \/>\n\u25cf Ergebnis: Matt<\/p>\n<p><strong>Anwendungsbereich:<\/strong><br \/>\nZum Entschichten von B\u00f6den. Kann auch zur Grundreinigung eingesetzt werden.<\/p>\n<p>&nbsp;<\/p>\n","protected":false},"excerpt":{"rendered":"<p>PFLEGEFILMSANIERUNG<\/p>\n<p>Das MAROON HEAVY DUTY STRIPPER PAD mit hochwertigem Vliesmaterial und sehr feiner mineralischer K\u00f6rung ist ideal zum Entschichten von B\u00f6den ohne Chemie. Entfernt m\u00fchelos abgenutzte und alte Beschichtungen und bereitet den Boden optimal auf die neue Beschichtung vor.<\/p>\n<p><a href=\"https:\/\/arcora.de\/de\/wp-content\/uploads\/2023\/09\/PDB_MAROON-HEAVY-DUTY-STRIPPER-PAD.pdf\" target=\"_blank\" rel=\"noopener noreferrer\"><img loading=\"lazy\" decoding=\"async\" class=\"alignnone wp-image-6442\" src=\"https:\/\/arcora.de\/de\/wp-content\/uploads\/2019\/03\/Produkt.png\" alt=\"\" width=\"223\" height=\"38\" \/><\/a><\/p>\n","protected":false},"featured_media":13955,"template":"","meta":[],"product_brand":[],"product_cat":[72,209],"product_tag":[],"class_list":{"0":"post-13953","1":"product","2":"type-product","3":"status-publish","4":"has-post-thumbnail","6":"product_cat-reinigungsundpolierpads","7":"product_cat-spezial-performance-pads","9":"first","10":"instock","11":"shipping-taxable","12":"product-type-simple","13":"prodpage-classic"},"_links":{"self":[{"href":"https:\/\/arcora.de\/de\/wp-json\/wp\/v2\/product\/13953","targetHints":{"allow":["GET"]}}],"collection":[{"href":"https:\/\/arcora.de\/de\/wp-json\/wp\/v2\/product"}],"about":[{"href":"https:\/\/arcora.de\/de\/wp-json\/wp\/v2\/types\/product"}],"wp:featuredmedia":[{"embeddable":true,"href":"https:\/\/arcora.de\/de\/wp-json\/wp\/v2\/media\/13955"}],"wp:attachment":[{"href":"https:\/\/arcora.de\/de\/wp-json\/wp\/v2\/media?parent=13953"}],"wp:term":[{"taxonomy":"product_brand","embeddable":true,"href":"https:\/\/arcora.de\/de\/wp-json\/wp\/v2\/product_brand?post=13953"},{"taxonomy":"product_cat","embeddable":true,"href":"https:\/\/arcora.de\/de\/wp-json\/wp\/v2\/product_cat?post=13953"},{"taxonomy":"product_tag","embeddable":true,"href":"https:\/\/arcora.de\/de\/wp-json\/wp\/v2\/product_tag?post=13953"}],"curies":[{"name":"wp","href":"https:\/\/api.w.org\/{rel}","templated":true}]}}