{"id":14017,"date":"2023-10-23T14:40:04","date_gmt":"2023-10-23T12:40:04","guid":{"rendered":"https:\/\/arcora.de\/de\/?post_type=product&#038;p=14017"},"modified":"2023-10-24T09:29:56","modified_gmt":"2023-10-24T07:29:56","slug":"ultra-mobile-spray-mop-system","status":"publish","type":"product","link":"https:\/\/arcora.de\/de\/produkt\/ultra-mobile-spray-mop-system\/","title":{"rendered":"ULTRA MOBILE SPRAY MOP SYSTEM"},"content":{"rendered":"<p>Das ULTRA MOBILE SPRAY MOP SYSTEM eignet sich f\u00fcr den professionellen Einsatz in Bereichen wie Hotels, Einkaufszentren, Schulen, Restaurants und anderen<br \/>\n\u00f6ffentlichen Bereichen, in denen eine regelm\u00e4\u00dfige Reinigung erforderlich ist. Ideal f\u00fcr den Einsatz in Bereichen, in denen eine effektive und gezielte Reinigung f\u00fcr eine saubere und hygienische Umgebung unerl\u00e4sslich ist. Das geringe Gewicht des ULTRA MOBILE SPRAY MOP SYSTEM macht es einfacheinfach zu handhaben und erm\u00f6glicht eine ergonomische, komfortable Reinigung.<\/p>\n<p>ANWENDUNG<br \/>\nF\u00fcllen Sie die Flasche mit der jeweils benutzten Reinigung auf.<\/p>\n<p>ANWENDUNGSBEREICH<br \/>\nHotels, Gesch\u00e4fte, Einkaufszentren, Schulen, Restaurants und andere \u00f6ffentliche Bereiche.<\/p>\n","protected":false},"excerpt":{"rendered":"<p>Das ULTRA MOBILE SPRAY MOP SYSTEM eignet sich f\u00fcr den professionellen Einsatz in Bereichen wie Hotels, Einkaufszentren, Schulen, Restaurants und anderen<br \/>\n\u00f6ffentlichen Bereichen.<\/p>\n<p>\u2022 Kein Heben und Tragen schwerer Eimer mehr erforderlich<br \/>\n\u2022 Keine lange Vorbereitung mehr n\u00f6tig<br \/>\n\u2022 Ergonomische &amp; einfache Handhabung<br \/>\n\u2022 Hochwertige Klettverschl\u00fcsse sorgen f\u00fcr eine sichere Fixierung des Moppbezugs<\/p>\n<p><a href=\"https:\/\/arcora.de\/de\/wp-content\/uploads\/2023\/10\/ULTRA-MOBILE-SPRAY-MOP-SYSTEM-Neu.pdf\" target=\"_blank\" rel=\"noopener noreferrer\"><img loading=\"lazy\" decoding=\"async\" class=\"alignnone wp-image-6442\" src=\"https:\/\/arcora.de\/de\/wp-content\/uploads\/2019\/03\/Produkt.png\" alt=\"\" width=\"223\" height=\"38\" \/><\/a><\/p>\n","protected":false},"featured_media":14024,"template":"","meta":[],"product_brand":[],"product_cat":[210],"product_tag":[],"class_list":{"0":"post-14017","1":"product","2":"type-product","3":"status-publish","4":"has-post-thumbnail","6":"product_cat-ultra-mobile-spray-mop-system","8":"first","9":"instock","10":"shipping-taxable","11":"product-type-simple","12":"prodpage-classic"},"_links":{"self":[{"href":"https:\/\/arcora.de\/de\/wp-json\/wp\/v2\/product\/14017","targetHints":{"allow":["GET"]}}],"collection":[{"href":"https:\/\/arcora.de\/de\/wp-json\/wp\/v2\/product"}],"about":[{"href":"https:\/\/arcora.de\/de\/wp-json\/wp\/v2\/types\/product"}],"wp:featuredmedia":[{"embeddable":true,"href":"https:\/\/arcora.de\/de\/wp-json\/wp\/v2\/media\/14024"}],"wp:attachment":[{"href":"https:\/\/arcora.de\/de\/wp-json\/wp\/v2\/media?parent=14017"}],"wp:term":[{"taxonomy":"product_brand","embeddable":true,"href":"https:\/\/arcora.de\/de\/wp-json\/wp\/v2\/product_brand?post=14017"},{"taxonomy":"product_cat","embeddable":true,"href":"https:\/\/arcora.de\/de\/wp-json\/wp\/v2\/product_cat?post=14017"},{"taxonomy":"product_tag","embeddable":true,"href":"https:\/\/arcora.de\/de\/wp-json\/wp\/v2\/product_tag?post=14017"}],"curies":[{"name":"wp","href":"https:\/\/api.w.org\/{rel}","templated":true}]}}