{"id":14242,"date":"2023-12-18T16:24:43","date_gmt":"2023-12-18T15:24:43","guid":{"rendered":"https:\/\/arcora.de\/de\/?post_type=product&#038;p=14242"},"modified":"2023-12-19T10:14:02","modified_gmt":"2023-12-19T09:14:02","slug":"soft-line-microfasertuch-kopie","status":"publish","type":"product","link":"https:\/\/arcora.de\/de\/produkt\/soft-line-microfasertuch-kopie\/","title":{"rendered":"MULTI-LINE MICROFASERTUCH"},"content":{"rendered":"<p><strong>EIGENSCHAFTEN<\/strong><\/p>\n<p>Das optimale Tuch zur Entfernung von Staub und Schmutz, besonders in der Industrie und der professionellen Reinigung. Das MULTI-LINE Tuch ist ein kosteng\u00fcnstiges und praktisches Werkzeug f\u00fcr die Punktreinigung und das Abwischen von unregelm\u00e4\u00dfig geformten Oberfl\u00e4chen, die Staub und Schmutz in ihrer Struktur einschlie\u00dfen. Die Endlosfasern sorgen f\u00fcr Formbest\u00e4ndigkeit und Stabilit\u00e4t und gew\u00e4hrleisten ein sicheres, kratz- sowie streifenfreies Wischen.<\/p>\n<p><strong>ANWENDUNG<\/strong><\/p>\n<p>Sowohl trocken als auch feucht anwendbar.<\/p>\n<p><strong>ANWENDUNGSBEREICH<\/strong><\/p>\n<p>Zur Unterhaltsreinigung von jeglichen Oberfl\u00e4chen. Ideal f\u00fcr glatte, empfindliche und schwierige Oberfl\u00e4chen.<\/p>\n","protected":false},"excerpt":{"rendered":"<p><strong>F\u00fcr ein kratz- und streifenfreies Reinigen! <\/strong><\/p>\n<p>\u2022 Staub- und fusselfrei, ideal f\u00fcr den Einsatz im Reinraum<br \/>\n\u2022 Ideal f\u00fcr empfindliche und schwierige Oberfl\u00e4chen<br \/>\n\u2022 Auch ideal zum Reinigen oder Trocknen von Glas und lackierten Oberfl\u00e4chen<br \/>\n\u2022 Kann bis zum 5-fachen seines Gewichtes an Fl\u00fcssigkeit aufnehmen<\/p>\n<p>&nbsp;<\/p>\n<p><a href=\"https:\/\/arcora.de\/de\/wp-content\/uploads\/2023\/12\/PDB_MULTI-LINE.pdf\" target=\"_blank\" rel=\"noopener noreferrer\"><img loading=\"lazy\" decoding=\"async\" class=\"alignnone wp-image-6442\" src=\"https:\/\/arcora.de\/de\/wp-content\/uploads\/2019\/03\/Produkt.png\" alt=\"\" width=\"223\" height=\"38\" \/><\/a><\/p>\n","protected":false},"featured_media":14244,"template":"","meta":[],"product_brand":[],"product_cat":[67,139],"product_tag":[],"class_list":{"0":"post-14242","1":"product","2":"type-product","3":"status-publish","4":"has-post-thumbnail","6":"product_cat-microfasertuecher","7":"product_cat-reinigungstextilien","9":"first","10":"instock","11":"shipping-taxable","12":"product-type-simple","13":"prodpage-classic"},"_links":{"self":[{"href":"https:\/\/arcora.de\/de\/wp-json\/wp\/v2\/product\/14242","targetHints":{"allow":["GET"]}}],"collection":[{"href":"https:\/\/arcora.de\/de\/wp-json\/wp\/v2\/product"}],"about":[{"href":"https:\/\/arcora.de\/de\/wp-json\/wp\/v2\/types\/product"}],"wp:featuredmedia":[{"embeddable":true,"href":"https:\/\/arcora.de\/de\/wp-json\/wp\/v2\/media\/14244"}],"wp:attachment":[{"href":"https:\/\/arcora.de\/de\/wp-json\/wp\/v2\/media?parent=14242"}],"wp:term":[{"taxonomy":"product_brand","embeddable":true,"href":"https:\/\/arcora.de\/de\/wp-json\/wp\/v2\/product_brand?post=14242"},{"taxonomy":"product_cat","embeddable":true,"href":"https:\/\/arcora.de\/de\/wp-json\/wp\/v2\/product_cat?post=14242"},{"taxonomy":"product_tag","embeddable":true,"href":"https:\/\/arcora.de\/de\/wp-json\/wp\/v2\/product_tag?post=14242"}],"curies":[{"name":"wp","href":"https:\/\/api.w.org\/{rel}","templated":true}]}}