{"id":14356,"date":"2024-01-22T10:16:06","date_gmt":"2024-01-22T09:16:06","guid":{"rendered":"https:\/\/arcora.de\/de\/?post_type=product&#038;p=14356"},"modified":"2024-01-23T14:37:39","modified_gmt":"2024-01-23T13:37:39","slug":"excellent-blue-white-db-fc-mopp","status":"publish","type":"product","link":"https:\/\/arcora.de\/de\/produkt\/excellent-blue-white-db-fc-mopp\/","title":{"rendered":"EXCELLENT BLUE-WHITE DB-FC MOPP"},"content":{"rendered":"<p><strong>Besonderheiten:<\/strong><br \/>\nDer EXCELLENT BLUE-WHITE DB-FC \u00fcberzeugt dank des dicht gewebten Microfasergarns mit verbesserter Mechanik auf dem Boden und einer optimalen Vernetzung der Reinigungsl\u00f6sung. Die hochwertige gewebte Microfaser erm\u00f6glicht eine hervorragende Schmutz- und Wasseraufnahme sowie eine h\u00f6here Fl\u00e4chenleistung dank der Zusammensetzung des Garns. Das Leichtl\u00e4ufergarn, das den Boden nicht verkratzt, sorgt f\u00fcr ein ergonomisches und erm\u00fcdungsfreies Reinigen und Arbeiten. Das Deckblatt und die Taschen werden aus 100% gewebtem Polyestermaterial hergestellt. Die Schwammeinlage in den Taschen unterst\u00fctzt das Gleiten des Halters.<\/p>\n<p><strong>Anwendung:<\/strong><br \/>\nSowohl trocken als auch feucht anwendbar auf glatten, beschichteten und unbeschichteten Bodenbel\u00e4gen.<\/p>\n<p><strong>Anwendungsbereich:<\/strong><br \/>\nZur Unterhaltsreinigung, sowie Nass- und Trockenreinigung von jeglichen Oberfl\u00e4chen, wie elastischen Bel\u00e4gen, Hartbel\u00e4gen, Feinsteinzeug, Steinb\u00f6den, Fliesen, Laminatb\u00f6den und ideal f\u00fcr glatte und por\u00f6se Bodenbel\u00e4ge geeignet. Optimal f\u00fcr den Einsatz im Gesundheitswesen, Kliniken, Senioren- und Pflegeheimen sowie \u00f6ffentlichen Einrichtungen und Geb\u00e4udereinigung.<\/p>\n","protected":false},"excerpt":{"rendered":"<p>DER PREISWERTE ALLESK\u00d6NNER UNTER DEN WISCHBEZ\u00dcGEN!<\/p>\n<p>\u2022 Sehr gutes Preis-Leistungs-Verh\u00e4ltnis<br \/>\n\u2022 Verbesserte Mechanik auf dem Boden<br \/>\n\u2022 Optimale Vernetzung der Reinigungsl\u00f6sung<br \/>\n\u2022 F\u00fcr die Pr\u00e4paration geeignet<br \/>\n\u2022 Hohe Schmutz- und Wasseraufnahme<br \/>\n\u2022 Lange Lebensdauer durch hochwertiges Herstellungsverfahren<\/p>\n<p><a href=\"https:\/\/arcora.de\/de\/wp-content\/uploads\/2024\/01\/EXCELLENT-BLUE-WHITE-DB-FC.pdf\" target=\"_blank\" rel=\"noopener noreferrer\"><img loading=\"lazy\" decoding=\"async\" class=\"alignnone wp-image-6442\" src=\"https:\/\/arcora.de\/de\/wp-content\/uploads\/2019\/03\/Produkt.png\" alt=\"\" width=\"223\" height=\"38\" \/><\/a><\/p>\n","protected":false},"featured_media":14351,"template":"","meta":[],"product_brand":[],"product_cat":[147,139],"product_tag":[],"class_list":{"0":"post-14356","1":"product","2":"type-product","3":"status-publish","4":"has-post-thumbnail","6":"product_cat-microfasermopp","7":"product_cat-reinigungstextilien","9":"first","10":"instock","11":"shipping-taxable","12":"product-type-simple","13":"prodpage-classic"},"_links":{"self":[{"href":"https:\/\/arcora.de\/de\/wp-json\/wp\/v2\/product\/14356","targetHints":{"allow":["GET"]}}],"collection":[{"href":"https:\/\/arcora.de\/de\/wp-json\/wp\/v2\/product"}],"about":[{"href":"https:\/\/arcora.de\/de\/wp-json\/wp\/v2\/types\/product"}],"wp:featuredmedia":[{"embeddable":true,"href":"https:\/\/arcora.de\/de\/wp-json\/wp\/v2\/media\/14351"}],"wp:attachment":[{"href":"https:\/\/arcora.de\/de\/wp-json\/wp\/v2\/media?parent=14356"}],"wp:term":[{"taxonomy":"product_brand","embeddable":true,"href":"https:\/\/arcora.de\/de\/wp-json\/wp\/v2\/product_brand?post=14356"},{"taxonomy":"product_cat","embeddable":true,"href":"https:\/\/arcora.de\/de\/wp-json\/wp\/v2\/product_cat?post=14356"},{"taxonomy":"product_tag","embeddable":true,"href":"https:\/\/arcora.de\/de\/wp-json\/wp\/v2\/product_tag?post=14356"}],"curies":[{"name":"wp","href":"https:\/\/api.w.org\/{rel}","templated":true}]}}