{"id":14531,"date":"2024-04-29T14:10:13","date_gmt":"2024-04-29T12:10:13","guid":{"rendered":"https:\/\/arcora.de\/de\/?post_type=product&#038;p=14531"},"modified":"2025-10-29T13:19:58","modified_gmt":"2025-10-29T12:19:58","slug":"longlife-sponge-griffvliesschwamm","status":"publish","type":"product","link":"https:\/\/arcora.de\/de\/produkt\/longlife-sponge-griffvliesschwamm\/","title":{"rendered":"LONGLIFE SPONGE GRIFFVLIESSCHWAMM"},"content":{"rendered":"<p>Die robuste, langlebige LONGLIFE Schwammseite in orange dient zur Reinigung jeglicher Oberfl\u00e4chen, ohne diese zu verkratzen. Dank des LONGLIFE Polyesteranteils mit seiner festen, geschlossenen Struktur weist der Schwamm eine sehr gute Oberfl\u00e4chenbest\u00e4ndigkeit auf und ist gegen\u00fcber jeglicher Reibung und Mechanik widerstandsf\u00e4hig und bricht nicht. Gegen\u00fcber herk\u00f6mmlichen gefilzten ARCORA Schw\u00e4mmen ist der LONGLIFE SPONGE deutlich l\u00e4nger haltbar. Ein umweltfreundliches, hochwertiges und leistungsf\u00e4higes Multitalent.<\/p>\n","protected":false},"excerpt":{"rendered":"<p><strong>DER REINIGUNGSSCHWAMM DER NEUEN GENERATION<\/strong><\/p>\n<p>Der LONGLIFE SPONGE, der Reinigungsschwamm der neuen Generation, ist vielseitig einsetzbar und entfernt hartn\u00e4ckige Verschmutzungen m\u00fchelos.<\/p>\n<p>\u2022 Kratzfrei auf jeglichen Oberfl\u00e4chen<br \/>\n\u2022 Vielseitig einsetzbar: Einsatz verschiedener Schw\u00e4mme nicht notwendig<br \/>\n\u2022 Hervorragende Schmutzl\u00f6sekraft dank der LONGLIFE Schwammseite in orange<br \/>\n\u2022 Hohe Schmutz- und Wasseraufnahme<br \/>\n\u2022 Weist antibakterielle Eigenschaften auf<br \/>\n\u2022 Langlebig &amp; robust<br \/>\n\u2022 Mit Griffrille zur Schonung der H\u00e4nde und Fingern\u00e4gel<\/p>\n<p><a href=\"https:\/\/arcora.de\/de\/wp-content\/uploads\/2025\/10\/ARCORA_LONGLIFE-SPONGE.pdf\" target=\"_blank\" rel=\"noopener noreferrer\"><img loading=\"lazy\" decoding=\"async\" class=\"alignnone wp-image-6442\" src=\"https:\/\/arcora.de\/de\/wp-content\/uploads\/2019\/03\/Produkt.png\" alt=\"\" width=\"223\" height=\"38\" \/><\/a><br \/>\n<a href=\"https:\/\/www.youtube.com\/watch?v=TtNPrmzFPJw\" target=\"_blank\" rel=\"noopener noreferrer\"><img loading=\"lazy\" decoding=\"async\" class=\"alignnone wp-image-6442\" src=\"https:\/\/arcora.de\/de\/wp-content\/uploads\/2025\/01\/VIDEO.png\" alt=\"\" width=\"223\" height=\"38\" \/><\/a><\/p>\n","protected":false},"featured_media":15491,"template":"","meta":[],"product_brand":[],"product_cat":[139,155],"product_tag":[],"class_list":{"0":"post-14531","1":"product","2":"type-product","3":"status-publish","4":"has-post-thumbnail","6":"product_cat-reinigungstextilien","7":"product_cat-schwaemme","9":"first","10":"instock","11":"shipping-taxable","12":"product-type-simple","13":"prodpage-classic"},"_links":{"self":[{"href":"https:\/\/arcora.de\/de\/wp-json\/wp\/v2\/product\/14531","targetHints":{"allow":["GET"]}}],"collection":[{"href":"https:\/\/arcora.de\/de\/wp-json\/wp\/v2\/product"}],"about":[{"href":"https:\/\/arcora.de\/de\/wp-json\/wp\/v2\/types\/product"}],"wp:featuredmedia":[{"embeddable":true,"href":"https:\/\/arcora.de\/de\/wp-json\/wp\/v2\/media\/15491"}],"wp:attachment":[{"href":"https:\/\/arcora.de\/de\/wp-json\/wp\/v2\/media?parent=14531"}],"wp:term":[{"taxonomy":"product_brand","embeddable":true,"href":"https:\/\/arcora.de\/de\/wp-json\/wp\/v2\/product_brand?post=14531"},{"taxonomy":"product_cat","embeddable":true,"href":"https:\/\/arcora.de\/de\/wp-json\/wp\/v2\/product_cat?post=14531"},{"taxonomy":"product_tag","embeddable":true,"href":"https:\/\/arcora.de\/de\/wp-json\/wp\/v2\/product_tag?post=14531"}],"curies":[{"name":"wp","href":"https:\/\/api.w.org\/{rel}","templated":true}]}}