{"id":14588,"date":"2024-05-13T15:11:12","date_gmt":"2024-05-13T13:11:12","guid":{"rendered":"https:\/\/arcora.de\/de\/?post_type=product&#038;p=14588"},"modified":"2025-06-16T10:58:50","modified_gmt":"2025-06-16T08:58:50","slug":"ecoblack-mopp-klapphalter-v-standart-schwarz","status":"publish","type":"product","link":"https:\/\/arcora.de\/de\/produkt\/ecoblack-mopp-klapphalter-v-standart-schwarz\/","title":{"rendered":"ECOBLACK MOPP-KLAPPHALTER V-STANDARD SCHWARZ"},"content":{"rendered":"","protected":false},"excerpt":{"rendered":"<p>F\u00fcr alle handels\u00fcblichen Moppbez\u00fcge geeignet. Durch das optimierte Gewicht und die robuste Bauart sorgt der Klapphalter f\u00fcr ein ergonomisches Arbeiten.<\/p>\n<ul>\n<li>Hergestellt aus recycelten Materialien (ECOBALCK Technology)<\/li>\n<li>V-Standard (Spreizstellung)<\/li>\n<\/ul>\n","protected":false},"featured_media":14589,"template":"","meta":[],"product_brand":[],"product_cat":[161],"product_tag":[],"class_list":{"0":"post-14588","1":"product","2":"type-product","3":"status-publish","4":"has-post-thumbnail","6":"product_cat-mopp-klapphalter","8":"first","9":"instock","10":"shipping-taxable","11":"product-type-simple","12":"prodpage-classic"},"_links":{"self":[{"href":"https:\/\/arcora.de\/de\/wp-json\/wp\/v2\/product\/14588","targetHints":{"allow":["GET"]}}],"collection":[{"href":"https:\/\/arcora.de\/de\/wp-json\/wp\/v2\/product"}],"about":[{"href":"https:\/\/arcora.de\/de\/wp-json\/wp\/v2\/types\/product"}],"wp:featuredmedia":[{"embeddable":true,"href":"https:\/\/arcora.de\/de\/wp-json\/wp\/v2\/media\/14589"}],"wp:attachment":[{"href":"https:\/\/arcora.de\/de\/wp-json\/wp\/v2\/media?parent=14588"}],"wp:term":[{"taxonomy":"product_brand","embeddable":true,"href":"https:\/\/arcora.de\/de\/wp-json\/wp\/v2\/product_brand?post=14588"},{"taxonomy":"product_cat","embeddable":true,"href":"https:\/\/arcora.de\/de\/wp-json\/wp\/v2\/product_cat?post=14588"},{"taxonomy":"product_tag","embeddable":true,"href":"https:\/\/arcora.de\/de\/wp-json\/wp\/v2\/product_tag?post=14588"}],"curies":[{"name":"wp","href":"https:\/\/api.w.org\/{rel}","templated":true}]}}