{"id":14601,"date":"2024-05-14T16:57:36","date_gmt":"2024-05-14T14:57:36","guid":{"rendered":"https:\/\/arcora.de\/de\/?post_type=product&#038;p=14601"},"modified":"2024-08-08T13:31:42","modified_gmt":"2024-08-08T11:31:42","slug":"x-line-duo-moppbox","status":"publish","type":"product","link":"https:\/\/arcora.de\/de\/produkt\/x-line-duo-moppbox\/","title":{"rendered":"X-LINE DUO MOPPBOX"},"content":{"rendered":"","protected":false},"excerpt":{"rendered":"<p>IN GRAU MIT INKL: BODENSIEB<\/p>\n<p>Moppbox f\u00fcr alle ULTRA VELCRO Mopp Systeme in Gr\u00f6\u00dfe 40cm. Saubere trennung von pr\u00e4parierten Wischbez\u00fcgen f\u00fcr den Einsatz in unterschiedlichen Bereichen<\/p>\n","protected":false},"featured_media":14604,"template":"","meta":[],"product_brand":[],"product_cat":[169,175],"product_tag":[],"class_list":{"0":"post-14601","1":"product","2":"type-product","3":"status-publish","4":"has-post-thumbnail","6":"product_cat-reinigungswaegen-und-zubehoer","7":"product_cat-servicewagen","9":"first","10":"instock","11":"shipping-taxable","12":"product-type-simple","13":"prodpage-classic"},"_links":{"self":[{"href":"https:\/\/arcora.de\/de\/wp-json\/wp\/v2\/product\/14601","targetHints":{"allow":["GET"]}}],"collection":[{"href":"https:\/\/arcora.de\/de\/wp-json\/wp\/v2\/product"}],"about":[{"href":"https:\/\/arcora.de\/de\/wp-json\/wp\/v2\/types\/product"}],"wp:featuredmedia":[{"embeddable":true,"href":"https:\/\/arcora.de\/de\/wp-json\/wp\/v2\/media\/14604"}],"wp:attachment":[{"href":"https:\/\/arcora.de\/de\/wp-json\/wp\/v2\/media?parent=14601"}],"wp:term":[{"taxonomy":"product_brand","embeddable":true,"href":"https:\/\/arcora.de\/de\/wp-json\/wp\/v2\/product_brand?post=14601"},{"taxonomy":"product_cat","embeddable":true,"href":"https:\/\/arcora.de\/de\/wp-json\/wp\/v2\/product_cat?post=14601"},{"taxonomy":"product_tag","embeddable":true,"href":"https:\/\/arcora.de\/de\/wp-json\/wp\/v2\/product_tag?post=14601"}],"curies":[{"name":"wp","href":"https:\/\/api.w.org\/{rel}","templated":true}]}}