{"id":14607,"date":"2024-05-14T17:16:20","date_gmt":"2024-05-14T15:16:20","guid":{"rendered":"https:\/\/arcora.de\/de\/?post_type=product&#038;p=14607"},"modified":"2024-08-08T13:32:09","modified_gmt":"2024-08-08T11:32:09","slug":"x-line-single-moppbox","status":"publish","type":"product","link":"https:\/\/arcora.de\/de\/produkt\/x-line-single-moppbox\/","title":{"rendered":"X-LINE SINGLE MOPPBOX"},"content":{"rendered":"","protected":false},"excerpt":{"rendered":"<p>BLAU ODER ROT MIT DECKEL:<\/p>\n<p>Moppbox f\u00fcr alle ULTRA VELCRON Mopp Systeme in Gr\u00f6\u00dfe 40cm. Saubere Trennung von pr\u00e4parierten Wischbez\u00fcgen f\u00fcr den Einsatz in unterschiedlichen Berreichen.<\/p>\n","protected":false},"featured_media":14605,"template":"","meta":[],"product_brand":[],"product_cat":[169,175],"product_tag":[],"class_list":{"0":"post-14607","1":"product","2":"type-product","3":"status-publish","4":"has-post-thumbnail","6":"product_cat-reinigungswaegen-und-zubehoer","7":"product_cat-servicewagen","9":"first","10":"instock","11":"shipping-taxable","12":"product-type-simple","13":"prodpage-classic"},"_links":{"self":[{"href":"https:\/\/arcora.de\/de\/wp-json\/wp\/v2\/product\/14607","targetHints":{"allow":["GET"]}}],"collection":[{"href":"https:\/\/arcora.de\/de\/wp-json\/wp\/v2\/product"}],"about":[{"href":"https:\/\/arcora.de\/de\/wp-json\/wp\/v2\/types\/product"}],"wp:featuredmedia":[{"embeddable":true,"href":"https:\/\/arcora.de\/de\/wp-json\/wp\/v2\/media\/14605"}],"wp:attachment":[{"href":"https:\/\/arcora.de\/de\/wp-json\/wp\/v2\/media?parent=14607"}],"wp:term":[{"taxonomy":"product_brand","embeddable":true,"href":"https:\/\/arcora.de\/de\/wp-json\/wp\/v2\/product_brand?post=14607"},{"taxonomy":"product_cat","embeddable":true,"href":"https:\/\/arcora.de\/de\/wp-json\/wp\/v2\/product_cat?post=14607"},{"taxonomy":"product_tag","embeddable":true,"href":"https:\/\/arcora.de\/de\/wp-json\/wp\/v2\/product_tag?post=14607"}],"curies":[{"name":"wp","href":"https:\/\/api.w.org\/{rel}","templated":true}]}}